{"id":242542,"date":"2025-03-20T15:14:21","date_gmt":"2025-03-20T15:14:21","guid":{"rendered":"https:\/\/aromasentia.com\/product\/patchouli-50ml-essential-oil\/"},"modified":"2025-05-31T20:28:11","modified_gmt":"2025-05-31T20:28:11","slug":"aceite-esencial-50ml-pachuli","status":"publish","type":"product","link":"https:\/\/aromasentia.com\/es\/aceite-esencial-50ml-pachuli\/","title":{"rendered":"Aceite Esencial 50ml &#8211; Pachul\u00ed"},"content":{"rendered":"<p><strong>Nombre Latino: <\/strong>Pogostemon Cablin<\/p>\n<p><strong>Parte de la planta utilizada:<\/strong> Hojas Secas<\/p>\n<p><strong>Origen:<\/strong> Indonesia&nbsp;<\/p>\n<p><strong>Parte de la planta utilizada:<\/strong> Hojas Secas<\/p>\n<p style=\"text-align: justify;\">El aceite esencial de pachul\u00ed se extrae de la planta de cabellos Pogostemon de la familia de la menta y tiene un rico olor a almizcle dulce y picante. La planta es originaria de Malasia e India, donde se la conoce como &#39;puchaput&#39;. La palabra pachul\u00ed se deriva del tamil &#39;pachchaiilai&#39; que significa, simplemente, &#39;hoja verde&#39;. El aceite de pachul\u00ed se extrae de las hojas j\u00f3venes, que se secan y fermentan antes de la destilaci\u00f3n al vapor. Este aceite mejora su fragancia y potencia con la edad. Es muy valorado en el cuidado de la piel, especialmente en la cicatrizaci\u00f3n.<\/p>\n<p>En los pa\u00edses orientales, el aceite de pachul\u00ed se usa en popurr\u00ed y bolsitas entre la ropa y la ropa para la fragancia, as\u00ed como para mantener alejadas a las chinches e insectos. Se dice que el aceite tiene un efecto de equilibrio en las emociones y crea una atm\u00f3sfera amorosa. Cuando se usa en un quemador de aceite, alivia la ansiedad y la depresi\u00f3n. Utilizado en el agua del ba\u00f1o, se cree que ayuda con las quejas de la piel y el cuero cabelludo, las infecciones por hongos, la retenci\u00f3n de l\u00edquidos, descompone la celulitis y alivia el estre\u00f1imiento. Tiene excelentes propiedades de regeneraci\u00f3n de tejidos, acelera la curaci\u00f3n y combate las infecciones. Por lo tanto, ayuda con el acn\u00e9, el eccema, las llagas, las \u00falceras y el pie de atleta.<\/p>\n<p>Parece que el pachul\u00ed se coloc\u00f3 entre los chales indios de cachemir antes de ser enviado a la Inglaterra victoriana, para proteger la mercanc\u00eda de las polillas. Sin este olor caracter\u00edstico de hojas secas de pachul\u00ed, los chales no podr\u00edan venderse en Inglaterra. En Europa y Am\u00e9rica, el aceite de pachul\u00ed y el incienso fueron inmensamente populares en los a\u00f1os 60 y 70 entre los hippies, ya que el olor del pachul\u00ed cubr\u00eda el olor corporal y el olor a cannabis quemado. El pachul\u00ed se us\u00f3 como acondicionador para el cabello para las rastas. En muchos pa\u00edses asi\u00e1ticos, el pachul\u00ed tambi\u00e9n se usa como ant\u00eddoto contra la mordedura de serpiente.<\/p>\n","protected":false},"excerpt":{"rendered":"<p>Nombre Latino: Pogostemon Cablin Parte de la planta utilizada: Hojas Secas Origen: Indonesia&nbsp; Parte de la planta utilizada: Hojas Secas El aceite esencial de pachul\u00ed se extrae de la planta de cabellos Pogostemon de la familia de la menta y tiene un rico olor a almizcle dulce y picante. La planta es originaria de Malasia [&hellip;]<\/p>\n","protected":false},"featured_media":268112,"comment_status":"closed","ping_status":"open","template":"","meta":{"_angie_page":false},"product_brand":[27095],"product_cat":[23652,25844,16460,26332,26828],"product_tag":[],"class_list":{"0":"post-242542","1":"product","2":"type-product","3":"status-publish","4":"has-post-thumbnail","6":"product_brand-ancient-wisdom","7":"product_cat-aceites-esenciales","8":"product_cat-aromas","9":"product_cat-aromaterapia-y-fragancias-para-hogar","10":"product_cat-pachuli","11":"product_cat-terroso-verde","12":"pa_collection-50ml-essential-oil-es","13":"pa_made-in-indonesia","14":"pa_size-50ml","16":"first","17":"instock","18":"purchasable","19":"product-type-simple"},"supplier_id":null,"supplier_sku":"PrEO-10","barcode":null,"atum_controlled":true,"out_stock_date":null,"out_stock_threshold":null,"inheritable":false,"inbound_stock":null,"stock_on_hold":0,"sold_today":0,"sales_last_days":0,"reserved_stock":null,"customer_returns":null,"warehouse_damage":null,"lost_in_post":null,"other_logs":null,"out_stock_days":0,"lost_sales":0,"has_location":null,"update_date":"2026-04-27T07:18:14","atum_locations":[],"atum_stock_status":"instock","restock_status":false,"low_stock_amount":"","sales_update_date":"2026-01-30T01:26:17","calc_backorders":null,"_links":{"self":[{"href":"https:\/\/aromasentia.com\/es\/wp-json\/wp\/v2\/product\/242542","targetHints":{"allow":["GET"]}}],"collection":[{"href":"https:\/\/aromasentia.com\/es\/wp-json\/wp\/v2\/product"}],"about":[{"href":"https:\/\/aromasentia.com\/es\/wp-json\/wp\/v2\/types\/product"}],"replies":[{"embeddable":true,"href":"https:\/\/aromasentia.com\/es\/wp-json\/wp\/v2\/comments?post=242542"}],"version-history":[{"count":0,"href":"https:\/\/aromasentia.com\/es\/wp-json\/wp\/v2\/product\/242542\/revisions"}],"wp:featuredmedia":[{"embeddable":true,"href":"https:\/\/aromasentia.com\/es\/wp-json\/wp\/v2\/media\/268112"}],"wp:attachment":[{"href":"https:\/\/aromasentia.com\/es\/wp-json\/wp\/v2\/media?parent=242542"}],"wp:term":[{"taxonomy":"product_brand","embeddable":true,"href":"https:\/\/aromasentia.com\/es\/wp-json\/wp\/v2\/product_brand?post=242542"},{"taxonomy":"product_cat","embeddable":true,"href":"https:\/\/aromasentia.com\/es\/wp-json\/wp\/v2\/product_cat?post=242542"},{"taxonomy":"product_tag","embeddable":true,"href":"https:\/\/aromasentia.com\/es\/wp-json\/wp\/v2\/product_tag?post=242542"}],"curies":[{"name":"wp","href":"https:\/\/api.w.org\/{rel}","templated":true}]}}