{"id":242534,"date":"2025-03-20T15:14:21","date_gmt":"2025-03-20T15:14:21","guid":{"rendered":"https:\/\/aromasentia.com\/product\/geranium-50ml-essential-oil\/"},"modified":"2025-05-31T20:28:04","modified_gmt":"2025-05-31T20:28:04","slug":"aceite-esencial-50ml-geranio","status":"publish","type":"product","link":"https:\/\/aromasentia.com\/es\/aceite-esencial-50ml-geranio\/","title":{"rendered":"Aceite Esencial 50ml &#8211; Geranio"},"content":{"rendered":"<p><strong>Nombre Latino:<\/strong> Pelargonium Graveolens<\/p>\n<p><strong>Parte de la Planta Utilizada:<\/strong> Hojas, Tallos y Flores<\/p>\n<p><strong>Origen<\/strong>: Egipto<\/p>\n<p><strong>M\u00e9todo de Extracci\u00f3n<\/strong>: Destilaci\u00f3n al Vapor<\/p>\n<p style=\"text-align: justify;\">El aceite esencial de geranio se destila al vapor de las hojas y los tallos de la planta Pelargonium odoratissimum (geranio de manzana). Tiene un olor fuerte con un aroma floral y toques de menta y manzana. La caracter\u00edstica principal de este aceite es su capacidad para equilibrarse y elevarse, y se utiliza tanto para la mente como para el cuerpo, para aliviar<br \/>Una gran cantidad de dolencias.<\/p>\n<p>El aceite esencial de geranio ayuda a equilibrar la piel grasa y seca, y tambi\u00e9n provoca el equilibrio de la mente, aliviando el estr\u00e9s y la ansiedad. Se dice que funciona en la corteza suprarrenal, que tiene un efecto de equilibrio en el sistema hormonal. El aceite de geranio tiene<br \/>se ha utilizado para tratar el acn\u00e9, moretones, quemaduras, cortes, dermatitis, eczema, hemorroides, ti\u00f1a, \u00falceras, congesti\u00f3n mamaria, edema, mala circulaci\u00f3n, dolor de garganta, amigdalitis, s\u00edndrome premenstrual, problemas menop\u00e1usicos, estr\u00e9s y neuralgia. Su fuerte olor<br \/>ahuyenta a los mosquitos. Agregue unas gotas al champ\u00fa para deshacerse de los piojos.<\/p>\n<p><strong>Se cre\u00eda que estos geranios manten\u00edan alejados a los esp\u00edritus<\/strong> (\u00a1como lo hicieron los mosquitos!), Por lo que se plantaron alrededor de las casas como setos. Las plantas se originaron en Sud\u00e1frica, Reuni\u00f3n, Madagascar, Egipto y Marruecos y se introdujeron en pa\u00edses europeos en el siglo XVII. Aunque hay alrededor de 700 variedades de la planta, solo 10 suministran aceite esencial en cantidades viables. Las variedades plantadas en jardines generalmente producen muy poco aceite para usar en la extracci\u00f3n.<\/p>\n","protected":false},"excerpt":{"rendered":"<p>Nombre Latino: Pelargonium Graveolens Parte de la Planta Utilizada: Hojas, Tallos y Flores Origen: Egipto M\u00e9todo de Extracci\u00f3n: Destilaci\u00f3n al Vapor El aceite esencial de geranio se destila al vapor de las hojas y los tallos de la planta Pelargonium odoratissimum (geranio de manzana). Tiene un olor fuerte con un aroma floral y toques de [&hellip;]<\/p>\n","protected":false},"featured_media":268094,"comment_status":"closed","ping_status":"open","template":"","meta":{"_angie_page":false},"product_brand":[27095],"product_cat":[23652,25844,16460,26835,26189],"product_tag":[],"class_list":{"0":"post-242534","1":"product","2":"type-product","3":"status-publish","4":"has-post-thumbnail","6":"product_brand-ancient-wisdom","7":"product_cat-aceites-esenciales","8":"product_cat-aromas","9":"product_cat-aromaterapia-y-fragancias-para-hogar","10":"product_cat-floral","11":"product_cat-incienso","12":"pa_collection-50ml-essential-oil-es","13":"pa_made-in-egipto","14":"pa_size-50ml","16":"first","17":"instock","18":"purchasable","19":"product-type-simple"},"supplier_id":null,"supplier_sku":"PrEO-08","barcode":null,"atum_controlled":true,"out_stock_date":null,"out_stock_threshold":null,"inheritable":false,"inbound_stock":null,"stock_on_hold":0,"sold_today":0,"sales_last_days":0,"reserved_stock":null,"customer_returns":null,"warehouse_damage":null,"lost_in_post":null,"other_logs":null,"out_stock_days":0,"lost_sales":0,"has_location":null,"update_date":"2026-04-27T07:18:14","atum_locations":[],"atum_stock_status":"instock","restock_status":false,"low_stock_amount":"","sales_update_date":"2026-01-30T01:26:20","calc_backorders":null,"_links":{"self":[{"href":"https:\/\/aromasentia.com\/es\/wp-json\/wp\/v2\/product\/242534","targetHints":{"allow":["GET"]}}],"collection":[{"href":"https:\/\/aromasentia.com\/es\/wp-json\/wp\/v2\/product"}],"about":[{"href":"https:\/\/aromasentia.com\/es\/wp-json\/wp\/v2\/types\/product"}],"replies":[{"embeddable":true,"href":"https:\/\/aromasentia.com\/es\/wp-json\/wp\/v2\/comments?post=242534"}],"version-history":[{"count":0,"href":"https:\/\/aromasentia.com\/es\/wp-json\/wp\/v2\/product\/242534\/revisions"}],"wp:featuredmedia":[{"embeddable":true,"href":"https:\/\/aromasentia.com\/es\/wp-json\/wp\/v2\/media\/268094"}],"wp:attachment":[{"href":"https:\/\/aromasentia.com\/es\/wp-json\/wp\/v2\/media?parent=242534"}],"wp:term":[{"taxonomy":"product_brand","embeddable":true,"href":"https:\/\/aromasentia.com\/es\/wp-json\/wp\/v2\/product_brand?post=242534"},{"taxonomy":"product_cat","embeddable":true,"href":"https:\/\/aromasentia.com\/es\/wp-json\/wp\/v2\/product_cat?post=242534"},{"taxonomy":"product_tag","embeddable":true,"href":"https:\/\/aromasentia.com\/es\/wp-json\/wp\/v2\/product_tag?post=242534"}],"curies":[{"name":"wp","href":"https:\/\/api.w.org\/{rel}","templated":true}]}}