{"id":242518,"date":"2025-03-20T15:14:21","date_gmt":"2025-03-20T15:14:21","guid":{"rendered":"https:\/\/aromasentia.com\/product\/peppermint-50ml-essential-oil\/"},"modified":"2025-05-31T20:27:26","modified_gmt":"2025-05-31T20:27:26","slug":"aceite-esencial-50ml-menta","status":"publish","type":"product","link":"https:\/\/aromasentia.com\/es\/aceite-esencial-50ml-menta\/","title":{"rendered":"Aceite Esencial 50ml &#8211; Menta"},"content":{"rendered":"<p><strong>Nombre Latino:<\/strong> Mentha Piperita<\/p>\n<p><strong>Parte de la Planta Utilizada:<\/strong> Hierba Floreciente<\/p>\n<p><strong>Origen: <\/strong>India&nbsp;<\/p>\n<p><strong>M\u00e9todo de Extracci\u00f3n: <\/strong>Destilaci\u00f3n al Vapor<\/p>\n<p style=\"text-align: justify;\">Se dice que el aceite esencial de menta es bueno para dolencias como asma, c\u00f3licos, fiebre, flatulencia, dolor de cabeza, n\u00e1useas, congesti\u00f3n en el pecho y v\u00e9rtigo. Se supone que este aceite es excelente para la fatiga mental y la depresi\u00f3n, refrescante y estimulante con su contenido de mentol. Es bueno para la piel y se usa en lociones para tratar quemaduras solares, picaz\u00f3n o inflamaci\u00f3n de la piel. Ayuda a combatir el mal aliento y las infecciones de las enc\u00edas cuando se usa en enjuagues bucales. Cuando se usa en un quemador de aceite, no solo es terap\u00e9utico, sino que tambi\u00e9n mantiene alejados a los mosquitos y otros insectos.<\/p>\n<p>La menta es nativa del Mediterr\u00e1neo, pero ahora se cultiva en otros pa\u00edses de Europa, Am\u00e9rica y Asia. Los descubrimientos demuestran que la menta se ha usado desde la antig\u00fcedad en Egipto, Grecia, Roma, China y Jap\u00f3n. Seg\u00fan el mito griego, una ninfa llamada Mentha fue convertida, en un ataque de ira, en una planta de menta por la esposa de su amante Pers\u00e9fone. Seg\u00fan Plinio, la menta se us\u00f3 para coronar a los griegos y romanos durante las fiestas. Se ha utilizado con fines medicinales en Inglaterra durante los \u00faltimos siglos.<\/p>\n","protected":false},"excerpt":{"rendered":"<p>Nombre Latino: Mentha Piperita Parte de la Planta Utilizada: Hierba Floreciente Origen: India&nbsp; M\u00e9todo de Extracci\u00f3n: Destilaci\u00f3n al Vapor Se dice que el aceite esencial de menta es bueno para dolencias como asma, c\u00f3licos, fiebre, flatulencia, dolor de cabeza, n\u00e1useas, congesti\u00f3n en el pecho y v\u00e9rtigo. Se supone que este aceite es excelente para la [&hellip;]<\/p>\n","protected":false},"featured_media":268058,"comment_status":"closed","ping_status":"open","template":"","meta":{"_angie_page":false},"product_brand":[27095],"product_cat":[23652,25844,16460,26339,26877],"product_tag":[],"class_list":{"0":"post-242518","1":"product","2":"type-product","3":"status-publish","4":"has-post-thumbnail","6":"product_brand-ancient-wisdom","7":"product_cat-aceites-esenciales","8":"product_cat-aromas","9":"product_cat-aromaterapia-y-fragancias-para-hogar","10":"product_cat-menta-piperita","11":"product_cat-mentolado","12":"pa_collection-50ml-essential-oil-es","13":"pa_made-in-estados-unidos","14":"pa_size-50ml","16":"first","17":"instock","18":"purchasable","19":"product-type-simple"},"supplier_id":null,"supplier_sku":"PrEO-04","barcode":null,"atum_controlled":true,"out_stock_date":null,"out_stock_threshold":null,"inheritable":false,"inbound_stock":null,"stock_on_hold":0,"sold_today":0,"sales_last_days":0,"reserved_stock":null,"customer_returns":null,"warehouse_damage":null,"lost_in_post":null,"other_logs":null,"out_stock_days":0,"lost_sales":0,"has_location":null,"update_date":"2026-04-27T07:18:14","atum_locations":[],"atum_stock_status":"instock","restock_status":false,"low_stock_amount":"","sales_update_date":"2026-01-30T01:26:14","calc_backorders":null,"_links":{"self":[{"href":"https:\/\/aromasentia.com\/es\/wp-json\/wp\/v2\/product\/242518","targetHints":{"allow":["GET"]}}],"collection":[{"href":"https:\/\/aromasentia.com\/es\/wp-json\/wp\/v2\/product"}],"about":[{"href":"https:\/\/aromasentia.com\/es\/wp-json\/wp\/v2\/types\/product"}],"replies":[{"embeddable":true,"href":"https:\/\/aromasentia.com\/es\/wp-json\/wp\/v2\/comments?post=242518"}],"version-history":[{"count":0,"href":"https:\/\/aromasentia.com\/es\/wp-json\/wp\/v2\/product\/242518\/revisions"}],"wp:featuredmedia":[{"embeddable":true,"href":"https:\/\/aromasentia.com\/es\/wp-json\/wp\/v2\/media\/268058"}],"wp:attachment":[{"href":"https:\/\/aromasentia.com\/es\/wp-json\/wp\/v2\/media?parent=242518"}],"wp:term":[{"taxonomy":"product_brand","embeddable":true,"href":"https:\/\/aromasentia.com\/es\/wp-json\/wp\/v2\/product_brand?post=242518"},{"taxonomy":"product_cat","embeddable":true,"href":"https:\/\/aromasentia.com\/es\/wp-json\/wp\/v2\/product_cat?post=242518"},{"taxonomy":"product_tag","embeddable":true,"href":"https:\/\/aromasentia.com\/es\/wp-json\/wp\/v2\/product_tag?post=242518"}],"curies":[{"name":"wp","href":"https:\/\/api.w.org\/{rel}","templated":true}]}}