{"id":242514,"date":"2025-03-20T15:14:21","date_gmt":"2025-03-20T15:14:21","guid":{"rendered":"https:\/\/aromasentia.com\/product\/eucalyptus-50ml-essential-oil\/"},"modified":"2025-05-31T20:27:23","modified_gmt":"2025-05-31T20:27:23","slug":"aceite-esencial-50ml-eucalipto","status":"publish","type":"product","link":"https:\/\/aromasentia.com\/es\/aceite-esencial-50ml-eucalipto\/","title":{"rendered":"Aceite Esencial 50ml &#8211; Eucalipto"},"content":{"rendered":"<p><strong>Nombre Latino:<\/strong>Eucalyptus Globulus<\/p>\n<p><strong>Parte de la Planta Utilizada:<\/strong> Hojas y Ramitas<\/p>\n<p><strong>Origen:<\/strong>China<\/p>\n<p><strong>M\u00e9todo de Extracci\u00f3n:<\/strong> Destilaci\u00f3n al Vapor<\/p>\n<p style=\"text-align: justify;\">El aceite esencial de eucalipto es un l\u00edquido concentrado que contiene compuestos arom\u00e1ticos vol\u00e1tiles del \u00e1rbol de eucalipto globulus. Generalmente se destila, a veces se expresa o se extrae con solvente. Se dice que el aceite esencial de eucalipto es antibacteriano, desinfectante y analg\u00e9sico. Se ha utilizado para aliviar la tos, los resfriados y otros problemas respiratorios. Alivia dolores musculares y articulares, y ayuda a curar heridas, quemaduras, \u00falceras y picaduras de insectos. En aromaterapia, se dice que el eucalipto promueve la actividad, la vitalidad y la energ\u00eda.<\/p>\n<p><strong>Para problemas respiratorios,<\/strong> se pueden inhalar unas pocas gotas de este aceite en un pa\u00f1o por la boca y exhalar por la nariz durante medio minuto. Se aplica directamente sobre llagas, erupciones y picaduras de insectos. Agregue unas gotas al agua de su ba\u00f1o para sentirse vigorizado y refrescado. Remoje sus pies doloridos en un recipiente con agua tibia con 4-5 gotas de este aceite para aliviarlo. Se dice que unas pocas gotas de aceite en un difusor matan g\u00e9rmenes y bacterias en el aire, una buena idea para una habitaci\u00f3n enferma. El aceite esencial de eucalipto es solo para uso externo; siempre consulte a un profesional autorizado cuando lo use como un remedio para la salud.<\/p>\n<p>Se ha entendido que los aceites esenciales han jugado un papel en la curaci\u00f3n en la antig\u00fcedad en Egipto, China y otras partes del mundo. Se dice que son la forma m\u00e1s antigua de medicina y cosm\u00e9tica, ya que se destilan de las plantas, no implican procesos o maquinaria complicados, pero no obstante son un arte. Por sus propiedades curativas y arom\u00e1ticas, se consideraban m\u00e1s valiosos que el oro para los antiguos.<\/p>\n","protected":false},"excerpt":{"rendered":"<p>Nombre Latino:Eucalyptus Globulus Parte de la Planta Utilizada: Hojas y Ramitas Origen:China M\u00e9todo de Extracci\u00f3n: Destilaci\u00f3n al Vapor El aceite esencial de eucalipto es un l\u00edquido concentrado que contiene compuestos arom\u00e1ticos vol\u00e1tiles del \u00e1rbol de eucalipto globulus. Generalmente se destila, a veces se expresa o se extrae con solvente. Se dice que el aceite esencial [&hellip;]<\/p>\n","protected":false},"featured_media":268049,"comment_status":"closed","ping_status":"open","template":"","meta":{"_angie_page":false},"product_brand":[27095],"product_cat":[23652,25844,16460,26178,26870],"product_tag":[],"class_list":{"0":"post-242514","1":"product","2":"type-product","3":"status-publish","4":"has-post-thumbnail","6":"product_brand-ancient-wisdom","7":"product_cat-aceites-esenciales","8":"product_cat-aromas","9":"product_cat-aromaterapia-y-fragancias-para-hogar","10":"product_cat-eucalipto","11":"product_cat-medicinal-alcanforado","12":"pa_collection-50ml-essential-oil-es","13":"pa_made-in-china","14":"pa_size-50ml","16":"first","17":"instock","18":"purchasable","19":"product-type-simple"},"supplier_id":null,"supplier_sku":"PrEO-03","barcode":null,"atum_controlled":true,"out_stock_date":null,"out_stock_threshold":null,"inheritable":false,"inbound_stock":null,"stock_on_hold":0,"sold_today":0,"sales_last_days":0,"reserved_stock":null,"customer_returns":null,"warehouse_damage":null,"lost_in_post":null,"other_logs":null,"out_stock_days":0,"lost_sales":0,"has_location":null,"update_date":"2026-05-08T05:16:51","atum_locations":[],"atum_stock_status":"instock","restock_status":false,"low_stock_amount":"","sales_update_date":"2026-01-30T01:26:14","calc_backorders":null,"_links":{"self":[{"href":"https:\/\/aromasentia.com\/es\/wp-json\/wp\/v2\/product\/242514","targetHints":{"allow":["GET"]}}],"collection":[{"href":"https:\/\/aromasentia.com\/es\/wp-json\/wp\/v2\/product"}],"about":[{"href":"https:\/\/aromasentia.com\/es\/wp-json\/wp\/v2\/types\/product"}],"replies":[{"embeddable":true,"href":"https:\/\/aromasentia.com\/es\/wp-json\/wp\/v2\/comments?post=242514"}],"version-history":[{"count":0,"href":"https:\/\/aromasentia.com\/es\/wp-json\/wp\/v2\/product\/242514\/revisions"}],"wp:featuredmedia":[{"embeddable":true,"href":"https:\/\/aromasentia.com\/es\/wp-json\/wp\/v2\/media\/268049"}],"wp:attachment":[{"href":"https:\/\/aromasentia.com\/es\/wp-json\/wp\/v2\/media?parent=242514"}],"wp:term":[{"taxonomy":"product_brand","embeddable":true,"href":"https:\/\/aromasentia.com\/es\/wp-json\/wp\/v2\/product_brand?post=242514"},{"taxonomy":"product_cat","embeddable":true,"href":"https:\/\/aromasentia.com\/es\/wp-json\/wp\/v2\/product_cat?post=242514"},{"taxonomy":"product_tag","embeddable":true,"href":"https:\/\/aromasentia.com\/es\/wp-json\/wp\/v2\/product_tag?post=242514"}],"curies":[{"name":"wp","href":"https:\/\/api.w.org\/{rel}","templated":true}]}}