{"id":242510,"date":"2025-03-20T15:14:21","date_gmt":"2025-03-20T15:14:21","guid":{"rendered":"https:\/\/aromasentia.com\/product\/tea-tree-50ml-essential-oil\/"},"modified":"2025-05-31T20:27:21","modified_gmt":"2025-05-31T20:27:21","slug":"aceite-esencial-50ml-arbol-de-te","status":"publish","type":"product","link":"https:\/\/aromasentia.com\/es\/aceite-esencial-50ml-arbol-de-te\/","title":{"rendered":"Aceite Esencial 50ml &#8211; \u00c1rbol de t\u00e9"},"content":{"rendered":"<p><strong>Nombre Latino: <\/strong>Malaleuca Alternifolia<\/p>\n<p><strong>Parte de la planta utilizada:<\/strong> hojas y ramitas<\/p>\n<p><strong>Origen:<\/strong> Australia<\/p>\n<p><strong>M\u00e9todo de extracci\u00f3n:<\/strong> destilaci\u00f3n al vapor<\/p>\n<p>En los primeros tiempos, parece que las hojas de este \u00e1rbol se infunden para hacer t\u00e9, que es como surgi\u00f3 el nombre. El aceite esencial de \u00e1rbol de t\u00e9 son los compuestos l\u00edquidos concentrados destilados al vapor de las hojas del \u00e1rbol Melaleuca alternifolia, que es nativo de la costa noreste de Nueva Gales del Sur, Australia. Se afirma que el aceite tiene valiosas propiedades antis\u00e9pticas y antif\u00fangicas debido a los componentes llamados terpenoides, y actualmente se usa en muchos productos y medicamentos para el cuidado personal.<\/p>\n<p>Se dice que el aceite esencial de \u00e1rbol de t\u00e9 es bueno para aliviar la congesti\u00f3n, el resfriado, la tos y la gripe. Se ha utilizado para curar el acn\u00e9, infecciones f\u00fangicas, caspa, infecciones vaginales, hemorroides, pie de atleta, y se cree que alivia los m\u00fasculos doloridos y las lesiones en las articulaciones. Cuando se agrega al agua del ba\u00f1o, ayuda a controlar las bacterias. El aceite de \u00e1rbol de t\u00e9 no debe tomarse internamente. Por lo general, se usa solo en adultos y debe mantenerse alejado de los ni\u00f1os y las mascotas. No lo use si est\u00e1 embarazada o lactando.<\/p>\n<p><strong>El \u00e1rbol del t\u00e9 es conocido por sus propiedades medicinales<\/strong> desde la antig\u00fcedad en el este de Australia. Se sabe que los abor\u00edgenes australianos han estado utilizando las hojas trituradas para curar cortes, quemaduras, llagas e infecciones durante cientos de a\u00f1os. Inhalaron los aceites de las hojas trituradas para aliviar la tos y los resfriados. Rociaron este aceite sobre las heridas y le aplicaron una cataplasma. Infundieron las hojas e hicieron t\u00e9 para calmar el dolor de garganta. Fue entre 1920 y 1930 que el aceite esencial de este \u00e1rbol comenz\u00f3 a ser conocido y utilizado por sus propiedades antimicrobianas en Europa.<\/p>\n","protected":false},"excerpt":{"rendered":"<p>Nombre Latino: Malaleuca Alternifolia Parte de la planta utilizada: hojas y ramitas Origen: Australia M\u00e9todo de extracci\u00f3n: destilaci\u00f3n al vapor En los primeros tiempos, parece que las hojas de este \u00e1rbol se infunden para hacer t\u00e9, que es como surgi\u00f3 el nombre. El aceite esencial de \u00e1rbol de t\u00e9 son los compuestos l\u00edquidos concentrados destilados [&hellip;]<\/p>\n","protected":false},"featured_media":268040,"comment_status":"closed","ping_status":"open","template":"","meta":{"_angie_page":false},"product_brand":[27095],"product_cat":[23652,26410,25844,16460,26870],"product_tag":[],"class_list":{"0":"post-242510","1":"product","2":"type-product","3":"status-publish","4":"has-post-thumbnail","6":"product_brand-ancient-wisdom","7":"product_cat-aceites-esenciales","8":"product_cat-arbol-de-te","9":"product_cat-aromas","10":"product_cat-aromaterapia-y-fragancias-para-hogar","11":"product_cat-medicinal-alcanforado","12":"pa_collection-50ml-essential-oil-es","13":"pa_made-in-australia","14":"pa_size-50ml","16":"first","17":"instock","18":"purchasable","19":"product-type-simple"},"supplier_id":null,"supplier_sku":"PrEO-02","barcode":null,"atum_controlled":true,"out_stock_date":null,"out_stock_threshold":null,"inheritable":false,"inbound_stock":null,"stock_on_hold":0,"sold_today":0,"sales_last_days":0,"reserved_stock":null,"customer_returns":null,"warehouse_damage":null,"lost_in_post":null,"other_logs":null,"out_stock_days":0,"lost_sales":0,"has_location":null,"update_date":"2026-05-08T05:16:51","atum_locations":[],"atum_stock_status":"instock","restock_status":false,"low_stock_amount":"","sales_update_date":"2026-01-30T01:26:15","calc_backorders":null,"_links":{"self":[{"href":"https:\/\/aromasentia.com\/es\/wp-json\/wp\/v2\/product\/242510","targetHints":{"allow":["GET"]}}],"collection":[{"href":"https:\/\/aromasentia.com\/es\/wp-json\/wp\/v2\/product"}],"about":[{"href":"https:\/\/aromasentia.com\/es\/wp-json\/wp\/v2\/types\/product"}],"replies":[{"embeddable":true,"href":"https:\/\/aromasentia.com\/es\/wp-json\/wp\/v2\/comments?post=242510"}],"version-history":[{"count":0,"href":"https:\/\/aromasentia.com\/es\/wp-json\/wp\/v2\/product\/242510\/revisions"}],"wp:featuredmedia":[{"embeddable":true,"href":"https:\/\/aromasentia.com\/es\/wp-json\/wp\/v2\/media\/268040"}],"wp:attachment":[{"href":"https:\/\/aromasentia.com\/es\/wp-json\/wp\/v2\/media?parent=242510"}],"wp:term":[{"taxonomy":"product_brand","embeddable":true,"href":"https:\/\/aromasentia.com\/es\/wp-json\/wp\/v2\/product_brand?post=242510"},{"taxonomy":"product_cat","embeddable":true,"href":"https:\/\/aromasentia.com\/es\/wp-json\/wp\/v2\/product_cat?post=242510"},{"taxonomy":"product_tag","embeddable":true,"href":"https:\/\/aromasentia.com\/es\/wp-json\/wp\/v2\/product_tag?post=242510"}],"curies":[{"name":"wp","href":"https:\/\/api.w.org\/{rel}","templated":true}]}}