{"id":242494,"date":"2025-03-20T15:14:41","date_gmt":"2025-03-20T15:14:41","guid":{"rendered":"https:\/\/aromasentia.com\/product\/ginger-50ml-essential-oil\/"},"modified":"2025-05-31T20:27:11","modified_gmt":"2025-05-31T20:27:11","slug":"aceite-esencial-50ml-jengibre","status":"publish","type":"product","link":"https:\/\/aromasentia.com\/es\/aceite-esencial-50ml-jengibre\/","title":{"rendered":"Aceite Esencial 50ml &#8211; Jengibre"},"content":{"rendered":"<p><strong>Nombre latino: <\/strong>Zingiber Officinale<\/p>\n<p><strong>Parte de la planta utilizada:<\/strong> ra\u00edz<\/p>\n<p><strong>Fuente:<\/strong> India<\/p>\n<p><strong>M\u00e9todo de extracci\u00f3n: <\/strong>destilaci\u00f3n al vapor<\/p>\n<p><\/p>\n<p style=\"text-align: justify;\">El aceite esencial de jengibre se extrae de la planta Zingiberaceae officinale, tambi\u00e9n conocida como jengibre com\u00fan o jengibre de Jamaica. El nombre de jengibre se deriva del lugar llamado Gingi en el estado de Tamil Nadu, India, y la palabra tamil para jengibre, inji-ver. El aceite se extrae por destilaci\u00f3n al vapor de la ra\u00edz molida sin pelar o seca de la planta. Es un aceite que se calienta y es particularmente bueno para la digesti\u00f3n y para combatir las n\u00e1useas y los v\u00f3mitos.<\/p>\n<p style=\"text-align: justify;\"><strong><br \/><\/strong><\/p>\n<p style=\"text-align: justify;\"><strong>El aceite de jengibre tiene muchas propiedades terap\u00e9uticas.<\/strong> Se utiliza en el tratamiento de fracturas, aliviando el dolor del reumatismo, la artritis y los carbuncos. Ayuda con resacas, mareos, resfriados, gripe, tos, sinusitis, dolor de garganta, llagas en la piel, diarrea, c\u00f3lico, calambres, escalofr\u00edos y fiebre. Utilizado en un vaporizador, este aceite combate la soledad y la depresi\u00f3n, y sus propiedades energizantes lo convierten en un buen afrodis\u00edaco. Ponga una gota de aceite en un pa\u00f1uelo e inhale para controlar las n\u00e1useas, el mareo y los resfriados.<\/p>\n<p style=\"text-align: justify;\"><strong><br \/><\/strong><\/p>\n<p style=\"text-align: justify;\"><strong>El jengibre tiene sus or\u00edgenes en India, China y Java, pero tambi\u00e9n es originario de \u00e1frica y las Antillas.<\/strong> Los textos en s\u00e1nscrito y chino mencionan el uso del jengibre como medicina. Tambi\u00e9n se menciona en la literatura griega, romana y \u00e1rabe antigua. El jengibre seco se usa para dolores de est\u00f3mago, diarrea, problemas de garganta y n\u00e1useas. Los chinos tambi\u00e9n lo usan para estimular el coraz\u00f3n y reducir la mucosidad y la flema.<\/p>\n","protected":false},"excerpt":{"rendered":"<p>Nombre latino: Zingiber Officinale Parte de la planta utilizada: ra\u00edz Fuente: India M\u00e9todo de extracci\u00f3n: destilaci\u00f3n al vapor El aceite esencial de jengibre se extrae de la planta Zingiberaceae officinale, tambi\u00e9n conocida como jengibre com\u00fan o jengibre de Jamaica. El nombre de jengibre se deriva del lugar llamado Gingi en el estado de Tamil Nadu, [&hellip;]<\/p>\n","protected":false},"featured_media":268254,"comment_status":"closed","ping_status":"open","template":"","meta":{"_angie_page":false},"product_brand":[27095],"product_cat":[23652,25844,16460,26891,26192],"product_tag":[],"class_list":{"0":"post-242494","1":"product","2":"type-product","3":"status-publish","4":"has-post-thumbnail","6":"product_brand-ancient-wisdom","7":"product_cat-aceites-esenciales","8":"product_cat-aromas","9":"product_cat-aromaterapia-y-fragancias-para-hogar","10":"product_cat-especiado","11":"product_cat-geranio","12":"pa_collection-50ml-essential-oil-es","13":"pa_made-in-india","14":"pa_size-50ml","16":"first","17":"instock","18":"purchasable","19":"product-type-simple"},"supplier_id":null,"supplier_sku":"PrEO-24","barcode":null,"atum_controlled":true,"out_stock_date":null,"out_stock_threshold":null,"inheritable":false,"inbound_stock":null,"stock_on_hold":0,"sold_today":0,"sales_last_days":0,"reserved_stock":null,"customer_returns":null,"warehouse_damage":null,"lost_in_post":null,"other_logs":null,"out_stock_days":0,"lost_sales":0,"has_location":null,"update_date":"2026-04-27T07:18:20","atum_locations":[],"atum_stock_status":"instock","restock_status":false,"low_stock_amount":"","sales_update_date":"2026-02-06T00:02:06","calc_backorders":null,"_links":{"self":[{"href":"https:\/\/aromasentia.com\/es\/wp-json\/wp\/v2\/product\/242494","targetHints":{"allow":["GET"]}}],"collection":[{"href":"https:\/\/aromasentia.com\/es\/wp-json\/wp\/v2\/product"}],"about":[{"href":"https:\/\/aromasentia.com\/es\/wp-json\/wp\/v2\/types\/product"}],"replies":[{"embeddable":true,"href":"https:\/\/aromasentia.com\/es\/wp-json\/wp\/v2\/comments?post=242494"}],"version-history":[{"count":0,"href":"https:\/\/aromasentia.com\/es\/wp-json\/wp\/v2\/product\/242494\/revisions"}],"wp:featuredmedia":[{"embeddable":true,"href":"https:\/\/aromasentia.com\/es\/wp-json\/wp\/v2\/media\/268254"}],"wp:attachment":[{"href":"https:\/\/aromasentia.com\/es\/wp-json\/wp\/v2\/media?parent=242494"}],"wp:term":[{"taxonomy":"product_brand","embeddable":true,"href":"https:\/\/aromasentia.com\/es\/wp-json\/wp\/v2\/product_brand?post=242494"},{"taxonomy":"product_cat","embeddable":true,"href":"https:\/\/aromasentia.com\/es\/wp-json\/wp\/v2\/product_cat?post=242494"},{"taxonomy":"product_tag","embeddable":true,"href":"https:\/\/aromasentia.com\/es\/wp-json\/wp\/v2\/product_tag?post=242494"}],"curies":[{"name":"wp","href":"https:\/\/api.w.org\/{rel}","templated":true}]}}