{"id":242490,"date":"2025-03-20T15:14:41","date_gmt":"2025-03-20T15:14:41","guid":{"rendered":"https:\/\/aromasentia.com\/product\/cypress-50ml-essential-oil\/"},"modified":"2025-05-31T20:27:09","modified_gmt":"2025-05-31T20:27:09","slug":"aceite-esencial-50ml-cipres","status":"publish","type":"product","link":"https:\/\/aromasentia.com\/es\/aceite-esencial-50ml-cipres\/","title":{"rendered":"Aceite Esencial 50ml &#8211; Cipr\u00e9s"},"content":{"rendered":"<p><strong>Nombre latino:<\/strong> Cupressus Sempervirens<\/p>\n<p><strong>Parte de la planta utilizada: <\/strong>agujas y ramitas<\/p>\n<p><strong>Fuente: <\/strong>espa\u00f1a<\/p>\n<p><strong>M\u00e9todo de extracci\u00f3n: <\/strong>destilaci\u00f3n al vapor<\/p>\n<p><\/p>\n<p style=\"text-align: justify;\"><strong>El aceite esencial de cipr\u00e9s se extrae por destilaci\u00f3n al vapor del cipr\u00e9s italiano o mediterr\u00e1neo<\/strong>. El aceite se toma de las agujas y ramitas de las ramas j\u00f3venes de estos \u00e1rboles que se hicieron famosas por las pinturas de Van Gogh. Se dice que el aceite esencial de cipr\u00e9s calma las emociones fuertes como la ira y, por lo tanto, es \u00fatil tenerlo durante los cambios importantes en la vida.<\/p>\n<p style=\"text-align: justify;\"><\/p>\n<p style=\"text-align: justify;\"><strong>Este aceite esencial funciona como vasoconstrictor, ayudando a las venas varicosas y las hemorroides<\/strong>. Se supone que funciona bien para aliviar todas las condiciones de exceso de l\u00edquido, como menstruaci\u00f3n abundante, sudoraci\u00f3n excesiva, tos, bronquitis, hemorragia y retenci\u00f3n de l\u00edquidos. Este aceite alivia los calambres musculares, ayuda a regular el ciclo menstrual y alivia la artritis y el dolor reum\u00e1tico. Use este aceite en un vaporizador para calmar la mente, as\u00ed como para cualquier problema respiratorio como asma, bronquitis, tos ferina. Se puede usar en diluci\u00f3n en una compresa fr\u00eda para detener las hemorragias nasales.<\/p>\n<p style=\"text-align: justify;\"><strong><br \/><\/strong><\/p>\n<p style=\"text-align: justify;\"><strong>El cipr\u00e9s se considera un \u00e1rbol de luto seg\u00fan la mitolog\u00eda griega y, por esta raz\u00f3n, a menudo se cultiva en cementerios.<\/strong> Tambi\u00e9n est\u00e1 asociado con el dios del inframundo, Hades. Los fenicios y los cretenses utilizaron la madera de este \u00e1rbol para construir barcos y casas. Los egipcios elaboraron sarc\u00f3fagos y los griegos tallaron estatuas de sus dioses con \u00e9l. La leyenda dice que la cruz de Jesucristo fue hecha de esta madera, otra raz\u00f3n por la cual el cipr\u00e9s est\u00e1 conectado a la muerte. Ir\u00f3nicamente, el nombre bot\u00e1nico de cipr\u00e9s se deriva del griego &#39;Sempervirens&#39;, que significa &#39;vivir para siempre&#39;.<\/p>\n","protected":false},"excerpt":{"rendered":"<p>Nombre latino: Cupressus Sempervirens Parte de la planta utilizada: agujas y ramitas Fuente: espa\u00f1a M\u00e9todo de extracci\u00f3n: destilaci\u00f3n al vapor El aceite esencial de cipr\u00e9s se extrae por destilaci\u00f3n al vapor del cipr\u00e9s italiano o mediterr\u00e1neo. El aceite se toma de las agujas y ramitas de las ramas j\u00f3venes de estos \u00e1rboles que se hicieron [&hellip;]<\/p>\n","protected":false},"featured_media":268245,"comment_status":"closed","ping_status":"open","template":"","meta":{"_angie_page":false},"product_brand":[27095],"product_cat":[23652,26898,25844,16460,26167],"product_tag":[],"class_list":{"0":"post-242490","1":"product","2":"type-product","3":"status-publish","4":"has-post-thumbnail","6":"product_brand-ancient-wisdom","7":"product_cat-aceites-esenciales","8":"product_cat-amaderado","9":"product_cat-aromas","10":"product_cat-aromaterapia-y-fragancias-para-hogar","11":"product_cat-cipres","12":"pa_collection-50ml-essential-oil-es","13":"pa_made-in-espana","14":"pa_size-50ml","16":"first","17":"instock","18":"purchasable","19":"product-type-simple"},"supplier_id":null,"supplier_sku":"PrEO-23","barcode":null,"atum_controlled":true,"out_stock_date":null,"out_stock_threshold":null,"inheritable":false,"inbound_stock":0,"stock_on_hold":0,"sold_today":0,"sales_last_days":0,"reserved_stock":0,"customer_returns":0,"warehouse_damage":0,"lost_in_post":0,"other_logs":0,"out_stock_days":0,"lost_sales":0,"has_location":false,"update_date":"2026-04-27T07:18:20","atum_locations":[],"atum_stock_status":"instock","restock_status":false,"low_stock_amount":"","sales_update_date":"2026-01-20T05:14:33","calc_backorders":null,"_links":{"self":[{"href":"https:\/\/aromasentia.com\/es\/wp-json\/wp\/v2\/product\/242490","targetHints":{"allow":["GET"]}}],"collection":[{"href":"https:\/\/aromasentia.com\/es\/wp-json\/wp\/v2\/product"}],"about":[{"href":"https:\/\/aromasentia.com\/es\/wp-json\/wp\/v2\/types\/product"}],"replies":[{"embeddable":true,"href":"https:\/\/aromasentia.com\/es\/wp-json\/wp\/v2\/comments?post=242490"}],"version-history":[{"count":0,"href":"https:\/\/aromasentia.com\/es\/wp-json\/wp\/v2\/product\/242490\/revisions"}],"wp:featuredmedia":[{"embeddable":true,"href":"https:\/\/aromasentia.com\/es\/wp-json\/wp\/v2\/media\/268245"}],"wp:attachment":[{"href":"https:\/\/aromasentia.com\/es\/wp-json\/wp\/v2\/media?parent=242490"}],"wp:term":[{"taxonomy":"product_brand","embeddable":true,"href":"https:\/\/aromasentia.com\/es\/wp-json\/wp\/v2\/product_brand?post=242490"},{"taxonomy":"product_cat","embeddable":true,"href":"https:\/\/aromasentia.com\/es\/wp-json\/wp\/v2\/product_cat?post=242490"},{"taxonomy":"product_tag","embeddable":true,"href":"https:\/\/aromasentia.com\/es\/wp-json\/wp\/v2\/product_tag?post=242490"}],"curies":[{"name":"wp","href":"https:\/\/api.w.org\/{rel}","templated":true}]}}