{"id":242486,"date":"2025-03-20T15:14:41","date_gmt":"2025-03-20T15:14:41","guid":{"rendered":"https:\/\/aromasentia.com\/product\/clove-leaf-50ml-essential-oil\/"},"modified":"2025-05-31T20:27:06","modified_gmt":"2025-05-31T20:27:06","slug":"aceite-esencial-50ml-hoja-de-clavo","status":"publish","type":"product","link":"https:\/\/aromasentia.com\/es\/aceite-esencial-50ml-hoja-de-clavo\/","title":{"rendered":"Aceite Esencial 50ml &#8211; Hoja de clavo"},"content":{"rendered":"<p><strong>Nombre latino:<\/strong> Eugenia Caryophyllata<\/p>\n<p><strong>Parte de la planta utilizada:<\/strong> hojas<\/p>\n<p><strong>Fuente: <\/strong>Madagascar<\/p>\n<p><strong>M\u00e9todo de extracci\u00f3n: <\/strong>destilaci\u00f3n al vapor<\/p>\n<p style=\"text-align: justify;\"><\/p>\n<p style=\"text-align: justify;\">El aceite de clavo&nbsp;se extrae generalmente por destilaci\u00f3n al vapor de las hojas, el tallo y los brotes del \u00e1rbol Eugenia caryophyllata, que es nativo de Indonesia y las islas Malacca. Este es un aceite potente con un olor c\u00e1lido, fuerte y picante y debe usarse muy diluido y con mucho cuidado en aromaterapia.<\/p>\n<p style=\"text-align: justify;\"><\/p>\n<p style=\"text-align: justify;\">El aceite esencial de clavo&nbsp;se puede usar para curar o aliviar el acn\u00e9, moretones, cortes y quemaduras, llagas en las piernas y como un analg\u00e9sico para el reumatismo y la artritis. Se dice que tambi\u00e9n es bueno para el sistema digestivo, ya que ayuda con v\u00f3mitos, diarrea, flatulencia, espasmos y par\u00e1sitos. Se considera valioso para aliviar<\/p>\n<p style=\"text-align: justify;\">problemas respiratorios como bronquitis, asma y tuberculosis. En aromaterapia, este aceite esencial estimula la mente y act\u00faa como un afrodis\u00edaco. Elimina el agotamiento mental y la fatiga, e induce el sue\u00f1o en los insomnes.<\/p>\n<p style=\"text-align: justify;\"><\/p>\n<p style=\"text-align: justify;\"><strong>Los clavos se usaron popularmente en la antigua India y China. <\/strong>Se cree que la medicina china antigua usaba clavos para tratar la indigesti\u00f3n, diarrea, hernia, pie de atleta e infecciones f\u00fangicas. Se ha utilizado para tratar \u00falceras bucales, dolor de muelas y como refrescante del aliento desde la antig\u00fcedad en estos pa\u00edses. Fue una de las primeras especias que se comercializaron. Se dice que los comerciantes \u00e1rabes introdujeron clavos en Europa durante los d\u00edas del Imperio Romano.<\/p>\n","protected":false},"excerpt":{"rendered":"<p>Nombre latino: Eugenia Caryophyllata Parte de la planta utilizada: hojas Fuente: Madagascar M\u00e9todo de extracci\u00f3n: destilaci\u00f3n al vapor El aceite de clavo&nbsp;se extrae generalmente por destilaci\u00f3n al vapor de las hojas, el tallo y los brotes del \u00e1rbol Eugenia caryophyllata, que es nativo de Indonesia y las islas Malacca. Este es un aceite potente con [&hellip;]<\/p>\n","protected":false},"featured_media":268236,"comment_status":"closed","ping_status":"open","template":"","meta":{"_angie_page":false},"product_brand":[27095],"product_cat":[23652,25844,16460,26821,26150],"product_tag":[],"class_list":{"0":"post-242486","1":"product","2":"type-product","3":"status-publish","4":"has-post-thumbnail","6":"product_brand-ancient-wisdom","7":"product_cat-aceites-esenciales","8":"product_cat-aromas","9":"product_cat-aromaterapia-y-fragancias-para-hogar","10":"product_cat-citrico","11":"product_cat-hoja-de-clavo","12":"pa_collection-50ml-essential-oil-es","13":"pa_made-in-indonesia","14":"pa_size-50ml","16":"first","17":"instock","18":"purchasable","19":"product-type-simple"},"supplier_id":null,"supplier_sku":"PrEO-22","barcode":null,"atum_controlled":true,"out_stock_date":null,"out_stock_threshold":null,"inheritable":false,"inbound_stock":0,"stock_on_hold":0,"sold_today":0,"sales_last_days":0,"reserved_stock":0,"customer_returns":0,"warehouse_damage":0,"lost_in_post":0,"other_logs":0,"out_stock_days":0,"lost_sales":0,"has_location":false,"update_date":"2026-05-08T05:16:51","atum_locations":[],"atum_stock_status":"instock","restock_status":false,"low_stock_amount":"","sales_update_date":"2025-09-05T00:18:02","calc_backorders":null,"_links":{"self":[{"href":"https:\/\/aromasentia.com\/es\/wp-json\/wp\/v2\/product\/242486","targetHints":{"allow":["GET"]}}],"collection":[{"href":"https:\/\/aromasentia.com\/es\/wp-json\/wp\/v2\/product"}],"about":[{"href":"https:\/\/aromasentia.com\/es\/wp-json\/wp\/v2\/types\/product"}],"replies":[{"embeddable":true,"href":"https:\/\/aromasentia.com\/es\/wp-json\/wp\/v2\/comments?post=242486"}],"version-history":[{"count":0,"href":"https:\/\/aromasentia.com\/es\/wp-json\/wp\/v2\/product\/242486\/revisions"}],"wp:featuredmedia":[{"embeddable":true,"href":"https:\/\/aromasentia.com\/es\/wp-json\/wp\/v2\/media\/268236"}],"wp:attachment":[{"href":"https:\/\/aromasentia.com\/es\/wp-json\/wp\/v2\/media?parent=242486"}],"wp:term":[{"taxonomy":"product_brand","embeddable":true,"href":"https:\/\/aromasentia.com\/es\/wp-json\/wp\/v2\/product_brand?post=242486"},{"taxonomy":"product_cat","embeddable":true,"href":"https:\/\/aromasentia.com\/es\/wp-json\/wp\/v2\/product_cat?post=242486"},{"taxonomy":"product_tag","embeddable":true,"href":"https:\/\/aromasentia.com\/es\/wp-json\/wp\/v2\/product_tag?post=242486"}],"curies":[{"name":"wp","href":"https:\/\/api.w.org\/{rel}","templated":true}]}}