{"id":242482,"date":"2025-03-20T15:14:41","date_gmt":"2025-03-20T15:14:41","guid":{"rendered":"https:\/\/aromasentia.com\/product\/cinnamon-50ml-essential-oil\/"},"modified":"2025-05-31T20:27:04","modified_gmt":"2025-05-31T20:27:04","slug":"aceite-esencial-50ml-canela","status":"publish","type":"product","link":"https:\/\/aromasentia.com\/es\/aceite-esencial-50ml-canela\/","title":{"rendered":"Aceite Esencial 50ml &#8211; Canela"},"content":{"rendered":"<p><strong>Nombre latino:<\/strong> Cinnamomum Zeylanicum<\/p>\n<p><strong>Parte de la planta utilizada: <\/strong>hojas y ramitas<\/p>\n<p><strong>Fuente: <\/strong>Sri Lanka<\/p>\n<p><strong>M\u00e9todo de extracci\u00f3n: <\/strong>destilaci\u00f3n al vapor<\/p>\n<p><\/p>\n<p style=\"text-align: justify;\">El aceite esencial de canela se extrae por destilaci\u00f3n al vapor del \u00e1rbol Cinnamomum zeylanicum, tambi\u00e9n llamado canela de Ceil\u00e1n o canela verdadera. Hay dos tipos de aceites esenciales extra\u00eddos: uno de las hojas, que es m\u00e1s suave, de color amarillo a marr\u00f3n claro, y se usa con mayor frecuencia en aromaterapia; y el otro de la corteza, que es de color marr\u00f3n oscuro y no se prefiere com\u00fanmente en aromaterapia.<\/p>\n<p style=\"text-align: justify;\"><strong><br \/><\/strong><\/p>\n<p style=\"text-align: justify;\"><strong>El aceite de canela es calmante con potentes propiedades antis\u00e9pticas. <\/strong>Cuando se usa en un quemador de aceite, se dice que este aceite ayuda con los resfriados y la bronquitis y alivia la depresi\u00f3n. Se usa para ayudar con la bronquitis, diarrea, escalofr\u00edos, infecciones, gripe, reumatismo y artritis cuando se usa en el agua del ba\u00f1o o se mezcla con un aceite de masaje. Alivia las n\u00e1useas y los v\u00f3mitos. Estimula el sistema glandular y, por lo tanto, reduce el dolor menstrual. Evite el aceite de la hoja durante el embarazo. El aceite de corteza es muy fuerte y solo debe usarse diluido, bajo supervisi\u00f3n experta.<\/p>\n<p style=\"text-align: justify;\"><\/p>\n<p style=\"text-align: justify;\">El \u00e1rbol de la canela es nativo del subcontinente indio y ha sido un importante elemento de comercio durante siglos entre India, China y Egipto. La fuente de canela fue un misterio para el mundo occidental durante mucho tiempo. Seg\u00fan Her\u00f3doto y otros autores, Arabia era la fuente de la canela. La historia cuenta que los p\u00e1jaros gigantes de canela recogieron palitos de canela para sus nidos en un lugar misterioso donde crec\u00edan \u00e1rboles de canela. Los \u00e1rabes luego enga\u00f1aron a los p\u00e1jaros y les sacaron la canela. Esta era la creencia hasta 1310 en Bizancio.<\/p>\n","protected":false},"excerpt":{"rendered":"<p>Nombre latino: Cinnamomum Zeylanicum Parte de la planta utilizada: hojas y ramitas Fuente: Sri Lanka M\u00e9todo de extracci\u00f3n: destilaci\u00f3n al vapor El aceite esencial de canela se extrae por destilaci\u00f3n al vapor del \u00e1rbol Cinnamomum zeylanicum, tambi\u00e9n llamado canela de Ceil\u00e1n o canela verdadera. Hay dos tipos de aceites esenciales extra\u00eddos: uno de las hojas, [&hellip;]<\/p>\n","protected":false},"featured_media":268227,"comment_status":"closed","ping_status":"open","template":"","meta":{"_angie_page":false},"product_brand":[27095],"product_cat":[23652,25844,16460,26132,26891],"product_tag":[],"class_list":{"0":"post-242482","1":"product","2":"type-product","3":"status-publish","4":"has-post-thumbnail","6":"product_brand-ancient-wisdom","7":"product_cat-aceites-esenciales","8":"product_cat-aromas","9":"product_cat-aromaterapia-y-fragancias-para-hogar","10":"product_cat-canela","11":"product_cat-especiado","12":"pa_collection-50ml-essential-oil-es","13":"pa_made-in-sri-lanka","14":"pa_size-50ml","16":"first","17":"instock","18":"purchasable","19":"product-type-simple"},"supplier_id":null,"supplier_sku":"PrEO-21","barcode":null,"atum_controlled":true,"out_stock_date":null,"out_stock_threshold":null,"inheritable":false,"inbound_stock":null,"stock_on_hold":0,"sold_today":0,"sales_last_days":0,"reserved_stock":null,"customer_returns":null,"warehouse_damage":null,"lost_in_post":null,"other_logs":null,"out_stock_days":0,"lost_sales":0,"has_location":null,"update_date":"2026-04-27T07:18:20","atum_locations":[],"atum_stock_status":"instock","restock_status":false,"low_stock_amount":"","sales_update_date":"2025-09-05T00:18:02","calc_backorders":null,"_links":{"self":[{"href":"https:\/\/aromasentia.com\/es\/wp-json\/wp\/v2\/product\/242482","targetHints":{"allow":["GET"]}}],"collection":[{"href":"https:\/\/aromasentia.com\/es\/wp-json\/wp\/v2\/product"}],"about":[{"href":"https:\/\/aromasentia.com\/es\/wp-json\/wp\/v2\/types\/product"}],"replies":[{"embeddable":true,"href":"https:\/\/aromasentia.com\/es\/wp-json\/wp\/v2\/comments?post=242482"}],"version-history":[{"count":0,"href":"https:\/\/aromasentia.com\/es\/wp-json\/wp\/v2\/product\/242482\/revisions"}],"wp:featuredmedia":[{"embeddable":true,"href":"https:\/\/aromasentia.com\/es\/wp-json\/wp\/v2\/media\/268227"}],"wp:attachment":[{"href":"https:\/\/aromasentia.com\/es\/wp-json\/wp\/v2\/media?parent=242482"}],"wp:term":[{"taxonomy":"product_brand","embeddable":true,"href":"https:\/\/aromasentia.com\/es\/wp-json\/wp\/v2\/product_brand?post=242482"},{"taxonomy":"product_cat","embeddable":true,"href":"https:\/\/aromasentia.com\/es\/wp-json\/wp\/v2\/product_cat?post=242482"},{"taxonomy":"product_tag","embeddable":true,"href":"https:\/\/aromasentia.com\/es\/wp-json\/wp\/v2\/product_tag?post=242482"}],"curies":[{"name":"wp","href":"https:\/\/api.w.org\/{rel}","templated":true}]}}