{"id":242478,"date":"2025-03-20T15:14:41","date_gmt":"2025-03-20T15:14:41","guid":{"rendered":"https:\/\/aromasentia.com\/product\/citronella-50ml-essential-oil\/"},"modified":"2025-05-31T20:27:00","modified_gmt":"2025-05-31T20:27:00","slug":"aceite-esencial-50ml-citronela","status":"publish","type":"product","link":"https:\/\/aromasentia.com\/es\/aceite-esencial-50ml-citronela\/","title":{"rendered":"Aceite Esencial 50ml &#8211; Citronela"},"content":{"rendered":"<p><strong>Nombre Latino: <\/strong>Cymbopogon Nardus<br \/><strong>Parte de la planta utilizada:<\/strong> hierba seca<br \/><strong>Fuente:<\/strong> Java<br \/><strong>M\u00e9todo de extracci\u00f3n:<\/strong> destilaci\u00f3n al vapor<\/p>\n<p style=\"text-align: justify;\">El aceite de citronela se destila al vapor de las hojas y tallos de las especies de plantas Cymbopogon, especialmente Cymbopogon nardus. El aceite esencial de citronela es famoso como un repelente de insectos a base de plantas, un bioplaguicida con un modo de acci\u00f3n no t\u00f3xico, y se ha registrado para este uso en EE. UU. Desde 1948. Los principales pa\u00edses que producen este aceite son Indonesia y China, quienes juntos producen alrededor del 40% del aceite esencial de citronela del mundo.<\/p>\n<p><strong>Adem\u00e1s de ser \u00fatil como repelente de insectos para la piel,<\/strong> este aceite es bueno para la transpiraci\u00f3n excesiva, la piel y el cabello grasos, y funciona como un desodorante. Se dice que alivia el dolor debido al reumatismo y la artritis, y resiste la gripe, los resfriados y las infecciones menores. El aceite es bueno para que el sistema digestivo cure la colitis, las infecciones intestinales y elimine los par\u00e1sitos intestinales. Alivia los calambres y el dolor menstruales, y acelera los latidos del coraz\u00f3n. Utilizado en un vaporizador, se sabe que disipa la fatiga, los dolores de cabeza y la neuralgia, y crea un estado de \u00e1nimo y optimismo. Evite su uso durante el embarazo y en ni\u00f1os menores de 3 a\u00f1os. No lo consuma internamente.<\/p>\n<p>Las culturas antiguas de la India, Egipto y otros lugares, donde crec\u00edan las especies de gram\u00edneas Cymbopogon, las usaban para repeler insectos, especialmente mosquitos. En aquellos tiempos, la gente se asentaba cerca de r\u00edos y cuerpos de agua. Si bien esto fue algo bueno en muchos sentidos, tambi\u00e9n signific\u00f3 una gran cantidad de insectos, mosquitos, que causaron enfermedades y mataron personas. Entonces, el uso de esta hierba como repelente era una cuesti\u00f3n de vida o muerte en ese momento.<\/p>\n","protected":false},"excerpt":{"rendered":"<p>Nombre Latino: Cymbopogon NardusParte de la planta utilizada: hierba secaFuente: JavaM\u00e9todo de extracci\u00f3n: destilaci\u00f3n al vapor El aceite de citronela se destila al vapor de las hojas y tallos de las especies de plantas Cymbopogon, especialmente Cymbopogon nardus. El aceite esencial de citronela es famoso como un repelente de insectos a base de plantas, un [&hellip;]<\/p>\n","protected":false},"featured_media":268218,"comment_status":"closed","ping_status":"open","template":"","meta":{"_angie_page":false},"product_brand":[27095],"product_cat":[23652,25844,16460,26821,26137],"product_tag":[],"class_list":{"0":"post-242478","1":"product","2":"type-product","3":"status-publish","4":"has-post-thumbnail","6":"product_brand-ancient-wisdom","7":"product_cat-aceites-esenciales","8":"product_cat-aromas","9":"product_cat-aromaterapia-y-fragancias-para-hogar","10":"product_cat-citrico","11":"product_cat-citronela","12":"pa_collection-50ml-essential-oil-es","13":"pa_made-in-vietnam","14":"pa_size-50ml","16":"first","17":"instock","18":"purchasable","19":"product-type-simple"},"supplier_id":null,"supplier_sku":"PrEO-20","barcode":null,"atum_controlled":true,"out_stock_date":null,"out_stock_threshold":null,"inheritable":false,"inbound_stock":null,"stock_on_hold":0,"sold_today":0,"sales_last_days":0,"reserved_stock":null,"customer_returns":null,"warehouse_damage":null,"lost_in_post":null,"other_logs":null,"out_stock_days":0,"lost_sales":0,"has_location":null,"update_date":"2026-04-27T07:18:20","atum_locations":[],"atum_stock_status":"instock","restock_status":false,"low_stock_amount":"","sales_update_date":"2026-01-20T05:14:08","calc_backorders":null,"_links":{"self":[{"href":"https:\/\/aromasentia.com\/es\/wp-json\/wp\/v2\/product\/242478","targetHints":{"allow":["GET"]}}],"collection":[{"href":"https:\/\/aromasentia.com\/es\/wp-json\/wp\/v2\/product"}],"about":[{"href":"https:\/\/aromasentia.com\/es\/wp-json\/wp\/v2\/types\/product"}],"replies":[{"embeddable":true,"href":"https:\/\/aromasentia.com\/es\/wp-json\/wp\/v2\/comments?post=242478"}],"version-history":[{"count":0,"href":"https:\/\/aromasentia.com\/es\/wp-json\/wp\/v2\/product\/242478\/revisions"}],"wp:featuredmedia":[{"embeddable":true,"href":"https:\/\/aromasentia.com\/es\/wp-json\/wp\/v2\/media\/268218"}],"wp:attachment":[{"href":"https:\/\/aromasentia.com\/es\/wp-json\/wp\/v2\/media?parent=242478"}],"wp:term":[{"taxonomy":"product_brand","embeddable":true,"href":"https:\/\/aromasentia.com\/es\/wp-json\/wp\/v2\/product_brand?post=242478"},{"taxonomy":"product_cat","embeddable":true,"href":"https:\/\/aromasentia.com\/es\/wp-json\/wp\/v2\/product_cat?post=242478"},{"taxonomy":"product_tag","embeddable":true,"href":"https:\/\/aromasentia.com\/es\/wp-json\/wp\/v2\/product_tag?post=242478"}],"curies":[{"name":"wp","href":"https:\/\/api.w.org\/{rel}","templated":true}]}}