{"id":242474,"date":"2025-03-20T15:14:41","date_gmt":"2025-03-20T15:14:41","guid":{"rendered":"https:\/\/aromasentia.com\/product\/chamomile-pure-50ml-essential-oil\/"},"modified":"2025-05-31T20:26:57","modified_gmt":"2025-05-31T20:26:57","slug":"aceite-esencial-50ml-camomila-puro","status":"publish","type":"product","link":"https:\/\/aromasentia.com\/es\/aceite-esencial-50ml-camomila-puro\/","title":{"rendered":"Aceite Esencial 50ml &#8211; Camomila Puro"},"content":{"rendered":"<p><strong>Nombre Latino:<\/strong>&nbsp;Anthemis Nobilis<\/p>\n<p><strong>Parte de la planta utilizada:<\/strong> Flores<\/p>\n<p><strong>Origen : <\/strong>Inglaterra&nbsp;<\/p>\n<p><strong>M\u00e9todo de extracci\u00f3n: <\/strong>destilaci\u00f3n al vapor<\/p>\n<p style=\"text-align: justify;\"><strong>La manzanilla romana produce un aceite esencial que es azul claro cuando est\u00e1 fresco.<\/strong> Se puede extraer de la flor y las partes superiores de la planta. Tiene excelentes propiedades calmantes y se dice que alivia la irritaci\u00f3n, la impaciencia y ayuda al s\u00edndrome premenstrual y otros problemas menstruales y menop\u00e1usicos. La manzanilla romana es de hoja perenne con olor a manzana fresca, y se cultiva principalmente en Francia, B\u00e9lgica y Europa del Este.<\/p>\n<p>Esta hierba es excelente para problemas de la piel como acn\u00e9, eccema, erupciones cut\u00e1neas, heridas, dermatitis, piel seca \/ con picaz\u00f3n y cualquier alergia. Se dice que es bueno para el dolor abdominal, problemas de ves\u00edcula biliar e infecciones de garganta, y ayuda a aliviar las alergias, la fiebre del heno y el asma. Este aceite es \u00fatil en soluciones diluidas para calmar a los ni\u00f1os que sufren de c\u00f3lico, irritabilidad, diarrea y dentici\u00f3n. En un vaporizador, calma los dolores de cabeza, las molestias nerviosas y las migra\u00f1as. Si bien este aceite es lo suficientemente suave como para usarlo con ni\u00f1os y beb\u00e9s, siempre consulte a un experto antes de administrarlo.<\/p>\n<p>El uso medicinal de la manzanilla se remonta miles de a\u00f1os a los antiguos egipcios, romanos y griegos. Los egipcios lo dedicaron al dios del sol. Un documento de papiro que data del 2800 aC registra el uso de la manzanilla para tratar trastornos de la piel. El aceite de manzanilla se us\u00f3 para embalsamar cuerpos. Se dice que Hip\u00f3crates, el gran m\u00e9dico griego, us\u00f3 la manzanilla como remedio herbal. En la mitolog\u00eda, la manzanilla es una de las nueve hierbas sagradas dadas por Wodan, el dios del inframundo, a los mortales para mejorar sus vidas.<\/p>\n","protected":false},"excerpt":{"rendered":"<p>Nombre Latino:&nbsp;Anthemis Nobilis Parte de la planta utilizada: Flores Origen : Inglaterra&nbsp; M\u00e9todo de extracci\u00f3n: destilaci\u00f3n al vapor La manzanilla romana produce un aceite esencial que es azul claro cuando est\u00e1 fresco. Se puede extraer de la flor y las partes superiores de la planta. Tiene excelentes propiedades calmantes y se dice que alivia la [&hellip;]<\/p>\n","protected":false},"featured_media":268209,"comment_status":"closed","ping_status":"open","template":"","meta":{"_angie_page":false},"product_brand":[27095],"product_cat":[23652,25844,16460,26835,26128],"product_tag":[],"class_list":{"0":"post-242474","1":"product","2":"type-product","3":"status-publish","4":"has-post-thumbnail","6":"product_brand-ancient-wisdom","7":"product_cat-aceites-esenciales","8":"product_cat-aromas","9":"product_cat-aromaterapia-y-fragancias-para-hogar","10":"product_cat-floral","11":"product_cat-manzanilla-romana","12":"pa_collection-50ml-essential-oil-es","13":"pa_made-in-chile","14":"pa_size-50ml","16":"first","17":"instock","18":"purchasable","19":"product-type-simple"},"supplier_id":null,"supplier_sku":"PrEO-19","barcode":null,"atum_controlled":true,"out_stock_date":null,"out_stock_threshold":null,"inheritable":false,"inbound_stock":null,"stock_on_hold":0,"sold_today":0,"sales_last_days":0,"reserved_stock":null,"customer_returns":null,"warehouse_damage":null,"lost_in_post":null,"other_logs":null,"out_stock_days":0,"lost_sales":0,"has_location":null,"update_date":"2026-04-27T07:18:20","atum_locations":[],"atum_stock_status":"instock","restock_status":false,"low_stock_amount":"","sales_update_date":"2026-01-30T01:26:05","calc_backorders":null,"_links":{"self":[{"href":"https:\/\/aromasentia.com\/es\/wp-json\/wp\/v2\/product\/242474","targetHints":{"allow":["GET"]}}],"collection":[{"href":"https:\/\/aromasentia.com\/es\/wp-json\/wp\/v2\/product"}],"about":[{"href":"https:\/\/aromasentia.com\/es\/wp-json\/wp\/v2\/types\/product"}],"replies":[{"embeddable":true,"href":"https:\/\/aromasentia.com\/es\/wp-json\/wp\/v2\/comments?post=242474"}],"version-history":[{"count":0,"href":"https:\/\/aromasentia.com\/es\/wp-json\/wp\/v2\/product\/242474\/revisions"}],"wp:featuredmedia":[{"embeddable":true,"href":"https:\/\/aromasentia.com\/es\/wp-json\/wp\/v2\/media\/268209"}],"wp:attachment":[{"href":"https:\/\/aromasentia.com\/es\/wp-json\/wp\/v2\/media?parent=242474"}],"wp:term":[{"taxonomy":"product_brand","embeddable":true,"href":"https:\/\/aromasentia.com\/es\/wp-json\/wp\/v2\/product_brand?post=242474"},{"taxonomy":"product_cat","embeddable":true,"href":"https:\/\/aromasentia.com\/es\/wp-json\/wp\/v2\/product_cat?post=242474"},{"taxonomy":"product_tag","embeddable":true,"href":"https:\/\/aromasentia.com\/es\/wp-json\/wp\/v2\/product_tag?post=242474"}],"curies":[{"name":"wp","href":"https:\/\/api.w.org\/{rel}","templated":true}]}}