{"id":242466,"date":"2025-03-20T15:14:41","date_gmt":"2025-03-20T15:14:41","guid":{"rendered":"https:\/\/aromasentia.com\/product\/frankincense-dilute-50ml-essential-oil\/"},"modified":"2025-05-31T20:26:51","modified_gmt":"2025-05-31T20:26:51","slug":"aceite-esencial-50ml-incienso-diluido","status":"publish","type":"product","link":"https:\/\/aromasentia.com\/es\/aceite-esencial-50ml-incienso-diluido\/","title":{"rendered":"Aceite Esencial 50ml &#8211; Incienso Diluido"},"content":{"rendered":"<p><strong>Nombre Latino:<\/strong> Boswellia Carterii<\/p>\n<p><strong>Parte de la planta utilizada:<\/strong> Resina<\/p>\n<p><strong>Origen: <\/strong>Oman&nbsp;<\/p>\n<p><strong>M\u00e9todo de extracci\u00f3n:<\/strong> Destilaci\u00f3n al Vapor<\/p>\n<p style=\"text-align: justify;\"><strong>5% de diluci\u00f3n en aceite de semilla de uva<\/strong><\/p>\n<p>El aceite esencial de incienso&nbsp;se destila al vapor de la resina del \u00e1rbol Boswellia carterii, de la familia Burseraceae, y tambi\u00e9n se conoce como Olibanum. La palabra se deriva del franco franc\u00e9s que significa exuberante, y fue, junto con la mirra, la primera goma de mascar utilizada como incienso. El \u00e1rbol es ind\u00edgena del Medio Oriente, y se dice que existe en la formaci\u00f3n natural de bonsai en esa tierra seca. Se dice que el incienso simboliza la divinidad.<\/p>\n<p><strong>Este aceite es el m\u00e1s popular en aromaterapia por sus propiedades calmantes<\/strong>. Se dice que ayuda a curar heridas y prevenir cicatrices. Se utiliza para tonificar la cara, eliminar arrugas y evitar las estr\u00edas en los productos cosm\u00e9ticos. El aceite esencial de incienso se ha utilizado para aliviar la ansiedad, el estr\u00e9s, el asma, la bronquitis, la laringitis y la tos fuerte. Es un t\u00f3nico general para el \u00fatero, tiene un efecto calmante durante el parto y ayuda a aliviar la menstruaci\u00f3n abundante. Es m\u00e1s \u00fatil durante la meditaci\u00f3n. Evitar durante el embarazo.<\/p>\n<p><strong>Los antiguos egipcios quemaban incienso como incienso sagrado y lo usaban como m\u00e1scara facial. <\/strong>Molieron la resina quemada en un polvo llamado kohl, usado para resaltar los ojos. Los ojos con l\u00edneas de Kohl se ven com\u00fanmente en el arte egipcio. El primer registro de uso de incienso se encontr\u00f3 en una inscripci\u00f3n en la tumba de la reina egipcia Hatshepsut del siglo XV a. C. Fue utilizado para fumigar a los enfermos, para desterrar a los esp\u00edritus malignos.<\/p>\n","protected":false},"excerpt":{"rendered":"<p>Nombre Latino: Boswellia Carterii Parte de la planta utilizada: Resina Origen: Oman&nbsp; M\u00e9todo de extracci\u00f3n: Destilaci\u00f3n al Vapor 5% de diluci\u00f3n en aceite de semilla de uva El aceite esencial de incienso&nbsp;se destila al vapor de la resina del \u00e1rbol Boswellia carterii, de la familia Burseraceae, y tambi\u00e9n se conoce como Olibanum. La palabra se [&hellip;]<\/p>\n","protected":false},"featured_media":268191,"comment_status":"closed","ping_status":"open","template":"","meta":{"_angie_page":false},"product_brand":[27095],"product_cat":[23652,25844,16460,26196,26884],"product_tag":[],"class_list":{"0":"post-242466","1":"product","2":"type-product","3":"status-publish","4":"has-post-thumbnail","6":"product_brand-ancient-wisdom","7":"product_cat-aceites-esenciales","8":"product_cat-aromas","9":"product_cat-aromaterapia-y-fragancias-para-hogar","10":"product_cat-jengibre","11":"product_cat-resinoso-balsamico","12":"pa_collection-50ml-essential-oil-es","13":"pa_made-in-somalia","14":"pa_size-50ml","16":"first","17":"instock","18":"purchasable","19":"product-type-simple"},"supplier_id":null,"supplier_sku":"PrEO-17","barcode":null,"atum_controlled":true,"out_stock_date":null,"out_stock_threshold":null,"inheritable":false,"inbound_stock":null,"stock_on_hold":0,"sold_today":0,"sales_last_days":0,"reserved_stock":null,"customer_returns":null,"warehouse_damage":null,"lost_in_post":null,"other_logs":null,"out_stock_days":0,"lost_sales":0,"has_location":null,"update_date":"2026-05-08T05:16:51","atum_locations":[],"atum_stock_status":"instock","restock_status":false,"low_stock_amount":"","sales_update_date":"2025-09-05T00:18:02","calc_backorders":null,"_links":{"self":[{"href":"https:\/\/aromasentia.com\/es\/wp-json\/wp\/v2\/product\/242466","targetHints":{"allow":["GET"]}}],"collection":[{"href":"https:\/\/aromasentia.com\/es\/wp-json\/wp\/v2\/product"}],"about":[{"href":"https:\/\/aromasentia.com\/es\/wp-json\/wp\/v2\/types\/product"}],"replies":[{"embeddable":true,"href":"https:\/\/aromasentia.com\/es\/wp-json\/wp\/v2\/comments?post=242466"}],"version-history":[{"count":0,"href":"https:\/\/aromasentia.com\/es\/wp-json\/wp\/v2\/product\/242466\/revisions"}],"wp:featuredmedia":[{"embeddable":true,"href":"https:\/\/aromasentia.com\/es\/wp-json\/wp\/v2\/media\/268191"}],"wp:attachment":[{"href":"https:\/\/aromasentia.com\/es\/wp-json\/wp\/v2\/media?parent=242466"}],"wp:term":[{"taxonomy":"product_brand","embeddable":true,"href":"https:\/\/aromasentia.com\/es\/wp-json\/wp\/v2\/product_brand?post=242466"},{"taxonomy":"product_cat","embeddable":true,"href":"https:\/\/aromasentia.com\/es\/wp-json\/wp\/v2\/product_cat?post=242466"},{"taxonomy":"product_tag","embeddable":true,"href":"https:\/\/aromasentia.com\/es\/wp-json\/wp\/v2\/product_tag?post=242466"}],"curies":[{"name":"wp","href":"https:\/\/api.w.org\/{rel}","templated":true}]}}