{"id":242462,"date":"2025-03-20T15:14:41","date_gmt":"2025-03-20T15:14:41","guid":{"rendered":"https:\/\/aromasentia.com\/product\/fennel-50ml-essential-oil\/"},"modified":"2025-05-31T20:26:47","modified_gmt":"2025-05-31T20:26:47","slug":"aceite-esencial-50ml-hinojo","status":"publish","type":"product","link":"https:\/\/aromasentia.com\/es\/aceite-esencial-50ml-hinojo\/","title":{"rendered":"Aceite Esencial 50ml &#8211; Hinojo"},"content":{"rendered":"<p><strong>Nombre Latino:<\/strong> Foeniculum Vulgare<\/p>\n<p><strong>Parte de la planta utilizada:<\/strong> semillas trituradas<\/p>\n<p><strong>Origen:<\/strong> Ukraina&nbsp;<\/p>\n<p><strong>M\u00e9todo de extracci\u00f3n:<\/strong> destilaci\u00f3n al vapor<\/p>\n<p style=\"text-align: justify;\">El aceite esencial de hinojo se extrae de la planta Foeniculum vulgare var. dulce, que es hinojo dulce, tambi\u00e9n conocido como hinojo romano. Se extrae de las semillas trituradas por destilaci\u00f3n al vapor. El aceite, al igual que las semillas, es bueno para la digesti\u00f3n, as\u00ed como una gran cantidad de otras dolencias. Se utiliza en aromaterapia para tratar la piel grasa, las arrugas y la obesidad. Se dice que aumenta el coraje, la resoluci\u00f3n y la fuerza.<br \/><strong><br \/>Este aceite es un remedio popular para problemas digestivos<\/strong> como flatulencia, estre\u00f1imiento, c\u00f3licos, n\u00e1useas, v\u00f3mitos, anorexia y dispepsia. Tambi\u00e9n ayuda a perder peso, ya que se dice que promueve la sensaci\u00f3n de est\u00f3mago lleno. Se cree que su efecto diur\u00e9tico ayuda a dispersar la celulitis. Se supone que el aceite de hinojo tonifica el bazo y el h\u00edgado. Tiene un efecto de limpieza y tonificaci\u00f3n en la piel y ayuda con los moretones. Tenga en cuenta que este aceite no debe usarse en grandes dosis, y debe evitarse por completo en el embarazo, la lactancia y las personas que padecen c\u00e1ncer de mama y epilepsia.<\/p>\n<p>La palabra hinojo se deriva del lat\u00edn &#39;foenum&#39;, que significa &#39;heno&#39;. En la \u00e9poca medieval, se conoc\u00eda como &#39;Fenkle&#39;. Era una hierba popular utilizada por los antiguos chinos, egipcios y romanos, que cre\u00edan que el hinojo ayudaba a prolongar la vida y mejoraba el coraje y la fuerza de una persona. Tambi\u00e9n se cre\u00eda que manten\u00eda alejados a los esp\u00edritus malignos. Se dice que el hinojo se us\u00f3 para fortalecer la vista, curar las mordeduras de serpientes y aliviar los c\u00f3licos. En la India, las semillas de hinojo lisas, tostadas o cubiertas de menta, llamadas &#39;saunf&#39;, a menudo se sirven despu\u00e9s de las comidas para ayudar a la digesti\u00f3n.<\/p>\n","protected":false},"excerpt":{"rendered":"<p>Nombre Latino: Foeniculum Vulgare Parte de la planta utilizada: semillas trituradas Origen: Ukraina&nbsp; M\u00e9todo de extracci\u00f3n: destilaci\u00f3n al vapor El aceite esencial de hinojo se extrae de la planta Foeniculum vulgare var. dulce, que es hinojo dulce, tambi\u00e9n conocido como hinojo romano. Se extrae de las semillas trituradas por destilaci\u00f3n al vapor. El aceite, al [&hellip;]<\/p>\n","protected":false},"featured_media":268182,"comment_status":"closed","ping_status":"open","template":"","meta":{"_angie_page":false},"product_brand":[27095],"product_cat":[23652,25844,16460,26863,26182],"product_tag":[],"class_list":{"0":"post-242462","1":"product","2":"type-product","3":"status-publish","4":"has-post-thumbnail","6":"product_brand-ancient-wisdom","7":"product_cat-aceites-esenciales","8":"product_cat-aromas","9":"product_cat-aromaterapia-y-fragancias-para-hogar","10":"product_cat-herbal-aromatico","11":"product_cat-hinojo","12":"pa_collection-50ml-essential-oil-es","13":"pa_made-in-ucrania","14":"pa_size-50ml","16":"first","17":"instock","18":"purchasable","19":"product-type-simple"},"supplier_id":null,"supplier_sku":"PrEO-16","barcode":null,"atum_controlled":true,"out_stock_date":null,"out_stock_threshold":null,"inheritable":false,"inbound_stock":null,"stock_on_hold":0,"sold_today":0,"sales_last_days":0,"reserved_stock":null,"customer_returns":null,"warehouse_damage":null,"lost_in_post":null,"other_logs":null,"out_stock_days":0,"lost_sales":0,"has_location":null,"update_date":"2026-04-27T07:18:20","atum_locations":[],"atum_stock_status":"instock","restock_status":false,"low_stock_amount":"","sales_update_date":"2026-01-30T01:24:24","calc_backorders":null,"_links":{"self":[{"href":"https:\/\/aromasentia.com\/es\/wp-json\/wp\/v2\/product\/242462","targetHints":{"allow":["GET"]}}],"collection":[{"href":"https:\/\/aromasentia.com\/es\/wp-json\/wp\/v2\/product"}],"about":[{"href":"https:\/\/aromasentia.com\/es\/wp-json\/wp\/v2\/types\/product"}],"replies":[{"embeddable":true,"href":"https:\/\/aromasentia.com\/es\/wp-json\/wp\/v2\/comments?post=242462"}],"version-history":[{"count":0,"href":"https:\/\/aromasentia.com\/es\/wp-json\/wp\/v2\/product\/242462\/revisions"}],"wp:featuredmedia":[{"embeddable":true,"href":"https:\/\/aromasentia.com\/es\/wp-json\/wp\/v2\/media\/268182"}],"wp:attachment":[{"href":"https:\/\/aromasentia.com\/es\/wp-json\/wp\/v2\/media?parent=242462"}],"wp:term":[{"taxonomy":"product_brand","embeddable":true,"href":"https:\/\/aromasentia.com\/es\/wp-json\/wp\/v2\/product_brand?post=242462"},{"taxonomy":"product_cat","embeddable":true,"href":"https:\/\/aromasentia.com\/es\/wp-json\/wp\/v2\/product_cat?post=242462"},{"taxonomy":"product_tag","embeddable":true,"href":"https:\/\/aromasentia.com\/es\/wp-json\/wp\/v2\/product_tag?post=242462"}],"curies":[{"name":"wp","href":"https:\/\/api.w.org\/{rel}","templated":true}]}}