{"id":242458,"date":"2025-03-20T15:14:41","date_gmt":"2025-03-20T15:14:41","guid":{"rendered":"https:\/\/aromasentia.com\/product\/blackpepper-50ml-essential-oil\/"},"modified":"2025-05-31T20:26:44","modified_gmt":"2025-05-31T20:26:44","slug":"aceite-esencial-50ml-pimienta-negra","status":"publish","type":"product","link":"https:\/\/aromasentia.com\/es\/aceite-esencial-50ml-pimienta-negra\/","title":{"rendered":"Aceite Esencial 50ml &#8211; Pimienta negra"},"content":{"rendered":"<p><strong>Nombre Latino: <\/strong>Piper Nigrum<\/p>\n<p><strong>Parte de la planta utilizada:<\/strong> Granos de Pimienta<\/p>\n<p><strong>Origen: <\/strong>India<\/p>\n<p><strong>M\u00e9todo de extracci\u00f3n: <\/strong>Destilaci\u00f3n al Vapor<\/p>\n<p style=\"text-align: justify;\">El aceite esencial de pimienta negra es un aceite multiprop\u00f3sito que tiene una variedad de usos y beneficios. Este aceite esencial es rico en monoterpenos y sesquiterpenos, que son productos qu\u00edmicos naturales conocidos por su actividad antioxidante y su capacidad para apoyar el sistema inmunol\u00f3gico cuando m\u00e1s se necesita. Una de las cualidades \u00fanicas del aceite esencial de pimienta negra es su capacidad para proporcionar sensaciones c\u00e1lidas cuando se aplica t\u00f3picamente. Este factor lo convierte en un aceite perfecto para usar en una mezcla de masaje relajante.<\/p>\n<p>\u00bfNecesita una buena manera de calmar los nervios no deseados? El aceite esencial de pimienta negra es una excelente manera de aliviar los sentimientos de ansiedad. Cuando se usa arom\u00e1ticamente, el aceite esencial de pimienta negra puede ayudar a calmar las emociones apretadas.<\/p>\n","protected":false},"excerpt":{"rendered":"<p>Nombre Latino: Piper Nigrum Parte de la planta utilizada: Granos de Pimienta Origen: India M\u00e9todo de extracci\u00f3n: Destilaci\u00f3n al Vapor El aceite esencial de pimienta negra es un aceite multiprop\u00f3sito que tiene una variedad de usos y beneficios. Este aceite esencial es rico en monoterpenos y sesquiterpenos, que son productos qu\u00edmicos naturales conocidos por su [&hellip;]<\/p>\n","protected":false},"featured_media":268173,"comment_status":"closed","ping_status":"open","template":"","meta":{"_angie_page":false},"product_brand":[27095],"product_cat":[23652,25844,16460,26891,26106],"product_tag":[],"class_list":{"0":"post-242458","1":"product","2":"type-product","3":"status-publish","4":"has-post-thumbnail","6":"product_brand-ancient-wisdom","7":"product_cat-aceites-esenciales","8":"product_cat-aromas","9":"product_cat-aromaterapia-y-fragancias-para-hogar","10":"product_cat-especiado","11":"product_cat-pimienta-negra","12":"pa_collection-50ml-essential-oil-es","13":"pa_made-in-india","14":"pa_size-50ml","16":"first","17":"instock","18":"purchasable","19":"product-type-simple"},"supplier_id":null,"supplier_sku":"PrEO-15","barcode":null,"atum_controlled":true,"out_stock_date":null,"out_stock_threshold":null,"inheritable":false,"inbound_stock":null,"stock_on_hold":0,"sold_today":0,"sales_last_days":0,"reserved_stock":null,"customer_returns":null,"warehouse_damage":null,"lost_in_post":null,"other_logs":null,"out_stock_days":0,"lost_sales":0,"has_location":null,"update_date":"2026-04-29T01:07:01","atum_locations":[],"atum_stock_status":"instock","restock_status":false,"low_stock_amount":"","sales_update_date":"2025-09-05T00:18:00","calc_backorders":null,"_links":{"self":[{"href":"https:\/\/aromasentia.com\/es\/wp-json\/wp\/v2\/product\/242458","targetHints":{"allow":["GET"]}}],"collection":[{"href":"https:\/\/aromasentia.com\/es\/wp-json\/wp\/v2\/product"}],"about":[{"href":"https:\/\/aromasentia.com\/es\/wp-json\/wp\/v2\/types\/product"}],"replies":[{"embeddable":true,"href":"https:\/\/aromasentia.com\/es\/wp-json\/wp\/v2\/comments?post=242458"}],"version-history":[{"count":0,"href":"https:\/\/aromasentia.com\/es\/wp-json\/wp\/v2\/product\/242458\/revisions"}],"wp:featuredmedia":[{"embeddable":true,"href":"https:\/\/aromasentia.com\/es\/wp-json\/wp\/v2\/media\/268173"}],"wp:attachment":[{"href":"https:\/\/aromasentia.com\/es\/wp-json\/wp\/v2\/media?parent=242458"}],"wp:term":[{"taxonomy":"product_brand","embeddable":true,"href":"https:\/\/aromasentia.com\/es\/wp-json\/wp\/v2\/product_brand?post=242458"},{"taxonomy":"product_cat","embeddable":true,"href":"https:\/\/aromasentia.com\/es\/wp-json\/wp\/v2\/product_cat?post=242458"},{"taxonomy":"product_tag","embeddable":true,"href":"https:\/\/aromasentia.com\/es\/wp-json\/wp\/v2\/product_tag?post=242458"}],"curies":[{"name":"wp","href":"https:\/\/api.w.org\/{rel}","templated":true}]}}