{"id":242454,"date":"2025-03-20T15:14:41","date_gmt":"2025-03-20T15:14:41","guid":{"rendered":"https:\/\/aromasentia.com\/product\/bergamot-fcf-50ml-essential-oil\/"},"modified":"2025-05-31T20:26:41","modified_gmt":"2025-05-31T20:26:41","slug":"aceite-esencial-50ml-bergamota","status":"publish","type":"product","link":"https:\/\/aromasentia.com\/es\/aceite-esencial-50ml-bergamota\/","title":{"rendered":"Aceite Esencial 50ml &#8211; Bergamota"},"content":{"rendered":"<p><strong>Nombre Latino : <\/strong>Citrus Bergamia<\/p>\n<p><strong>Parte de la planta utilizada:<\/strong> C\u00e1scara de Fruta<\/p>\n<p><strong>Origen<\/strong>: Costa de Marfil<\/p>\n<p><strong>M\u00e9todo de Extracci\u00f3n:<\/strong> Expresi\u00f3n en Fr\u00edo<\/p>\n<p style=\"text-align: justify;\">El aceite esencial de bergamota se extrae por expresi\u00f3n de las frutas maduras y no maduras del naranjo de bergamota. Este aceite esencial que huele a c\u00edtricos pero dulce, es ideal para crear una sensaci\u00f3n relajada y feliz. Es \u00fatil en el tratamiento de infecciones del tracto urinario, problemas de la piel y aumenta las funciones del h\u00edgado, el bazo y el est\u00f3mago.<br \/><strong><br \/>El aceite esencial de bergamota se usa en aromaterapia para tratar la depresi\u00f3n<\/strong>, el estr\u00e9s, la tensi\u00f3n, la baja autoconfianza, el miedo y la histeria. Es \u00fatil para curar infecciones de la piel como heridas generales, psoriasis, herpes labial y eczema. Se dice que este aceite ayuda a las personas que padecen SAD (trastorno estacional afectado), PMS, alimentaci\u00f3n compulsiva, depresi\u00f3n postnatal, resfriados y gripe. El aceite de bergamota es uno de los favoritos en aromaterapia y se usa en vaporizadores, masajes y se mezcla con agua de ba\u00f1o. Los expertos aconsejan precauci\u00f3n al usar este aceite en pieles sensibles si est\u00e1 expuesto a la luz solar despu\u00e9s de la aplicaci\u00f3n, ya que esto puede causar quemaduras. Mant\u00e9ngase alejado del sol si este aceite se ha usado en la piel.<br \/><strong><br \/>El nombre Bergamota se deriva de la ciudad de B\u00e9rgamo en Lombard\u00eda, Italia,<\/strong> donde se vendi\u00f3 el petr\u00f3leo por primera vez. Se cultiva desde el siglo XVI en pa\u00edses mediterr\u00e1neos como Italia y Grecia. Se ha utilizado en las industrias de perfumes y alimentos (t\u00e9 Earl Grey) durante mucho tiempo. Si bien el aceite esencial ha comenzado a extraerse m\u00e1s recientemente, la fruta y su esencia y sabor se han utilizado en la medicina tradicional durante cientos de a\u00f1os.<\/p>\n","protected":false},"excerpt":{"rendered":"<p>Nombre Latino : Citrus Bergamia Parte de la planta utilizada: C\u00e1scara de Fruta Origen: Costa de Marfil M\u00e9todo de Extracci\u00f3n: Expresi\u00f3n en Fr\u00edo El aceite esencial de bergamota se extrae por expresi\u00f3n de las frutas maduras y no maduras del naranjo de bergamota. Este aceite esencial que huele a c\u00edtricos pero dulce, es ideal para [&hellip;]<\/p>\n","protected":false},"featured_media":268156,"comment_status":"closed","ping_status":"open","template":"","meta":{"_angie_page":false},"product_brand":[27095],"product_cat":[23652,25844,16460,26101,26821],"product_tag":[],"class_list":{"0":"post-242454","1":"product","2":"type-product","3":"status-publish","4":"has-post-thumbnail","6":"product_brand-ancient-wisdom","7":"product_cat-aceites-esenciales","8":"product_cat-aromas","9":"product_cat-aromaterapia-y-fragancias-para-hogar","10":"product_cat-bergamota","11":"product_cat-citrico","12":"pa_collection-50ml-essential-oil-es","13":"pa_made-in-italia","14":"pa_size-50ml","16":"first","17":"instock","18":"purchasable","19":"product-type-simple"},"supplier_id":null,"supplier_sku":"PrEO-14","barcode":null,"atum_controlled":true,"out_stock_date":null,"out_stock_threshold":null,"inheritable":false,"inbound_stock":0,"stock_on_hold":0,"sold_today":0,"sales_last_days":0,"reserved_stock":0,"customer_returns":0,"warehouse_damage":0,"lost_in_post":0,"other_logs":0,"out_stock_days":0,"lost_sales":0,"has_location":false,"update_date":"2026-05-08T05:16:51","atum_locations":[],"atum_stock_status":"instock","restock_status":false,"low_stock_amount":"","sales_update_date":"2026-01-30T01:26:15","calc_backorders":null,"_links":{"self":[{"href":"https:\/\/aromasentia.com\/es\/wp-json\/wp\/v2\/product\/242454","targetHints":{"allow":["GET"]}}],"collection":[{"href":"https:\/\/aromasentia.com\/es\/wp-json\/wp\/v2\/product"}],"about":[{"href":"https:\/\/aromasentia.com\/es\/wp-json\/wp\/v2\/types\/product"}],"replies":[{"embeddable":true,"href":"https:\/\/aromasentia.com\/es\/wp-json\/wp\/v2\/comments?post=242454"}],"version-history":[{"count":0,"href":"https:\/\/aromasentia.com\/es\/wp-json\/wp\/v2\/product\/242454\/revisions"}],"wp:featuredmedia":[{"embeddable":true,"href":"https:\/\/aromasentia.com\/es\/wp-json\/wp\/v2\/media\/268156"}],"wp:attachment":[{"href":"https:\/\/aromasentia.com\/es\/wp-json\/wp\/v2\/media?parent=242454"}],"wp:term":[{"taxonomy":"product_brand","embeddable":true,"href":"https:\/\/aromasentia.com\/es\/wp-json\/wp\/v2\/product_brand?post=242454"},{"taxonomy":"product_cat","embeddable":true,"href":"https:\/\/aromasentia.com\/es\/wp-json\/wp\/v2\/product_cat?post=242454"},{"taxonomy":"product_tag","embeddable":true,"href":"https:\/\/aromasentia.com\/es\/wp-json\/wp\/v2\/product_tag?post=242454"}],"curies":[{"name":"wp","href":"https:\/\/api.w.org\/{rel}","templated":true}]}}