{"id":242446,"date":"2025-03-20T15:15:03","date_gmt":"2025-03-20T15:15:03","guid":{"rendered":"https:\/\/aromasentia.com\/product\/myrrh-50ml-essential-oil\/"},"modified":"2025-05-31T20:26:34","modified_gmt":"2025-05-31T20:26:34","slug":"aceite-esencial-50ml-mirra","status":"publish","type":"product","link":"https:\/\/aromasentia.com\/es\/aceite-esencial-50ml-mirra\/","title":{"rendered":"Aceite Esencial 50ml &#8211; Mirra"},"content":{"rendered":"<p><strong>Nombre latino: <\/strong>Commiphora Myrrha<\/p>\n<p><strong>Parte de la planta utilizada:<\/strong> resina<\/p>\n<p><strong>Fuente:<\/strong> Somalia<\/p>\n<p><strong>M\u00e9todo de extracci\u00f3n: <\/strong>destilaci\u00f3n al vapor<\/p>\n<p><\/p>\n<p style=\"text-align: justify;\">La mirra se ha utilizado desde la antig\u00fcedad como perfume e incienso con fines medicinales y sagrados. El aceite esencial de mirra es un elemento b\u00e1sico en la aromaterapia y se cree que alivia la tos y los resfriados, alivia las molestias digestivas y aumenta la inmunidad.<\/p>\n<p style=\"text-align: justify;\"><\/p>\n<p style=\"text-align: justify;\">Cuando se usa en aromaterapia, se dice que la mirra ayuda a tratar o prevenir los siguientes problemas de salud como resfriados, tos, insomnio o dolor de garganta.<\/p>\n<p style=\"text-align: justify;\"><\/p>\n<p style=\"text-align: justify;\">Adem\u00e1s, se dice que el aceite esencial de mirra reduce la inflamaci\u00f3n, estimula el sistema inmunitario, alivia el dolor y promueve la curaci\u00f3n de heridas.<\/p>\n<p style=\"text-align: justify;\"><\/p>\n<p style=\"text-align: justify;\">A veces utilizado como ingrediente en productos para el cuidado de la piel, el aceite esencial de mirra tambi\u00e9n se supone que reduce la aparici\u00f3n de arrugas.<\/p>\n","protected":false},"excerpt":{"rendered":"<p>Nombre latino: Commiphora Myrrha Parte de la planta utilizada: resina Fuente: Somalia M\u00e9todo de extracci\u00f3n: destilaci\u00f3n al vapor La mirra se ha utilizado desde la antig\u00fcedad como perfume e incienso con fines medicinales y sagrados. El aceite esencial de mirra es un elemento b\u00e1sico en la aromaterapia y se cree que alivia la tos y [&hellip;]<\/p>\n","protected":false},"featured_media":268380,"comment_status":"closed","ping_status":"open","template":"","meta":{"_angie_page":false},"product_brand":[27095],"product_cat":[23652,25844,16460,26281,26884],"product_tag":[],"class_list":{"0":"post-242446","1":"product","2":"type-product","3":"status-publish","4":"has-post-thumbnail","6":"product_brand-ancient-wisdom","7":"product_cat-aceites-esenciales","8":"product_cat-aromas","9":"product_cat-aromaterapia-y-fragancias-para-hogar","10":"product_cat-mirto","11":"product_cat-resinoso-balsamico","12":"pa_collection-50ml-essential-oil-es","13":"pa_made-in-somalia","14":"pa_size-50ml","16":"first","17":"instock","18":"purchasable","19":"product-type-simple"},"supplier_id":null,"supplier_sku":"PrEO-40","barcode":null,"atum_controlled":true,"out_stock_date":null,"out_stock_threshold":null,"inheritable":false,"inbound_stock":0,"stock_on_hold":0,"sold_today":0,"sales_last_days":0,"reserved_stock":0,"customer_returns":0,"warehouse_damage":0,"lost_in_post":0,"other_logs":0,"out_stock_days":0,"lost_sales":0,"has_location":false,"update_date":"2026-04-27T07:18:25","atum_locations":[],"atum_stock_status":"instock","restock_status":false,"low_stock_amount":"","sales_update_date":"2026-01-30T01:24:54","calc_backorders":null,"_links":{"self":[{"href":"https:\/\/aromasentia.com\/es\/wp-json\/wp\/v2\/product\/242446","targetHints":{"allow":["GET"]}}],"collection":[{"href":"https:\/\/aromasentia.com\/es\/wp-json\/wp\/v2\/product"}],"about":[{"href":"https:\/\/aromasentia.com\/es\/wp-json\/wp\/v2\/types\/product"}],"replies":[{"embeddable":true,"href":"https:\/\/aromasentia.com\/es\/wp-json\/wp\/v2\/comments?post=242446"}],"version-history":[{"count":0,"href":"https:\/\/aromasentia.com\/es\/wp-json\/wp\/v2\/product\/242446\/revisions"}],"wp:featuredmedia":[{"embeddable":true,"href":"https:\/\/aromasentia.com\/es\/wp-json\/wp\/v2\/media\/268380"}],"wp:attachment":[{"href":"https:\/\/aromasentia.com\/es\/wp-json\/wp\/v2\/media?parent=242446"}],"wp:term":[{"taxonomy":"product_brand","embeddable":true,"href":"https:\/\/aromasentia.com\/es\/wp-json\/wp\/v2\/product_brand?post=242446"},{"taxonomy":"product_cat","embeddable":true,"href":"https:\/\/aromasentia.com\/es\/wp-json\/wp\/v2\/product_cat?post=242446"},{"taxonomy":"product_tag","embeddable":true,"href":"https:\/\/aromasentia.com\/es\/wp-json\/wp\/v2\/product_tag?post=242446"}],"curies":[{"name":"wp","href":"https:\/\/api.w.org\/{rel}","templated":true}]}}