{"id":242430,"date":"2025-03-20T15:15:03","date_gmt":"2025-03-20T15:15:03","guid":{"rendered":"https:\/\/aromasentia.com\/product\/orange-50ml-essential-oil\/"},"modified":"2025-05-31T20:26:06","modified_gmt":"2025-05-31T20:26:06","slug":"aceite-esencial-50ml-naranja","status":"publish","type":"product","link":"https:\/\/aromasentia.com\/es\/aceite-esencial-50ml-naranja\/","title":{"rendered":"Aceite Esencial 50ml &#8211; Naranja"},"content":{"rendered":"<p><strong>Nombre latino: <\/strong>Citrus Sinensis<\/p>\n<p><strong>Parte de la planta utilizada: <\/strong>c\u00e1scara de fruta<\/p>\n<p><strong>Fuente:<\/strong> Brasil<\/p>\n<p><strong>M\u00e9todo de extracci\u00f3n: <\/strong>expresi\u00f3n en fr\u00edo<\/p>\n<p style=\"text-align: justify;\"><\/p>\n<p style=\"text-align: justify;\">La capacidad de Orange Oil para mejorar la inmunidad de forma natural y reducir varios s\u00edntomas de numerosas dolencias lo ha prestado a aplicaciones medicinales tradicionales para el tratamiento del acn\u00e9, el estr\u00e9s cr\u00f3nico y otros problemas de salud.<\/p>\n<p style=\"text-align: justify;\"><\/p>\n<p style=\"text-align: justify;\">Utilizado en aromaterapia, el agradable aroma del Aceite Esencial de Naranja tiene un efecto alegre y estimulante pero a la vez relajante y relajante que ayuda a reducir la frecuencia del pulso. No solo puede crear un ambiente c\u00e1lido, sino que tambi\u00e9n puede estimular la fuerza y la resistencia del sistema inmune y eliminar las bacterias en el aire.<\/p>\n<p style=\"text-align: justify;\"><\/p>\n<p style=\"text-align: justify;\">Aplicado en un masaje, se sabe que el Aceite Esencial de Orange aumenta el flujo sangu\u00edneo. Se sabe que esto alivia las molestias asociadas con la inflamaci\u00f3n, dolores de cabeza, menstruaci\u00f3n y baja libido.<\/p>\n<p style=\"text-align: justify;\"><\/p>\n<p style=\"text-align: justify;\">El aceite esencial de naranja reduce los incidentes de contracciones musculares dolorosas y reflexivas. Se usa tradicionalmente en masajes para aliviar el estr\u00e9s, el dolor abdominal, la diarrea, el estre\u00f1imiento, la indigesti\u00f3n o la digesti\u00f3n inadecuada y la congesti\u00f3n de la nariz.<\/p>\n","protected":false},"excerpt":{"rendered":"<p>Nombre latino: Citrus Sinensis Parte de la planta utilizada: c\u00e1scara de fruta Fuente: Brasil M\u00e9todo de extracci\u00f3n: expresi\u00f3n en fr\u00edo La capacidad de Orange Oil para mejorar la inmunidad de forma natural y reducir varios s\u00edntomas de numerosas dolencias lo ha prestado a aplicaciones medicinales tradicionales para el tratamiento del acn\u00e9, el estr\u00e9s cr\u00f3nico y [&hellip;]<\/p>\n","protected":false},"featured_media":268344,"comment_status":"closed","ping_status":"open","template":"","meta":{"_angie_page":false},"product_brand":[27095],"product_cat":[23652,25844,16460,26821,26309],"product_tag":[],"class_list":{"0":"post-242430","1":"product","2":"type-product","3":"status-publish","4":"has-post-thumbnail","6":"product_brand-ancient-wisdom","7":"product_cat-aceites-esenciales","8":"product_cat-aromas","9":"product_cat-aromaterapia-y-fragancias-para-hogar","10":"product_cat-citrico","11":"product_cat-naranja","12":"pa_collection-50ml-essential-oil-es","13":"pa_made-in-brasil","14":"pa_size-50ml","16":"first","17":"instock","18":"purchasable","19":"product-type-simple"},"supplier_id":null,"supplier_sku":"PrEO-35","barcode":null,"atum_controlled":true,"out_stock_date":null,"out_stock_threshold":null,"inheritable":false,"inbound_stock":null,"stock_on_hold":0,"sold_today":0,"sales_last_days":0,"reserved_stock":null,"customer_returns":null,"warehouse_damage":null,"lost_in_post":null,"other_logs":null,"out_stock_days":0,"lost_sales":0,"has_location":null,"update_date":"2026-04-27T07:18:25","atum_locations":[],"atum_stock_status":"instock","restock_status":false,"low_stock_amount":"","sales_update_date":"2026-01-30T01:26:15","calc_backorders":null,"_links":{"self":[{"href":"https:\/\/aromasentia.com\/es\/wp-json\/wp\/v2\/product\/242430","targetHints":{"allow":["GET"]}}],"collection":[{"href":"https:\/\/aromasentia.com\/es\/wp-json\/wp\/v2\/product"}],"about":[{"href":"https:\/\/aromasentia.com\/es\/wp-json\/wp\/v2\/types\/product"}],"replies":[{"embeddable":true,"href":"https:\/\/aromasentia.com\/es\/wp-json\/wp\/v2\/comments?post=242430"}],"version-history":[{"count":0,"href":"https:\/\/aromasentia.com\/es\/wp-json\/wp\/v2\/product\/242430\/revisions"}],"wp:featuredmedia":[{"embeddable":true,"href":"https:\/\/aromasentia.com\/es\/wp-json\/wp\/v2\/media\/268344"}],"wp:attachment":[{"href":"https:\/\/aromasentia.com\/es\/wp-json\/wp\/v2\/media?parent=242430"}],"wp:term":[{"taxonomy":"product_brand","embeddable":true,"href":"https:\/\/aromasentia.com\/es\/wp-json\/wp\/v2\/product_brand?post=242430"},{"taxonomy":"product_cat","embeddable":true,"href":"https:\/\/aromasentia.com\/es\/wp-json\/wp\/v2\/product_cat?post=242430"},{"taxonomy":"product_tag","embeddable":true,"href":"https:\/\/aromasentia.com\/es\/wp-json\/wp\/v2\/product_tag?post=242430"}],"curies":[{"name":"wp","href":"https:\/\/api.w.org\/{rel}","templated":true}]}}