{"id":242422,"date":"2025-03-20T15:15:03","date_gmt":"2025-03-20T15:15:03","guid":{"rendered":"https:\/\/aromasentia.com\/product\/neroli-dilute-50ml-essential-oil\/"},"modified":"2025-05-31T20:25:59","modified_gmt":"2025-05-31T20:25:59","slug":"aceite-esencial-50ml-neroli-diluido","status":"publish","type":"product","link":"https:\/\/aromasentia.com\/es\/aceite-esencial-50ml-neroli-diluido\/","title":{"rendered":"Aceite Esencial 50ml &#8211; Neroli Diluido"},"content":{"rendered":"<p><strong>Nombre en lat\u00edn:<\/strong> Citrus Aurantium<\/p>\n<p><strong>Parte de la planta utilizada: <\/strong>flor<\/p>\n<p><strong>Fuente: <\/strong>T\u00fanez<\/p>\n<p><strong>M\u00e9todo de extracci\u00f3n: <\/strong>destilaci\u00f3n al vapor<\/p>\n<p><\/p>\n<p><strong>5% de diluci\u00f3n en aceite de semilla de uva<\/strong><\/p>\n<p><\/p>\n<p style=\"text-align: justify;\">El aceite de neroli se produce a partir de las flores del naranjo amargo (Citrus aurantium var. Amara), tambi\u00e9n conocido como Neroli bigarade, y huele a bergamota. Las flores se recogen a mano y el aceite se produce por destilaci\u00f3n de agua, ya que las flores son demasiado fr\u00e1giles para la destilaci\u00f3n al vapor. Este es uno de los aceites esenciales m\u00e1s populares por su maravilloso olor y sus propiedades terap\u00e9uticas.<\/p>\n<p style=\"text-align: justify;\"><\/p>\n<p style=\"text-align: justify;\"><strong>El aceite esencial de neroli es muy calmante y se dice que alivia la ansiedad cr\u00f3nica, la depresi\u00f3n, el miedo, la depresi\u00f3n, el shock y el estr\u00e9s. <\/strong>Se cree que tambi\u00e9n calma los espasmos intestinales, la colitis y la diarrea. Debido a su propiedad sedante, es bueno para el insomnio, las personas con palpitaciones, neuralgia y v\u00e9rtigo. Es bueno calentar un poco en un quemador de aceite en la habitaci\u00f3n de un convaleciente. En la piel, se dice que el aceite de Neroli ayuda a regenerar las c\u00e9lulas de la piel y es \u00fatil para prevenir el tejido cicatricial feo, promover una piel m\u00e1s lisa, combatir las estr\u00edas y los capilares rotos.<\/p>\n<p style=\"text-align: justify;\"><\/p>\n<p style=\"text-align: justify;\"><strong>Se cree que el aceite de neroli fue utilizado por los romanos.<\/strong> En 1680, Anna Maria Orsini, princesa de Nerola, us\u00f3 la esencia del naranjo amargo para perfumar sus guantes y su ba\u00f1o, creando as\u00ed una nueva fragancia de moda. A partir de este momento, el aceite esencial se hizo conocido como Neroli despu\u00e9s de ella. Los cuentos populares dicen que estas flores de azahar se usaron para decorar camas nupciales para ayudar a relajar a las parejas de reci\u00e9n casados en la cama. El aceite es caro de producir, y se tiene mucho cuidado ya que las flores deben ser arrancadas justo cuando florecen.<\/p>\n","protected":false},"excerpt":{"rendered":"<p>Nombre en lat\u00edn: Citrus Aurantium Parte de la planta utilizada: flor Fuente: T\u00fanez M\u00e9todo de extracci\u00f3n: destilaci\u00f3n al vapor 5% de diluci\u00f3n en aceite de semilla de uva El aceite de neroli se produce a partir de las flores del naranjo amargo (Citrus aurantium var. Amara), tambi\u00e9n conocido como Neroli bigarade, y huele a bergamota. [&hellip;]<\/p>\n","protected":false},"featured_media":268326,"comment_status":"closed","ping_status":"open","template":"","meta":{"_angie_page":false},"product_brand":[27095],"product_cat":[23652,25844,16460,26835,26295],"product_tag":[],"class_list":{"0":"post-242422","1":"product","2":"type-product","3":"status-publish","4":"has-post-thumbnail","6":"product_brand-ancient-wisdom","7":"product_cat-aceites-esenciales","8":"product_cat-aromas","9":"product_cat-aromaterapia-y-fragancias-para-hogar","10":"product_cat-floral","11":"product_cat-neroli","12":"pa_collection-50ml-essential-oil-es","13":"pa_made-in-tunez","14":"pa_size-50ml","16":"first","17":"instock","18":"purchasable","19":"product-type-simple"},"supplier_id":null,"supplier_sku":"PrEO-32","barcode":null,"atum_controlled":true,"out_stock_date":null,"out_stock_threshold":null,"inheritable":false,"inbound_stock":null,"stock_on_hold":0,"sold_today":0,"sales_last_days":0,"reserved_stock":null,"customer_returns":null,"warehouse_damage":null,"lost_in_post":null,"other_logs":null,"out_stock_days":0,"lost_sales":0,"has_location":null,"update_date":"2026-04-27T07:18:25","atum_locations":[],"atum_stock_status":"instock","restock_status":false,"low_stock_amount":"","sales_update_date":"2026-02-06T00:02:21","calc_backorders":null,"_links":{"self":[{"href":"https:\/\/aromasentia.com\/es\/wp-json\/wp\/v2\/product\/242422","targetHints":{"allow":["GET"]}}],"collection":[{"href":"https:\/\/aromasentia.com\/es\/wp-json\/wp\/v2\/product"}],"about":[{"href":"https:\/\/aromasentia.com\/es\/wp-json\/wp\/v2\/types\/product"}],"replies":[{"embeddable":true,"href":"https:\/\/aromasentia.com\/es\/wp-json\/wp\/v2\/comments?post=242422"}],"version-history":[{"count":0,"href":"https:\/\/aromasentia.com\/es\/wp-json\/wp\/v2\/product\/242422\/revisions"}],"wp:featuredmedia":[{"embeddable":true,"href":"https:\/\/aromasentia.com\/es\/wp-json\/wp\/v2\/media\/268326"}],"wp:attachment":[{"href":"https:\/\/aromasentia.com\/es\/wp-json\/wp\/v2\/media?parent=242422"}],"wp:term":[{"taxonomy":"product_brand","embeddable":true,"href":"https:\/\/aromasentia.com\/es\/wp-json\/wp\/v2\/product_brand?post=242422"},{"taxonomy":"product_cat","embeddable":true,"href":"https:\/\/aromasentia.com\/es\/wp-json\/wp\/v2\/product_cat?post=242422"},{"taxonomy":"product_tag","embeddable":true,"href":"https:\/\/aromasentia.com\/es\/wp-json\/wp\/v2\/product_tag?post=242422"}],"curies":[{"name":"wp","href":"https:\/\/api.w.org\/{rel}","templated":true}]}}