{"id":242418,"date":"2025-03-20T15:15:03","date_gmt":"2025-03-20T15:15:03","guid":{"rendered":"https:\/\/aromasentia.com\/product\/marjoram-50ml-essential-oil\/"},"modified":"2025-05-31T20:25:57","modified_gmt":"2025-05-31T20:25:57","slug":"aceite-esencial-50ml-mejorana","status":"publish","type":"product","link":"https:\/\/aromasentia.com\/es\/aceite-esencial-50ml-mejorana\/","title":{"rendered":"Aceite Esencial 50ml &#8211; Mejorana"},"content":{"rendered":"<p><strong>Nombre en lat\u00edn<\/strong>: Thymus Mastichina<\/p>\n<p><strong>Parte de la planta utilizada: <\/strong>hojas y cimas florecientes<\/p>\n<p><strong>Fuente<\/strong>: espa\u00f1a<\/p>\n<p><strong>M\u00e9todo de extracci\u00f3n:<\/strong> destilaci\u00f3n al vapor<\/p>\n<p><\/p>\n<p style=\"text-align: justify;\">El aceite esencial de mejorana se destila al vapor de la planta Thymus mastichina, que tiene un tallo piloso, hojas ovales y peque\u00f1as flores blanquecinas en racimos. Toda la planta exuda un fuerte aroma. Esta planta en realidad es tomillo silvestre, pero se conoce como mejorana silvestre espa\u00f1ola. Pertenece a la familia de las lamin\u00e1ceas de Espa\u00f1a y no es lo mismo que la mejorana dulce o francesa; tampoco es or\u00e9gano, que tambi\u00e9n se llama mejorana silvestre.<\/p>\n<p style=\"text-align: justify;\"><\/p>\n<p style=\"text-align: justify;\">Se dice que este aceite es m\u00e1s efectivo que el de la mejorana dulce cuando se usa como expectorante para infecciones y espasmos del tracto respiratorio, ya que tiene propiedades antis\u00e9pticas para el tracto respiratorio superior, pero no es un relajante muscular o un sedante, ya que la mejorana dulce es . El aceite de mejorana espa\u00f1ola se usa com\u00fanmente en aromaterapia y combina bien con aceites de lavanda y bergamota para crear un ambiente relajante. Cuando se usa en un quemador de aceite o en un aceite de masaje, se dice que esta hierba calma los nervios y combate la soledad y el rechazo. Tambi\u00e9n ayuda a la digesti\u00f3n.<\/p>\n<p style=\"text-align: justify;\"><\/p>\n<p style=\"text-align: justify;\"><strong>Se sabe que la mejorana silvestre espa\u00f1ola ha sido utilizada por herbolarios desde la antigua Grecia.<\/strong> Los antiguos griegos y romanos coronaban a las parejas de novias con coronas de mejorana para simbolizar el amor, el honor y la felicidad. El t\u00e9 de mejorana con miel fue utilizado por los cantantes para preservar sus voces.<\/p>\n","protected":false},"excerpt":{"rendered":"<p>Nombre en lat\u00edn: Thymus Mastichina Parte de la planta utilizada: hojas y cimas florecientes Fuente: espa\u00f1a M\u00e9todo de extracci\u00f3n: destilaci\u00f3n al vapor El aceite esencial de mejorana se destila al vapor de la planta Thymus mastichina, que tiene un tallo piloso, hojas ovales y peque\u00f1as flores blanquecinas en racimos. Toda la planta exuda un fuerte [&hellip;]<\/p>\n","protected":false},"featured_media":268317,"comment_status":"closed","ping_status":"open","template":"","meta":{"_angie_page":false},"product_brand":[27095],"product_cat":[23652,25844,16460,26863,26267],"product_tag":[],"class_list":{"0":"post-242418","1":"product","2":"type-product","3":"status-publish","4":"has-post-thumbnail","6":"product_brand-ancient-wisdom","7":"product_cat-aceites-esenciales","8":"product_cat-aromas","9":"product_cat-aromaterapia-y-fragancias-para-hogar","10":"product_cat-herbal-aromatico","11":"product_cat-mejorana-espanola","12":"pa_collection-50ml-essential-oil-es","13":"pa_made-in-espana","14":"pa_size-50ml","16":"first","17":"instock","18":"purchasable","19":"product-type-simple"},"supplier_id":null,"supplier_sku":"PrEO-31","barcode":null,"atum_controlled":true,"out_stock_date":null,"out_stock_threshold":null,"inheritable":false,"inbound_stock":0,"stock_on_hold":0,"sold_today":0,"sales_last_days":0,"reserved_stock":0,"customer_returns":0,"warehouse_damage":0,"lost_in_post":0,"other_logs":0,"out_stock_days":0,"lost_sales":0,"has_location":false,"update_date":"2026-05-08T05:16:51","atum_locations":[],"atum_stock_status":"instock","restock_status":false,"low_stock_amount":"","sales_update_date":"2026-01-20T05:13:35","calc_backorders":null,"_links":{"self":[{"href":"https:\/\/aromasentia.com\/es\/wp-json\/wp\/v2\/product\/242418","targetHints":{"allow":["GET"]}}],"collection":[{"href":"https:\/\/aromasentia.com\/es\/wp-json\/wp\/v2\/product"}],"about":[{"href":"https:\/\/aromasentia.com\/es\/wp-json\/wp\/v2\/types\/product"}],"replies":[{"embeddable":true,"href":"https:\/\/aromasentia.com\/es\/wp-json\/wp\/v2\/comments?post=242418"}],"version-history":[{"count":0,"href":"https:\/\/aromasentia.com\/es\/wp-json\/wp\/v2\/product\/242418\/revisions"}],"wp:featuredmedia":[{"embeddable":true,"href":"https:\/\/aromasentia.com\/es\/wp-json\/wp\/v2\/media\/268317"}],"wp:attachment":[{"href":"https:\/\/aromasentia.com\/es\/wp-json\/wp\/v2\/media?parent=242418"}],"wp:term":[{"taxonomy":"product_brand","embeddable":true,"href":"https:\/\/aromasentia.com\/es\/wp-json\/wp\/v2\/product_brand?post=242418"},{"taxonomy":"product_cat","embeddable":true,"href":"https:\/\/aromasentia.com\/es\/wp-json\/wp\/v2\/product_cat?post=242418"},{"taxonomy":"product_tag","embeddable":true,"href":"https:\/\/aromasentia.com\/es\/wp-json\/wp\/v2\/product_tag?post=242418"}],"curies":[{"name":"wp","href":"https:\/\/api.w.org\/{rel}","templated":true}]}}