{"id":242414,"date":"2025-03-20T15:15:03","date_gmt":"2025-03-20T15:15:03","guid":{"rendered":"https:\/\/aromasentia.com\/product\/mandarin-50ml-essential-oil\/"},"modified":"2025-05-31T20:25:54","modified_gmt":"2025-05-31T20:25:54","slug":"aceite-esencial-50ml-mandarina","status":"publish","type":"product","link":"https:\/\/aromasentia.com\/es\/aceite-esencial-50ml-mandarina\/","title":{"rendered":"Aceite Esencial 50ml &#8211; Mandarina"},"content":{"rendered":"<p><strong>Nombre latino<\/strong>: Citrus Nobilis<\/p>\n<p><strong>Parte de la planta utilizada:<\/strong>&nbsp;C\u00e1scara de fruta<\/p>\n<p><strong>Fuente:<\/strong> Italia<\/p>\n<p><strong>M\u00e9todo de extracci\u00f3n:<\/strong> Cold Expressio<\/p>\n<p style=\"text-align: justify;\"><\/p>\n<p style=\"text-align: justify;\">El aceite esencial de mandarina&nbsp;se obtiene de Citrus Reticulata, por compresi\u00f3n fr\u00eda de la c\u00e1scara. El aceite de mandarina Petitgrain tambi\u00e9n se extrae en peque\u00f1as cantidades por destilaci\u00f3n al vapor de las hojas y ramitas. El aceite es dorado amarillo-naranja y tiene el aroma de una naranja fresca. Todo un grupo de c\u00edtricos se encuentra bajo el paraguas de las mandarinas, incluidas Satsuma, Clementine, Dancy, Honey, Pixie y mandarinas.<\/p>\n<p style=\"text-align: justify;\"><\/p>\n<p style=\"text-align: justify;\">Este aceite es muy suave y, por lo tanto, se dice que se usa para tratar incluso a ni\u00f1os y mujeres embarazadas, uno de los pocos aceites que se usan de esta manera. Con su efecto t\u00f3nico y estimulante tanto en el est\u00f3mago como en el h\u00edgado, es \u00fatil para los problemas digestivos. El aceite de mandarina tambi\u00e9n es \u00fatil para tratar el acn\u00e9, la piel grasa y las manchas. Se supone que tambi\u00e9n ayuda a aliviar problemas como la retenci\u00f3n de l\u00edquidos y la obesidad. El aceite, diluido alrededor del 1-2% en un aceite portador, se masajea suavemente sobre la barriga de un ni\u00f1o para aliviar el dolor de barriga. Unas pocas gotas en el ba\u00f1o calma a los ni\u00f1os hiperactivos. Utilizado en un quemador de aceite, disipa la depresi\u00f3n y alivia la ansiedad.<\/p>\n","protected":false},"excerpt":{"rendered":"<p>Nombre latino: Citrus Nobilis Parte de la planta utilizada:&nbsp;C\u00e1scara de fruta Fuente: Italia M\u00e9todo de extracci\u00f3n: Cold Expressio El aceite esencial de mandarina&nbsp;se obtiene de Citrus Reticulata, por compresi\u00f3n fr\u00eda de la c\u00e1scara. El aceite de mandarina Petitgrain tambi\u00e9n se extrae en peque\u00f1as cantidades por destilaci\u00f3n al vapor de las hojas y ramitas. El aceite [&hellip;]<\/p>\n","protected":false},"featured_media":268308,"comment_status":"closed","ping_status":"open","template":"","meta":{"_angie_page":false},"product_brand":[27095],"product_cat":[23652,25844,16460,26821,26261],"product_tag":[],"class_list":{"0":"post-242414","1":"product","2":"type-product","3":"status-publish","4":"has-post-thumbnail","6":"product_brand-ancient-wisdom","7":"product_cat-aceites-esenciales","8":"product_cat-aromas","9":"product_cat-aromaterapia-y-fragancias-para-hogar","10":"product_cat-citrico","11":"product_cat-mandarina","12":"pa_collection-50ml-essential-oil-es","13":"pa_made-in-argentina","14":"pa_size-50ml","16":"first","17":"instock","18":"purchasable","19":"product-type-simple"},"supplier_id":null,"supplier_sku":"PrEO-30","barcode":null,"atum_controlled":true,"out_stock_date":null,"out_stock_threshold":null,"inheritable":false,"inbound_stock":0,"stock_on_hold":0,"sold_today":0,"sales_last_days":0,"reserved_stock":0,"customer_returns":0,"warehouse_damage":0,"lost_in_post":0,"other_logs":0,"out_stock_days":0,"lost_sales":0,"has_location":false,"update_date":"2026-04-27T07:18:20","atum_locations":[],"atum_stock_status":"instock","restock_status":false,"low_stock_amount":"","sales_update_date":"2025-09-05T00:18:05","calc_backorders":null,"_links":{"self":[{"href":"https:\/\/aromasentia.com\/es\/wp-json\/wp\/v2\/product\/242414","targetHints":{"allow":["GET"]}}],"collection":[{"href":"https:\/\/aromasentia.com\/es\/wp-json\/wp\/v2\/product"}],"about":[{"href":"https:\/\/aromasentia.com\/es\/wp-json\/wp\/v2\/types\/product"}],"replies":[{"embeddable":true,"href":"https:\/\/aromasentia.com\/es\/wp-json\/wp\/v2\/comments?post=242414"}],"version-history":[{"count":0,"href":"https:\/\/aromasentia.com\/es\/wp-json\/wp\/v2\/product\/242414\/revisions"}],"wp:featuredmedia":[{"embeddable":true,"href":"https:\/\/aromasentia.com\/es\/wp-json\/wp\/v2\/media\/268308"}],"wp:attachment":[{"href":"https:\/\/aromasentia.com\/es\/wp-json\/wp\/v2\/media?parent=242414"}],"wp:term":[{"taxonomy":"product_brand","embeddable":true,"href":"https:\/\/aromasentia.com\/es\/wp-json\/wp\/v2\/product_brand?post=242414"},{"taxonomy":"product_cat","embeddable":true,"href":"https:\/\/aromasentia.com\/es\/wp-json\/wp\/v2\/product_cat?post=242414"},{"taxonomy":"product_tag","embeddable":true,"href":"https:\/\/aromasentia.com\/es\/wp-json\/wp\/v2\/product_tag?post=242414"}],"curies":[{"name":"wp","href":"https:\/\/api.w.org\/{rel}","templated":true}]}}