{"id":242406,"date":"2025-03-20T15:15:03","date_gmt":"2025-03-20T15:15:03","guid":{"rendered":"https:\/\/aromasentia.com\/product\/lemongrass-50ml-essential-oil\/"},"modified":"2025-05-31T20:25:47","modified_gmt":"2025-05-31T20:25:47","slug":"aceite-esencial-50ml-lemongrass","status":"publish","type":"product","link":"https:\/\/aromasentia.com\/es\/aceite-esencial-50ml-lemongrass\/","title":{"rendered":"Aceite Esencial 50ml &#8211; Lemongrass"},"content":{"rendered":"<p><strong>Nombre latino: <\/strong>Cymbopogon Citratus<\/p>\n<p><strong>Parte de la planta utilizada:<\/strong> hojas<\/p>\n<p><strong>Fuente: <\/strong>Guatamala<\/p>\n<p><strong>M\u00e9todo de extracci\u00f3n: <\/strong>destilaci\u00f3n al vapor<\/p>\n<p><\/p>\n<p style=\"text-align: justify;\">El aceite esencial de limoncillo se extrae de Cymbopogon citratus, tambi\u00e9n conocido como &#39;hierba de aceite&#39;, de las hojas frescas o parcialmente secas por destilaci\u00f3n al vapor. Se dice que este aceite combate la fatiga y ayuda a refrescar el cuerpo y la mente cansados. Tambi\u00e9n es una forma agradable de mantener a una mascota libre de pulgas y garrapatas. Lemongrass contiene citral que proporciona el sabor principal en la c\u00e1scara de lim\u00f3n.<\/p>\n<p style=\"text-align: justify;\"><\/p>\n<p style=\"text-align: justify;\">Se cree que el&nbsp;aceite de hierba de lim\u00f3n&nbsp;alivia el desfase horario, los dolores de cabeza, el agotamiento nervioso y el estr\u00e9s. Aumenta el sistema nervioso parasimp\u00e1tico, para una recuperaci\u00f3n m\u00e1s r\u00e1pida de una enfermedad y estimula las secreciones glandulares. Ayuda a tonificar los m\u00fasculos y los tejidos, por lo tanto, alivia el dolor muscular. Es \u00fatil para tratar el dolor de garganta, laringitis y fiebre, y ayuda a detener la propagaci\u00f3n de la infecci\u00f3n. Ayuda con colitis, indigesti\u00f3n y gastroenteritis. Limpia la piel grasa y reduce la transpiraci\u00f3n excesiva. Sin embargo, puede irritar la piel, por lo que se debe tener cuidado cuando se usa en la piel. Evitar el uso durante el embarazo.<\/p>\n<p style=\"text-align: justify;\"><\/p>\n<p style=\"text-align: justify;\">El limoncillo es una hierba arom\u00e1tica perenne que sol\u00eda crecer en la India, donde se conoce como choomana poolu. Tambi\u00e9n se conoce como Indian Verbena o Indian Melissa oil y se usa en Ayurveda, el antiguo arte tradicional de curaci\u00f3n, para ayudar a reducir la fiebre y tratar enfermedades infecciosas; por lo tanto, tambi\u00e9n se le llama &#39;fevergrass&#39;.<\/p>\n","protected":false},"excerpt":{"rendered":"<p>Nombre latino: Cymbopogon Citratus Parte de la planta utilizada: hojas Fuente: Guatamala M\u00e9todo de extracci\u00f3n: destilaci\u00f3n al vapor El aceite esencial de limoncillo se extrae de Cymbopogon citratus, tambi\u00e9n conocido como &#39;hierba de aceite&#39;, de las hojas frescas o parcialmente secas por destilaci\u00f3n al vapor. Se dice que este aceite combate la fatiga y ayuda [&hellip;]<\/p>\n","protected":false},"featured_media":268290,"comment_status":"closed","ping_status":"open","template":"","meta":{"_angie_page":false},"product_brand":[27095],"product_cat":[23652,25844,16460,26821,26255],"product_tag":[],"class_list":{"0":"post-242406","1":"product","2":"type-product","3":"status-publish","4":"has-post-thumbnail","6":"product_brand-ancient-wisdom","7":"product_cat-aceites-esenciales","8":"product_cat-aromas","9":"product_cat-aromaterapia-y-fragancias-para-hogar","10":"product_cat-citrico","11":"product_cat-hierba-limon-lemongrass","12":"pa_collection-50ml-essential-oil-es","13":"pa_made-in-india","14":"pa_size-50ml","16":"first","17":"instock","18":"purchasable","19":"product-type-simple"},"supplier_id":null,"supplier_sku":"PrEO-28","barcode":null,"atum_controlled":true,"out_stock_date":null,"out_stock_threshold":null,"inheritable":false,"inbound_stock":null,"stock_on_hold":0,"sold_today":0,"sales_last_days":0,"reserved_stock":null,"customer_returns":null,"warehouse_damage":null,"lost_in_post":null,"other_logs":null,"out_stock_days":0,"lost_sales":0,"has_location":null,"update_date":"2026-04-27T07:18:20","atum_locations":[],"atum_stock_status":"instock","restock_status":false,"low_stock_amount":"","sales_update_date":"2026-01-30T01:26:14","calc_backorders":null,"_links":{"self":[{"href":"https:\/\/aromasentia.com\/es\/wp-json\/wp\/v2\/product\/242406","targetHints":{"allow":["GET"]}}],"collection":[{"href":"https:\/\/aromasentia.com\/es\/wp-json\/wp\/v2\/product"}],"about":[{"href":"https:\/\/aromasentia.com\/es\/wp-json\/wp\/v2\/types\/product"}],"replies":[{"embeddable":true,"href":"https:\/\/aromasentia.com\/es\/wp-json\/wp\/v2\/comments?post=242406"}],"version-history":[{"count":0,"href":"https:\/\/aromasentia.com\/es\/wp-json\/wp\/v2\/product\/242406\/revisions"}],"wp:featuredmedia":[{"embeddable":true,"href":"https:\/\/aromasentia.com\/es\/wp-json\/wp\/v2\/media\/268290"}],"wp:attachment":[{"href":"https:\/\/aromasentia.com\/es\/wp-json\/wp\/v2\/media?parent=242406"}],"wp:term":[{"taxonomy":"product_brand","embeddable":true,"href":"https:\/\/aromasentia.com\/es\/wp-json\/wp\/v2\/product_brand?post=242406"},{"taxonomy":"product_cat","embeddable":true,"href":"https:\/\/aromasentia.com\/es\/wp-json\/wp\/v2\/product_cat?post=242406"},{"taxonomy":"product_tag","embeddable":true,"href":"https:\/\/aromasentia.com\/es\/wp-json\/wp\/v2\/product_tag?post=242406"}],"curies":[{"name":"wp","href":"https:\/\/api.w.org\/{rel}","templated":true}]}}