{"id":242402,"date":"2025-03-20T15:15:03","date_gmt":"2025-03-20T15:15:03","guid":{"rendered":"https:\/\/aromasentia.com\/product\/juniperberry-50ml-essential-oil\/"},"modified":"2025-05-31T20:25:45","modified_gmt":"2025-05-31T20:25:45","slug":"aceite-esencial-50ml-enebro","status":"publish","type":"product","link":"https:\/\/aromasentia.com\/es\/aceite-esencial-50ml-enebro\/","title":{"rendered":"Aceite Esencial 50ml &#8211; Enebro"},"content":{"rendered":"<p><strong>Nombre latino: <\/strong>Juniperus Communis<\/p>\n<p><strong>Parte de la planta utilizada:<\/strong> Berry<\/p>\n<p><strong>Fuente:<\/strong> Macedonia<\/p>\n<p><strong>M\u00e9todo de extracci\u00f3n:<\/strong> destilaci\u00f3n al vapor<\/p>\n<p><\/p>\n<p style=\"text-align: justify;\"><strong>Extra\u00eddo de las bayas de un \u00e1rbol con\u00edfero, el aceite esencial de bayas de enebro es reconocido por sus usos y beneficios vers\u00e1tiles.<\/strong> El aroma del aceite de bayas de enebro es de madera, picante y limpio. Cuando se usa por su aroma, el aceite esencial de bayas de enebro tiene un efecto calmante y de conexi\u00f3n a tierra y tambi\u00e9n se puede difundir para ayudar a limpiar y purificar el aire.<\/p>\n<p style=\"text-align: justify;\"><\/p>\n<p style=\"text-align: justify;\">Las bayas de enebro son un antis\u00e9ptico natural, como lo es el aceite esencial. Un ambientador de niebla \/ aire de habitaci\u00f3n hecho con aceite esencial de bayas de enebro puede ayudar a matar los g\u00e9rmenes en el aire.<\/p>\n","protected":false},"excerpt":{"rendered":"<p>Nombre latino: Juniperus Communis Parte de la planta utilizada: Berry Fuente: Macedonia M\u00e9todo de extracci\u00f3n: destilaci\u00f3n al vapor Extra\u00eddo de las bayas de un \u00e1rbol con\u00edfero, el aceite esencial de bayas de enebro es reconocido por sus usos y beneficios vers\u00e1tiles. El aroma del aceite de bayas de enebro es de madera, picante y limpio. [&hellip;]<\/p>\n","protected":false},"featured_media":268281,"comment_status":"closed","ping_status":"open","template":"","meta":{"_angie_page":false},"product_brand":[27095],"product_cat":[23652,26898,25844,16460,26228],"product_tag":[],"class_list":{"0":"post-242402","1":"product","2":"type-product","3":"status-publish","4":"has-post-thumbnail","6":"product_brand-ancient-wisdom","7":"product_cat-aceites-esenciales","8":"product_cat-amaderado","9":"product_cat-aromas","10":"product_cat-aromaterapia-y-fragancias-para-hogar","11":"product_cat-baya-de-enebro","12":"pa_collection-50ml-essential-oil-es","13":"pa_made-in-croacia","14":"pa_size-50ml","16":"first","17":"instock","18":"purchasable","19":"product-type-simple"},"supplier_id":null,"supplier_sku":"PrEO-27","barcode":null,"atum_controlled":true,"out_stock_date":null,"out_stock_threshold":null,"inheritable":false,"inbound_stock":null,"stock_on_hold":0,"sold_today":0,"sales_last_days":0,"reserved_stock":null,"customer_returns":null,"warehouse_damage":null,"lost_in_post":null,"other_logs":null,"out_stock_days":0,"lost_sales":0,"has_location":null,"update_date":"2026-05-08T05:16:51","atum_locations":[],"atum_stock_status":"instock","restock_status":false,"low_stock_amount":"","sales_update_date":"2026-01-30T01:24:38","calc_backorders":null,"_links":{"self":[{"href":"https:\/\/aromasentia.com\/es\/wp-json\/wp\/v2\/product\/242402","targetHints":{"allow":["GET"]}}],"collection":[{"href":"https:\/\/aromasentia.com\/es\/wp-json\/wp\/v2\/product"}],"about":[{"href":"https:\/\/aromasentia.com\/es\/wp-json\/wp\/v2\/types\/product"}],"replies":[{"embeddable":true,"href":"https:\/\/aromasentia.com\/es\/wp-json\/wp\/v2\/comments?post=242402"}],"version-history":[{"count":0,"href":"https:\/\/aromasentia.com\/es\/wp-json\/wp\/v2\/product\/242402\/revisions"}],"wp:featuredmedia":[{"embeddable":true,"href":"https:\/\/aromasentia.com\/es\/wp-json\/wp\/v2\/media\/268281"}],"wp:attachment":[{"href":"https:\/\/aromasentia.com\/es\/wp-json\/wp\/v2\/media?parent=242402"}],"wp:term":[{"taxonomy":"product_brand","embeddable":true,"href":"https:\/\/aromasentia.com\/es\/wp-json\/wp\/v2\/product_brand?post=242402"},{"taxonomy":"product_cat","embeddable":true,"href":"https:\/\/aromasentia.com\/es\/wp-json\/wp\/v2\/product_cat?post=242402"},{"taxonomy":"product_tag","embeddable":true,"href":"https:\/\/aromasentia.com\/es\/wp-json\/wp\/v2\/product_tag?post=242402"}],"curies":[{"name":"wp","href":"https:\/\/api.w.org\/{rel}","templated":true}]}}