{"id":242398,"date":"2025-03-20T15:15:03","date_gmt":"2025-03-20T15:15:03","guid":{"rendered":"https:\/\/aromasentia.com\/product\/jasmine-absolute-50ml-essential-oil\/"},"modified":"2025-05-31T20:25:42","modified_gmt":"2025-05-31T20:25:42","slug":"aceite-esencial-50ml-jazmin-absoluto","status":"publish","type":"product","link":"https:\/\/aromasentia.com\/es\/aceite-esencial-50ml-jazmin-absoluto\/","title":{"rendered":"Aceite Esencial 50ml &#8211; Jazm\u00edn absoluto"},"content":{"rendered":"<p><strong>Nombre latino: <\/strong>Jasminum Officinale<\/p>\n<p><strong>Parte de la flor utilizada:<\/strong> flor<\/p>\n<p><strong>Fuente: <\/strong>India<\/p>\n<p><strong>M\u00e9todo de extracci\u00f3n:<\/strong> destilaci\u00f3n al vapor<\/p>\n<p><\/p>\n<p style=\"text-align: justify;\">El Jazm\u00edn es una escaladora delicada, de hoja perenne, nativa de China e India, con flores peque\u00f1as, blancas y en forma de estrella, que se recogen de noche, cuando su fragancia es m\u00e1s poderosa. El aceite esencial de jazm\u00edn tiene un olor dulce, ex\u00f3tico y muy floral. Es caro, ya que su destilaci\u00f3n es m\u00e1s elaborada que para la mayor\u00eda de los aceites, y se utiliza para relajarse profundamente, levantar la depresi\u00f3n y aumentar la confianza.<\/p>\n<p style=\"text-align: justify;\"><\/p>\n<p style=\"text-align: justify;\"><strong>Se dice que este aceite calma los nervios y produce una sensaci\u00f3n de confianza y optimismo,<\/strong> al tiempo que restaura la energ\u00eda. Reduce el tiempo de parto al fortalecer las contracciones y aliviar el dolor. Se cree que alivia la impotencia, la frigidez y la eyaculaci\u00f3n precoz debido a sus propiedades calmantes y calmantes. Ayuda a la tos y la laringitis y tambi\u00e9n es \u00fatil en un aceite de masaje para aliviar el dolor muscular, los esguinces y las extremidades r\u00edgidas. El aceite esencial de jazm\u00edn tonifica la piel seca, grasa o sensible, aumenta la elasticidad y se dice que reduce las estr\u00edas y las cicatrices.<\/p>\n<p style=\"text-align: justify;\"><\/p>\n<p style=\"text-align: justify;\">El jazm\u00edn ha sido considerado una flor sagrada en la India durante cientos de a\u00f1os y se ha unido para hacer guirnaldas para dioses y diosas hind\u00faes hasta hoy. Las mujeres indias usan com\u00fanmente el jazm\u00edn en el cabello y tambi\u00e9n es una de las flores principales en las guirnaldas de bodas. Seg\u00fan un mito, el dios del sol, Surya, rechaz\u00f3 el amor de una princesa y estaba tan desconsolada que se suicid\u00f3. De sus cenizas esparcidas en el suelo, creci\u00f3 una planta de jazm\u00edn. Como el dios del sol le caus\u00f3 tanto dolor, la flor de jazm\u00edn solo floreci\u00f3 y lanz\u00f3 su perfume por la noche.<\/p>\n","protected":false},"excerpt":{"rendered":"<p>Nombre latino: Jasminum Officinale Parte de la flor utilizada: flor Fuente: India M\u00e9todo de extracci\u00f3n: destilaci\u00f3n al vapor El Jazm\u00edn es una escaladora delicada, de hoja perenne, nativa de China e India, con flores peque\u00f1as, blancas y en forma de estrella, que se recogen de noche, cuando su fragancia es m\u00e1s poderosa. El aceite esencial [&hellip;]<\/p>\n","protected":false},"featured_media":268272,"comment_status":"closed","ping_status":"open","template":"","meta":{"_angie_page":false},"product_brand":[27095],"product_cat":[23652,25844,16460,26835,26223],"product_tag":[],"class_list":{"0":"post-242398","1":"product","2":"type-product","3":"status-publish","4":"has-post-thumbnail","6":"product_brand-ancient-wisdom","7":"product_cat-aceites-esenciales","8":"product_cat-aromas","9":"product_cat-aromaterapia-y-fragancias-para-hogar","10":"product_cat-floral","11":"product_cat-jazmin","12":"pa_collection-50ml-essential-oil-es","13":"pa_made-in-india","14":"pa_size-50ml","16":"first","17":"instock","18":"purchasable","19":"product-type-simple"},"supplier_id":null,"supplier_sku":"PrEO-26","barcode":null,"atum_controlled":true,"out_stock_date":null,"out_stock_threshold":null,"inheritable":false,"inbound_stock":0,"stock_on_hold":0,"sold_today":0,"sales_last_days":0,"reserved_stock":0,"customer_returns":0,"warehouse_damage":0,"lost_in_post":0,"other_logs":0,"out_stock_days":0,"lost_sales":0,"has_location":false,"update_date":"2026-04-28T18:50:19","atum_locations":[],"atum_stock_status":"instock","restock_status":false,"low_stock_amount":"","sales_update_date":"2025-09-05T00:18:04","calc_backorders":null,"_links":{"self":[{"href":"https:\/\/aromasentia.com\/es\/wp-json\/wp\/v2\/product\/242398","targetHints":{"allow":["GET"]}}],"collection":[{"href":"https:\/\/aromasentia.com\/es\/wp-json\/wp\/v2\/product"}],"about":[{"href":"https:\/\/aromasentia.com\/es\/wp-json\/wp\/v2\/types\/product"}],"replies":[{"embeddable":true,"href":"https:\/\/aromasentia.com\/es\/wp-json\/wp\/v2\/comments?post=242398"}],"version-history":[{"count":0,"href":"https:\/\/aromasentia.com\/es\/wp-json\/wp\/v2\/product\/242398\/revisions"}],"wp:featuredmedia":[{"embeddable":true,"href":"https:\/\/aromasentia.com\/es\/wp-json\/wp\/v2\/media\/268272"}],"wp:attachment":[{"href":"https:\/\/aromasentia.com\/es\/wp-json\/wp\/v2\/media?parent=242398"}],"wp:term":[{"taxonomy":"product_brand","embeddable":true,"href":"https:\/\/aromasentia.com\/es\/wp-json\/wp\/v2\/product_brand?post=242398"},{"taxonomy":"product_cat","embeddable":true,"href":"https:\/\/aromasentia.com\/es\/wp-json\/wp\/v2\/product_cat?post=242398"},{"taxonomy":"product_tag","embeddable":true,"href":"https:\/\/aromasentia.com\/es\/wp-json\/wp\/v2\/product_tag?post=242398"}],"curies":[{"name":"wp","href":"https:\/\/api.w.org\/{rel}","templated":true}]}}