{"id":242394,"date":"2025-03-20T15:15:26","date_gmt":"2025-03-20T15:15:26","guid":{"rendered":"https:\/\/aromasentia.com\/product\/dill-seed-50ml-essential-oil\/"},"modified":"2025-05-31T20:25:38","modified_gmt":"2025-05-31T20:25:38","slug":"aceite-esencial-50ml-semilla-de-eneldo","status":"publish","type":"product","link":"https:\/\/aromasentia.com\/es\/aceite-esencial-50ml-semilla-de-eneldo\/","title":{"rendered":"Aceite Esencial 50ml &#8211; Semilla de Eneldo"},"content":{"rendered":"<p><strong>Nombre Latino:<\/strong> Anethum Graveolens<\/p>\n<p><strong>Parte de Plat utilizado:<\/strong> semilla<\/p>\n<p><strong>Fuente:<\/strong> Hungr\u00eda<\/p>\n<p><strong>M\u00e9todo de extracci\u00f3n: <\/strong>destilaci\u00f3n al vapor<\/p>\n<p style=\"text-align: justify;\"><strong><br \/><\/strong><\/p>\n<p style=\"text-align: justify;\"><strong>Desde estimular el sistema inmunitario hasta aliviar los calambres musculares, los beneficios del aceite esencial de semilla de eneldo son numerosos.<\/strong><\/p>\n<p style=\"text-align: justify;\"><\/p>\n<p style=\"text-align: justify;\">Los espasmos pueden ser muy irritantes y, en casos extremos, incluso pueden ser fatales. Los espasmos son casos de contracciones no deseadas y anormales, ya sea en las v\u00edas respiratorias, intestinos, m\u00fasculos o nervios. Tales ataques de espasmos pueden ser pacificados con la ayuda del aceite esencial de eneldo. Tiene un efecto relajante en los nervios, m\u00fasculos, intestinos y el sistema respiratorio y pacifica los ataques espasm\u00f3dicos, proporcionando un alivio r\u00e1pido.<\/p>\n<p style=\"text-align: justify;\"><\/p>\n<p style=\"text-align: justify;\">El aceite de eneldo&nbsp;tambi\u00e9n es conocido por sus propiedades desinfectantes. Se puede usar en forma diluida para aplicar sobre el cuero cabelludo para proteger el cabello de diversas infecciones e incluso piojos.<\/p>\n<p style=\"text-align: justify;\"><\/p>\n<p style=\"text-align: justify;\">El aceite de eneldo es estomacal, ser estomacal significa ser un agente que act\u00faa como un t\u00f3nico para mantener el est\u00f3mago sano, tonificado y funcionando correctamente. Mantiene el est\u00f3mago en forma adecuada, regula la secreci\u00f3n de jugos digestivos y bilis, lo mantiene a salvo de infecciones y tambi\u00e9n ayuda al proceso de curaci\u00f3n de \u00falceras o heridas, si las hay, en el est\u00f3mago.<\/p>\n","protected":false},"excerpt":{"rendered":"<p>Nombre Latino: Anethum Graveolens Parte de Plat utilizado: semilla Fuente: Hungr\u00eda M\u00e9todo de extracci\u00f3n: destilaci\u00f3n al vapor Desde estimular el sistema inmunitario hasta aliviar los calambres musculares, los beneficios del aceite esencial de semilla de eneldo son numerosos. Los espasmos pueden ser muy irritantes y, en casos extremos, incluso pueden ser fatales. Los espasmos son [&hellip;]<\/p>\n","protected":false},"featured_media":268497,"comment_status":"closed","ping_status":"open","template":"","meta":{"_angie_page":false},"product_brand":[27095],"product_cat":[23652,25844,16460,26863,26171],"product_tag":[],"class_list":{"0":"post-242394","1":"product","2":"type-product","3":"status-publish","4":"has-post-thumbnail","6":"product_brand-ancient-wisdom","7":"product_cat-aceites-esenciales","8":"product_cat-aromas","9":"product_cat-aromaterapia-y-fragancias-para-hogar","10":"product_cat-herbal-aromatico","11":"product_cat-semilla-de-eneldo","12":"pa_collection-50ml-essential-oil-es","13":"pa_made-in-hungria","14":"pa_size-50ml","16":"first","17":"instock","18":"purchasable","19":"product-type-simple"},"supplier_id":null,"supplier_sku":"PrEO-58","barcode":null,"atum_controlled":true,"out_stock_date":null,"out_stock_threshold":null,"inheritable":false,"inbound_stock":null,"stock_on_hold":0,"sold_today":0,"sales_last_days":0,"reserved_stock":null,"customer_returns":null,"warehouse_damage":null,"lost_in_post":null,"other_logs":null,"out_stock_days":0,"lost_sales":0,"has_location":null,"update_date":"2026-04-27T07:18:30","atum_locations":[],"atum_stock_status":"instock","restock_status":false,"low_stock_amount":"","sales_update_date":"2026-01-30T01:24:27","calc_backorders":null,"_links":{"self":[{"href":"https:\/\/aromasentia.com\/es\/wp-json\/wp\/v2\/product\/242394","targetHints":{"allow":["GET"]}}],"collection":[{"href":"https:\/\/aromasentia.com\/es\/wp-json\/wp\/v2\/product"}],"about":[{"href":"https:\/\/aromasentia.com\/es\/wp-json\/wp\/v2\/types\/product"}],"replies":[{"embeddable":true,"href":"https:\/\/aromasentia.com\/es\/wp-json\/wp\/v2\/comments?post=242394"}],"version-history":[{"count":0,"href":"https:\/\/aromasentia.com\/es\/wp-json\/wp\/v2\/product\/242394\/revisions"}],"wp:featuredmedia":[{"embeddable":true,"href":"https:\/\/aromasentia.com\/es\/wp-json\/wp\/v2\/media\/268497"}],"wp:attachment":[{"href":"https:\/\/aromasentia.com\/es\/wp-json\/wp\/v2\/media?parent=242394"}],"wp:term":[{"taxonomy":"product_brand","embeddable":true,"href":"https:\/\/aromasentia.com\/es\/wp-json\/wp\/v2\/product_brand?post=242394"},{"taxonomy":"product_cat","embeddable":true,"href":"https:\/\/aromasentia.com\/es\/wp-json\/wp\/v2\/product_cat?post=242394"},{"taxonomy":"product_tag","embeddable":true,"href":"https:\/\/aromasentia.com\/es\/wp-json\/wp\/v2\/product_tag?post=242394"}],"curies":[{"name":"wp","href":"https:\/\/api.w.org\/{rel}","templated":true}]}}