{"id":242386,"date":"2025-03-20T15:15:26","date_gmt":"2025-03-20T15:15:26","guid":{"rendered":"https:\/\/aromasentia.com\/product\/cajaput-50ml-essential-oil\/"},"modified":"2025-05-31T20:25:32","modified_gmt":"2025-05-31T20:25:32","slug":"aceite-esencial-50ml-cajaput","status":"publish","type":"product","link":"https:\/\/aromasentia.com\/es\/aceite-esencial-50ml-cajaput\/","title":{"rendered":"Aceite Esencial 50ml &#8211; Cajaput"},"content":{"rendered":"<p><strong>Nombre latino: <\/strong>Melaleuca Cajuputi<\/p>\n<p><strong>Parte de la planta utilizada:<\/strong> hojas y ramitas<\/p>\n<p><strong>Fuente:<\/strong> Indonesia<\/p>\n<p><strong>M\u00e9todo de extracci\u00f3n:<\/strong> destilaci\u00f3n al vapor<\/p>\n<p><\/p>\n<p style=\"text-align: justify;\">El Aceite esencial de Cajaput se usa para tratar resfriados, dolores de cabeza y dolor de muelas. Es muy eficaz en la lucha contra las infecciones por bacterias, virus y hongos, como el t\u00e9tanos (bacterias), la gripe (virus) y enfermedades infecciosas como el c\u00f3lera y la fiebre tifoidea.<\/p>\n<p style=\"text-align: justify;\"><\/p>\n<p style=\"text-align: justify;\"><strong>El aceite de cajuput es muy eficiente para matar y ahuyentar a los insectos<\/strong>. Sus propiedades insecticidas son tan fuertes que su soluci\u00f3n diluida se puede rociar o vaporizar con la ayuda de un vaporizador para alejar a los mosquitos, hormigas y muchos otros tipos de plagas de las habitaciones. Una soluci\u00f3n diluida de aceite de cajuput tambi\u00e9n se puede frotar sobre el cuerpo para mantener alejados a los insectos.<\/p>\n<p style=\"text-align: justify;\"><\/p>\n<p style=\"text-align: justify;\">Al igual que el aceite de eucalipto, el aceite de cajuput tambi\u00e9n es un experto descongestionante y expectorante. Al ser un descongestionante, proporciona un alivio inmediato en la congesti\u00f3n de la nariz, la garganta y otros \u00f3rganos respiratorios, as\u00ed como para la tos, las infecciones y la inflamaci\u00f3n resultante de la garganta.<\/p>\n<p style=\"text-align: justify;\"><\/p>\n<p style=\"text-align: justify;\"><strong>Es de naturaleza analg\u00e9sica, lo que significa que reduce la sensaci\u00f3n de dolor. <\/strong>Cuando se aplica localmente, como en un diente infectado en caso de dolor de muelas o se frota en la frente en caso de dolor de cabeza. Aplicar solo en soluciones altamente diluidas.<\/p>\n","protected":false},"excerpt":{"rendered":"<p>Nombre latino: Melaleuca Cajuputi Parte de la planta utilizada: hojas y ramitas Fuente: Indonesia M\u00e9todo de extracci\u00f3n: destilaci\u00f3n al vapor El Aceite esencial de Cajaput se usa para tratar resfriados, dolores de cabeza y dolor de muelas. Es muy eficaz en la lucha contra las infecciones por bacterias, virus y hongos, como el t\u00e9tanos (bacterias), [&hellip;]<\/p>\n","protected":false},"featured_media":268479,"comment_status":"closed","ping_status":"open","template":"","meta":{"_angie_page":false},"product_brand":[27095],"product_cat":[23652,16460],"product_tag":[],"class_list":{"0":"post-242386","1":"product","2":"type-product","3":"status-publish","4":"has-post-thumbnail","6":"product_brand-ancient-wisdom","7":"product_cat-aceites-esenciales","8":"product_cat-aromaterapia-y-fragancias-para-hogar","9":"pa_collection-50ml-essential-oil-es","10":"pa_made-in-indonesia","11":"pa_size-50ml","13":"first","14":"instock","15":"purchasable","16":"product-type-simple"},"supplier_id":null,"supplier_sku":"PrEO-56","barcode":null,"atum_controlled":true,"out_stock_date":null,"out_stock_threshold":null,"inheritable":false,"inbound_stock":null,"stock_on_hold":0,"sold_today":0,"sales_last_days":0,"reserved_stock":null,"customer_returns":null,"warehouse_damage":null,"lost_in_post":null,"other_logs":null,"out_stock_days":0,"lost_sales":0,"has_location":null,"update_date":"2026-04-27T07:18:26","atum_locations":[],"atum_stock_status":"instock","restock_status":false,"low_stock_amount":"","sales_update_date":"2026-02-06T00:00:43","calc_backorders":null,"_links":{"self":[{"href":"https:\/\/aromasentia.com\/es\/wp-json\/wp\/v2\/product\/242386","targetHints":{"allow":["GET"]}}],"collection":[{"href":"https:\/\/aromasentia.com\/es\/wp-json\/wp\/v2\/product"}],"about":[{"href":"https:\/\/aromasentia.com\/es\/wp-json\/wp\/v2\/types\/product"}],"replies":[{"embeddable":true,"href":"https:\/\/aromasentia.com\/es\/wp-json\/wp\/v2\/comments?post=242386"}],"version-history":[{"count":0,"href":"https:\/\/aromasentia.com\/es\/wp-json\/wp\/v2\/product\/242386\/revisions"}],"wp:featuredmedia":[{"embeddable":true,"href":"https:\/\/aromasentia.com\/es\/wp-json\/wp\/v2\/media\/268479"}],"wp:attachment":[{"href":"https:\/\/aromasentia.com\/es\/wp-json\/wp\/v2\/media?parent=242386"}],"wp:term":[{"taxonomy":"product_brand","embeddable":true,"href":"https:\/\/aromasentia.com\/es\/wp-json\/wp\/v2\/product_brand?post=242386"},{"taxonomy":"product_cat","embeddable":true,"href":"https:\/\/aromasentia.com\/es\/wp-json\/wp\/v2\/product_cat?post=242386"},{"taxonomy":"product_tag","embeddable":true,"href":"https:\/\/aromasentia.com\/es\/wp-json\/wp\/v2\/product_tag?post=242386"}],"curies":[{"name":"wp","href":"https:\/\/api.w.org\/{rel}","templated":true}]}}