{"id":242374,"date":"2025-03-20T15:15:26","date_gmt":"2025-03-20T15:15:26","guid":{"rendered":"https:\/\/aromasentia.com\/product\/may-chang-50ml-essential-oil\/"},"modified":"2025-05-31T20:25:23","modified_gmt":"2025-05-31T20:25:23","slug":"aceite-esencial-50ml-may-chang","status":"publish","type":"product","link":"https:\/\/aromasentia.com\/es\/aceite-esencial-50ml-may-chang\/","title":{"rendered":"Aceite Esencial 50ml &#8211; May Chang"},"content":{"rendered":"<p><strong>Nombre latino:<\/strong> Litsea Cubeba<\/p>\n<p><strong>Parte de la planta utilizada: <\/strong>fruta<\/p>\n<p><strong>Fuente:<\/strong> China<\/p>\n<p><strong>M\u00e9todo de extracci\u00f3n: <\/strong>destilaci\u00f3n al vapor<\/p>\n<p><strong><br \/><\/strong><\/p>\n<p style=\"text-align: justify;\"><strong>May Chang Essential Oil es un aceite muy estimulante y \u00fatil en tiempos de fatiga, melancol\u00eda y ansiedad. <\/strong>Se usa para crear un ambiente alegre cuando se difunde. Usado tradicionalmente como ayuda digestiva, May Chang puede ayudar con una mala digesti\u00f3n y estimular el apetito.<\/p>\n<p style=\"text-align: justify;\"><\/p>\n<p style=\"text-align: justify;\">El aceite esencial de chang may&nbsp;tiene una acci\u00f3n refrescante, estimulante y estimulante, lo que lo hace perfecto para aliviar la fatiga y los estados psicol\u00f3gicos let\u00e1rgicos. Y debido a que este aceite es un t\u00f3nico para el sistema nervioso, lo hace ideal para despejar la cabeza cuando se siente ansioso, estresado o aturdido.<\/p>\n<p style=\"text-align: justify;\"><\/p>\n<p style=\"text-align: justify;\">Tambi\u00e9n tiene propiedades antis\u00e9pticas, antif\u00fangicas y antivirales sorprendentemente buenas, que pueden usarse para ayudar a mantener a raya la tos, los resfriados y el pie de atleta. Tambi\u00e9n es ideal para trabajos de limpieza en el hogar, como esterilizar encimeras de cocina. Para aumentar su efectividad, la mezcla puede cambiar con el \u00e1rbol de t\u00e9 y tendr\u00e1 una poderosa acci\u00f3n de limpieza sin el desagradable aroma a desinfectante. <\/p>\n","protected":false},"excerpt":{"rendered":"<p>Nombre latino: Litsea Cubeba Parte de la planta utilizada: fruta Fuente: China M\u00e9todo de extracci\u00f3n: destilaci\u00f3n al vapor May Chang Essential Oil es un aceite muy estimulante y \u00fatil en tiempos de fatiga, melancol\u00eda y ansiedad. Se usa para crear un ambiente alegre cuando se difunde. Usado tradicionalmente como ayuda digestiva, May Chang puede ayudar [&hellip;]<\/p>\n","protected":false},"featured_media":268452,"comment_status":"closed","ping_status":"open","template":"","meta":{"_angie_page":false},"product_brand":[27095],"product_cat":[23652,25844,16460,26821,26273],"product_tag":[],"class_list":{"0":"post-242374","1":"product","2":"type-product","3":"status-publish","4":"has-post-thumbnail","6":"product_brand-ancient-wisdom","7":"product_cat-aceites-esenciales","8":"product_cat-aromas","9":"product_cat-aromaterapia-y-fragancias-para-hogar","10":"product_cat-citrico","11":"product_cat-may-chang-litsea-cubeba","12":"pa_collection-50ml-essential-oil-es","13":"pa_made-in-china","14":"pa_size-50ml","16":"first","17":"instock","18":"purchasable","19":"product-type-simple"},"supplier_id":null,"supplier_sku":"PrEO-52","barcode":null,"atum_controlled":true,"out_stock_date":null,"out_stock_threshold":null,"inheritable":false,"inbound_stock":null,"stock_on_hold":0,"sold_today":0,"sales_last_days":0,"reserved_stock":null,"customer_returns":null,"warehouse_damage":null,"lost_in_post":null,"other_logs":null,"out_stock_days":0,"lost_sales":0,"has_location":null,"update_date":"2026-04-27T07:18:26","atum_locations":[],"atum_stock_status":"instock","restock_status":false,"low_stock_amount":"","sales_update_date":"2025-09-05T00:18:10","calc_backorders":null,"_links":{"self":[{"href":"https:\/\/aromasentia.com\/es\/wp-json\/wp\/v2\/product\/242374","targetHints":{"allow":["GET"]}}],"collection":[{"href":"https:\/\/aromasentia.com\/es\/wp-json\/wp\/v2\/product"}],"about":[{"href":"https:\/\/aromasentia.com\/es\/wp-json\/wp\/v2\/types\/product"}],"replies":[{"embeddable":true,"href":"https:\/\/aromasentia.com\/es\/wp-json\/wp\/v2\/comments?post=242374"}],"version-history":[{"count":0,"href":"https:\/\/aromasentia.com\/es\/wp-json\/wp\/v2\/product\/242374\/revisions"}],"wp:featuredmedia":[{"embeddable":true,"href":"https:\/\/aromasentia.com\/es\/wp-json\/wp\/v2\/media\/268452"}],"wp:attachment":[{"href":"https:\/\/aromasentia.com\/es\/wp-json\/wp\/v2\/media?parent=242374"}],"wp:term":[{"taxonomy":"product_brand","embeddable":true,"href":"https:\/\/aromasentia.com\/es\/wp-json\/wp\/v2\/product_brand?post=242374"},{"taxonomy":"product_cat","embeddable":true,"href":"https:\/\/aromasentia.com\/es\/wp-json\/wp\/v2\/product_cat?post=242374"},{"taxonomy":"product_tag","embeddable":true,"href":"https:\/\/aromasentia.com\/es\/wp-json\/wp\/v2\/product_tag?post=242374"}],"curies":[{"name":"wp","href":"https:\/\/api.w.org\/{rel}","templated":true}]}}