{"id":242362,"date":"2025-03-20T15:15:26","date_gmt":"2025-03-20T15:15:26","guid":{"rendered":"https:\/\/aromasentia.com\/product\/sage-50ml-essential-oil\/"},"modified":"2025-05-31T20:24:53","modified_gmt":"2025-05-31T20:24:53","slug":"aceite-esencial-50ml-sabia","status":"publish","type":"product","link":"https:\/\/aromasentia.com\/es\/aceite-esencial-50ml-sabia\/","title":{"rendered":"Aceite Esencial 50ml &#8211; Sabia"},"content":{"rendered":"<p><strong>Nombre latino: <\/strong>Salvia Officinalis<\/p>\n<p><strong>Parte de la planta utilizada:<\/strong> hojas secas<\/p>\n<p><strong>Fuente:<\/strong> espa\u00f1a<\/p>\n<p><strong>M\u00e9todo de extracci\u00f3n: <\/strong>destilaci\u00f3n al vapor<\/p>\n<p style=\"text-align: justify;\"><\/p>\n<p style=\"text-align: justify;\">Los beneficios para la salud del&nbsp;aceite esencial de salvia&nbsp;se pueden atribuir a sus propiedades como antif\u00fangico, antimicrobiano, antioxidante, antis\u00e9ptico, antiinflamatorio, antiespasm\u00f3dico, antibacteriano, colag\u00e9nico y coler\u00e9tico, cicatrizante, depurativo, digestivo, desinfectante, emenagogo, expectorante, febr\u00edfugo, laxante. , y una sustancia estimulante.<\/p>\n<p style=\"text-align: justify;\"><\/p>\n<p style=\"text-align: justify;\"><strong>La presencia de alcanfor y canfeno en este aceite esencial le confiere una propiedad antif\u00fangica<\/strong>. Este aceite es capaz de inhibir las infecciones por hongos, tanto interna como externamente, y alivia las infecciones por hongos como la disenter\u00eda, enfermedades de la piel, pie de atleta o dermatitis. Esta propiedad es una de las causas detr\u00e1s de su uso en productos para el cuidado de la piel.<\/p>\n<p style=\"text-align: justify;\"><\/p>\n<p style=\"text-align: justify;\">El aceite esencial de salvia ayuda a la digesti\u00f3n, calma el est\u00f3mago y mejora la funcionalidad de todo el sistema digestivo contra la inflamaci\u00f3n causada por el exceso de \u00e1cidos. Tambi\u00e9n neutraliza los \u00e1cidos en el est\u00f3mago y el torrente sangu\u00edneo, proporcionando alivio de la acidez y la acidosis, lo que a su vez nos protege de las \u00falceras p\u00e9pticas debidas a la acidez, as\u00ed como de for\u00fanculos, erupciones y enfermedades de la piel que ocurren cuando los niveles de \u00e1cido aumentan en el sangre.<\/p>\n","protected":false},"excerpt":{"rendered":"<p>Nombre latino: Salvia Officinalis Parte de la planta utilizada: hojas secas Fuente: espa\u00f1a M\u00e9todo de extracci\u00f3n: destilaci\u00f3n al vapor Los beneficios para la salud del&nbsp;aceite esencial de salvia&nbsp;se pueden atribuir a sus propiedades como antif\u00fangico, antimicrobiano, antioxidante, antis\u00e9ptico, antiinflamatorio, antiespasm\u00f3dico, antibacteriano, colag\u00e9nico y coler\u00e9tico, cicatrizante, depurativo, digestivo, desinfectante, emenagogo, expectorante, febr\u00edfugo, laxante. , y una [&hellip;]<\/p>\n","protected":false},"featured_media":268425,"comment_status":"closed","ping_status":"open","template":"","meta":{"_angie_page":false},"product_brand":[27095],"product_cat":[23652,25844,16460,26863,26384],"product_tag":[],"class_list":{"0":"post-242362","1":"product","2":"type-product","3":"status-publish","4":"has-post-thumbnail","6":"product_brand-ancient-wisdom","7":"product_cat-aceites-esenciales","8":"product_cat-aromas","9":"product_cat-aromaterapia-y-fragancias-para-hogar","10":"product_cat-herbal-aromatico","11":"product_cat-salvia","12":"pa_collection-50ml-essential-oil-es","13":"pa_made-in-espana","14":"pa_size-50ml","16":"first","17":"instock","18":"purchasable","19":"product-type-simple"},"supplier_id":null,"supplier_sku":"PrEO-47","barcode":null,"atum_controlled":true,"out_stock_date":null,"out_stock_threshold":null,"inheritable":false,"inbound_stock":null,"stock_on_hold":0,"sold_today":0,"sales_last_days":0,"reserved_stock":null,"customer_returns":null,"warehouse_damage":null,"lost_in_post":null,"other_logs":null,"out_stock_days":0,"lost_sales":0,"has_location":null,"update_date":"2026-04-29T01:07:01","atum_locations":[],"atum_stock_status":"instock","restock_status":false,"low_stock_amount":"","sales_update_date":"2025-09-05T00:18:09","calc_backorders":null,"_links":{"self":[{"href":"https:\/\/aromasentia.com\/es\/wp-json\/wp\/v2\/product\/242362","targetHints":{"allow":["GET"]}}],"collection":[{"href":"https:\/\/aromasentia.com\/es\/wp-json\/wp\/v2\/product"}],"about":[{"href":"https:\/\/aromasentia.com\/es\/wp-json\/wp\/v2\/types\/product"}],"replies":[{"embeddable":true,"href":"https:\/\/aromasentia.com\/es\/wp-json\/wp\/v2\/comments?post=242362"}],"version-history":[{"count":0,"href":"https:\/\/aromasentia.com\/es\/wp-json\/wp\/v2\/product\/242362\/revisions"}],"wp:featuredmedia":[{"embeddable":true,"href":"https:\/\/aromasentia.com\/es\/wp-json\/wp\/v2\/media\/268425"}],"wp:attachment":[{"href":"https:\/\/aromasentia.com\/es\/wp-json\/wp\/v2\/media?parent=242362"}],"wp:term":[{"taxonomy":"product_brand","embeddable":true,"href":"https:\/\/aromasentia.com\/es\/wp-json\/wp\/v2\/product_brand?post=242362"},{"taxonomy":"product_cat","embeddable":true,"href":"https:\/\/aromasentia.com\/es\/wp-json\/wp\/v2\/product_cat?post=242362"},{"taxonomy":"product_tag","embeddable":true,"href":"https:\/\/aromasentia.com\/es\/wp-json\/wp\/v2\/product_tag?post=242362"}],"curies":[{"name":"wp","href":"https:\/\/api.w.org\/{rel}","templated":true}]}}