{"id":242350,"date":"2025-03-20T15:15:26","date_gmt":"2025-03-20T15:15:26","guid":{"rendered":"https:\/\/aromasentia.com\/product\/coriander-seed-50ml-essential-oil\/"},"modified":"2025-05-31T20:24:35","modified_gmt":"2025-05-31T20:24:35","slug":"aceite-esencial-50ml-cilantro","status":"publish","type":"product","link":"https:\/\/aromasentia.com\/es\/aceite-esencial-50ml-cilantro\/","title":{"rendered":"Aceite Esencial 50ml &#8211; Cilantro"},"content":{"rendered":"<p><strong>Nombre latino: <\/strong>Coriandrum Sativum<\/p>\n<p><strong>Parte de la planta utilizada<\/strong>: semilla<\/p>\n<p><strong>Fuente:<\/strong> Rusia<\/p>\n<p><strong>M\u00e9todo de extracci\u00f3n: <\/strong>destilaci\u00f3n al vapor<\/p>\n<p style=\"text-align: justify;\"><\/p>\n<p style=\"text-align: justify;\">Los beneficios para la salud del aceite esencial de cilantro se pueden atribuir a sus propiedades como analg\u00e9sico, afrodis\u00edaco, antiespasm\u00f3dico, carminativo, depurativo, desodorante, digestivo, fungicida, lipol\u00edtico, estimulante y estomacal.<\/p>\n<p style=\"text-align: justify;\"><\/p>\n<p style=\"text-align: justify;\"><strong>El aceite esencial de cilantro puede hacer que su vida de casado sea celestial<\/strong>. Despierta y aumenta la libido, adem\u00e1s de curar la impotencia temporal, la frigidez de hombres y mujeres, la disfunci\u00f3n er\u00e9ctil y la p\u00e9rdida general de inter\u00e9s en el sexo.<\/p>\n<p style=\"text-align: justify;\"><\/p>\n<p style=\"text-align: justify;\">Las personas que est\u00e1n hartas de probar todos los m\u00e9todos posibles para perder peso deben prestar atenci\u00f3n a esta propiedad del aceite esencial de cilantro. Promueve la lip\u00f3lisis, lo que significa la hidr\u00f3lisis de los l\u00edpidos, lo que a su vez significa la hidr\u00f3lisis o la descomposici\u00f3n de las grasas y el colesterol. Cuanto m\u00e1s r\u00e1pida sea la lip\u00f3lisis, m\u00e1s r\u00e1pido adelgazar\u00e1s y perder\u00e1s peso.<\/p>\n<p style=\"text-align: justify;\"><\/p>\n<p style=\"text-align: justify;\">El cilantro tambi\u00e9n alivia los calambres nerviosos, las convulsiones y, en general, relaja el cuerpo y la mente. Tambi\u00e9n estimula y calienta los sistemas de \u00f3rganos y diversas funciones que se desarrollan dentro del cuerpo. Estimula las secreciones de hormonas y enzimas, la digesti\u00f3n, la excreci\u00f3n, las funciones cerebrales y la actividad del sistema nervioso. Tambi\u00e9n combate la depresi\u00f3n y estimula tu esp\u00edritu.<\/p>\n","protected":false},"excerpt":{"rendered":"<p>Nombre latino: Coriandrum Sativum Parte de la planta utilizada: semilla Fuente: Rusia M\u00e9todo de extracci\u00f3n: destilaci\u00f3n al vapor Los beneficios para la salud del aceite esencial de cilantro se pueden atribuir a sus propiedades como analg\u00e9sico, afrodis\u00edaco, antiespasm\u00f3dico, carminativo, depurativo, desodorante, digestivo, fungicida, lipol\u00edtico, estimulante y estomacal. El aceite esencial de cilantro puede hacer que [&hellip;]<\/p>\n","protected":false},"featured_media":268398,"comment_status":"closed","ping_status":"open","template":"","meta":[],"product_brand":[27095],"product_cat":[23652,25844,16460,26891,26152],"product_tag":[],"class_list":{"0":"post-242350","1":"product","2":"type-product","3":"status-publish","4":"has-post-thumbnail","6":"product_brand-ancient-wisdom","7":"product_cat-aceites-esenciales","8":"product_cat-aromas","9":"product_cat-aromaterapia-y-fragancias-para-hogar","10":"product_cat-especiado","11":"product_cat-semilla-de-cilantro","12":"pa_collection-50ml-essential-oil-es","13":"pa_made-in-hungria","14":"pa_size-50ml","16":"first","17":"instock","18":"purchasable","19":"product-type-simple"},"supplier_id":null,"supplier_sku":"PrEO-42","barcode":null,"atum_controlled":true,"out_stock_date":null,"out_stock_threshold":null,"inheritable":false,"inbound_stock":null,"stock_on_hold":0,"sold_today":0,"sales_last_days":0,"reserved_stock":null,"customer_returns":null,"warehouse_damage":null,"lost_in_post":null,"other_logs":null,"out_stock_days":0,"lost_sales":0,"has_location":null,"update_date":"2026-01-30T01:25:00","atum_locations":[],"atum_stock_status":"instock","restock_status":false,"low_stock_amount":"","sales_update_date":"2026-01-30T01:25:00","calc_backorders":null,"_links":{"self":[{"href":"https:\/\/aromasentia.com\/es\/wp-json\/wp\/v2\/product\/242350","targetHints":{"allow":["GET"]}}],"collection":[{"href":"https:\/\/aromasentia.com\/es\/wp-json\/wp\/v2\/product"}],"about":[{"href":"https:\/\/aromasentia.com\/es\/wp-json\/wp\/v2\/types\/product"}],"replies":[{"embeddable":true,"href":"https:\/\/aromasentia.com\/es\/wp-json\/wp\/v2\/comments?post=242350"}],"version-history":[{"count":0,"href":"https:\/\/aromasentia.com\/es\/wp-json\/wp\/v2\/product\/242350\/revisions"}],"wp:featuredmedia":[{"embeddable":true,"href":"https:\/\/aromasentia.com\/es\/wp-json\/wp\/v2\/media\/268398"}],"wp:attachment":[{"href":"https:\/\/aromasentia.com\/es\/wp-json\/wp\/v2\/media?parent=242350"}],"wp:term":[{"taxonomy":"product_brand","embeddable":true,"href":"https:\/\/aromasentia.com\/es\/wp-json\/wp\/v2\/product_brand?post=242350"},{"taxonomy":"product_cat","embeddable":true,"href":"https:\/\/aromasentia.com\/es\/wp-json\/wp\/v2\/product_cat?post=242350"},{"taxonomy":"product_tag","embeddable":true,"href":"https:\/\/aromasentia.com\/es\/wp-json\/wp\/v2\/product_tag?post=242350"}],"curies":[{"name":"wp","href":"https:\/\/api.w.org\/{rel}","templated":true}]}}