{"id":242342,"date":"2025-03-20T15:15:45","date_gmt":"2025-03-20T15:15:45","guid":{"rendered":"https:\/\/aromasentia.com\/product\/rose-geranium-50ml-essential-oil\/"},"modified":"2025-05-31T20:24:30","modified_gmt":"2025-05-31T20:24:30","slug":"aceite-esencial-50ml-rosa-geranio","status":"publish","type":"product","link":"https:\/\/aromasentia.com\/es\/aceite-esencial-50ml-rosa-geranio\/","title":{"rendered":"Aceite Esencial 50ml &#8211; Rosa Geranio"},"content":{"rendered":"<p><strong>Nombre latino:<\/strong> Pelargonium Graveolens y P \/ Rosa Egipto<\/p>\n<p><strong>Mezcla de aceites esenciales<\/strong><\/p>\n<p style=\"text-align: justify;\"><\/p>\n<p style=\"text-align: justify;\">Aceite esencial de Rosa Geranio es un ingrediente activo en algunos productos cosm\u00e9ticos, como lociones y fragancias. Una revisi\u00f3n de estudios de 2017 demostr\u00f3 que las propiedades antioxidantes en el aceite de geranio rosa pueden ayudar a reducir los signos del envejecimiento. Los antioxidantes est\u00e1n bien establecidos como agentes naturales para mejorar la capacidad de su piel para curarse de las toxinas y la exposici\u00f3n ambiental.<\/p>\n<p><strong><br \/><\/strong><\/p>\n<p><strong>El aceite de geranio rosa tiene fuertes propiedades antimicrobianas, antif\u00fangicas y antivirales.<\/strong><\/p>\n","protected":false},"excerpt":{"rendered":"<p>Nombre latino: Pelargonium Graveolens y P \/ Rosa Egipto Mezcla de aceites esenciales Aceite esencial de Rosa Geranio es un ingrediente activo en algunos productos cosm\u00e9ticos, como lociones y fragancias. Una revisi\u00f3n de estudios de 2017 demostr\u00f3 que las propiedades antioxidantes en el aceite de geranio rosa pueden ayudar a reducir los signos del envejecimiento. [&hellip;]<\/p>\n","protected":false},"featured_media":268614,"comment_status":"closed","ping_status":"open","template":"","meta":{"_angie_page":false},"product_brand":[27095],"product_cat":[23652,25844,16460,26835,26189,26367],"product_tag":[],"class_list":{"0":"post-242342","1":"product","2":"type-product","3":"status-publish","4":"has-post-thumbnail","6":"product_brand-ancient-wisdom","7":"product_cat-aceites-esenciales","8":"product_cat-aromas","9":"product_cat-aromaterapia-y-fragancias-para-hogar","10":"product_cat-floral","11":"product_cat-incienso","12":"product_cat-rosa","13":"pa_collection-50ml-essential-oil-es","14":"pa_made-in-reunion","15":"pa_size-50ml","17":"first","18":"instock","19":"purchasable","20":"product-type-simple"},"supplier_id":null,"supplier_sku":"PrEO-75","barcode":null,"atum_controlled":true,"out_stock_date":null,"out_stock_threshold":null,"inheritable":false,"inbound_stock":null,"stock_on_hold":0,"sold_today":0,"sales_last_days":0,"reserved_stock":null,"customer_returns":null,"warehouse_damage":null,"lost_in_post":null,"other_logs":null,"out_stock_days":0,"lost_sales":0,"has_location":null,"update_date":"2026-04-27T07:18:30","atum_locations":[],"atum_stock_status":"instock","restock_status":false,"low_stock_amount":"","sales_update_date":"2026-01-30T01:26:40","calc_backorders":null,"_links":{"self":[{"href":"https:\/\/aromasentia.com\/es\/wp-json\/wp\/v2\/product\/242342","targetHints":{"allow":["GET"]}}],"collection":[{"href":"https:\/\/aromasentia.com\/es\/wp-json\/wp\/v2\/product"}],"about":[{"href":"https:\/\/aromasentia.com\/es\/wp-json\/wp\/v2\/types\/product"}],"replies":[{"embeddable":true,"href":"https:\/\/aromasentia.com\/es\/wp-json\/wp\/v2\/comments?post=242342"}],"version-history":[{"count":0,"href":"https:\/\/aromasentia.com\/es\/wp-json\/wp\/v2\/product\/242342\/revisions"}],"wp:featuredmedia":[{"embeddable":true,"href":"https:\/\/aromasentia.com\/es\/wp-json\/wp\/v2\/media\/268614"}],"wp:attachment":[{"href":"https:\/\/aromasentia.com\/es\/wp-json\/wp\/v2\/media?parent=242342"}],"wp:term":[{"taxonomy":"product_brand","embeddable":true,"href":"https:\/\/aromasentia.com\/es\/wp-json\/wp\/v2\/product_brand?post=242342"},{"taxonomy":"product_cat","embeddable":true,"href":"https:\/\/aromasentia.com\/es\/wp-json\/wp\/v2\/product_cat?post=242342"},{"taxonomy":"product_tag","embeddable":true,"href":"https:\/\/aromasentia.com\/es\/wp-json\/wp\/v2\/product_tag?post=242342"}],"curies":[{"name":"wp","href":"https:\/\/api.w.org\/{rel}","templated":true}]}}