{"id":242334,"date":"2025-03-20T15:15:45","date_gmt":"2025-03-20T15:15:45","guid":{"rendered":"https:\/\/aromasentia.com\/product\/bay-leaf-50ml-essential-oil\/"},"modified":"2025-05-31T20:24:24","modified_gmt":"2025-05-31T20:24:24","slug":"aceite-esencial-50ml-laurel","status":"publish","type":"product","link":"https:\/\/aromasentia.com\/es\/aceite-esencial-50ml-laurel\/","title":{"rendered":"Aceite Esencial 50ml &#8211; Laurel"},"content":{"rendered":"<p><strong>Nombre latino:<\/strong> Pimenta Racemosa<\/p>\n<p><strong>Parte de planta utilizada:<\/strong> hojas<\/p>\n<p><strong>Fuente:<\/strong> Caribe<\/p>\n<p><strong>M\u00e9todo de extracci\u00f3n: <\/strong>destilaci\u00f3n al vapor<\/p>\n<p><\/p>\n<p style=\"text-align: justify;\">Laurel es otra planta que ha sido apreciada por sus usos en medicina y cocina. Las hojas de laurel se han utilizado varios tipos de cocci\u00f3n y condimentos y la fruta es uno de los ingredientes de All Spice.<\/p>\n<p style=\"text-align: justify;\"><\/p>\n<p style=\"text-align: justify;\">Bay se ha utilizado durante mucho tiempo en t\u00f3nicos para el cabello, ya que se dice que es para el cuero cabelludo, as\u00ed como para tratar el cabello y promover el crecimiento. Tambi\u00e9n se dice que el aceite esencial de la hoja de laurel es bueno para dolores, dolores, circulaci\u00f3n y reumatismo, adem\u00e1s de ser una ayuda para el sistema inmunol\u00f3gico cuando se lucha contra la enfermedad.<\/p>\n","protected":false},"excerpt":{"rendered":"<p>Nombre latino: Pimenta Racemosa Parte de planta utilizada: hojas Fuente: Caribe M\u00e9todo de extracci\u00f3n: destilaci\u00f3n al vapor Laurel es otra planta que ha sido apreciada por sus usos en medicina y cocina. Las hojas de laurel se han utilizado varios tipos de cocci\u00f3n y condimentos y la fruta es uno de los ingredientes de All [&hellip;]<\/p>\n","protected":false},"featured_media":268596,"comment_status":"closed","ping_status":"open","template":"","meta":{"_angie_page":false},"product_brand":[27095],"product_cat":[23652,25844,16460,26863,26094],"product_tag":[],"class_list":{"0":"post-242334","1":"product","2":"type-product","3":"status-publish","4":"has-post-thumbnail","6":"product_brand-ancient-wisdom","7":"product_cat-aceites-esenciales","8":"product_cat-aromas","9":"product_cat-aromaterapia-y-fragancias-para-hogar","10":"product_cat-herbal-aromatico","11":"product_cat-hoja-de-laurel","12":"pa_collection-50ml-essential-oil-es","13":"pa_made-in-caribe-neerlandes","14":"pa_size-50ml","16":"first","17":"instock","18":"purchasable","19":"product-type-simple"},"supplier_id":null,"supplier_sku":"PrEO-73","barcode":null,"atum_controlled":true,"out_stock_date":null,"out_stock_threshold":null,"inheritable":false,"inbound_stock":null,"stock_on_hold":0,"sold_today":0,"sales_last_days":0,"reserved_stock":null,"customer_returns":null,"warehouse_damage":null,"lost_in_post":null,"other_logs":null,"out_stock_days":0,"lost_sales":0,"has_location":null,"update_date":"2026-04-27T07:18:30","atum_locations":[],"atum_stock_status":"instock","restock_status":false,"low_stock_amount":"","sales_update_date":"2026-01-30T01:25:48","calc_backorders":null,"_links":{"self":[{"href":"https:\/\/aromasentia.com\/es\/wp-json\/wp\/v2\/product\/242334","targetHints":{"allow":["GET"]}}],"collection":[{"href":"https:\/\/aromasentia.com\/es\/wp-json\/wp\/v2\/product"}],"about":[{"href":"https:\/\/aromasentia.com\/es\/wp-json\/wp\/v2\/types\/product"}],"replies":[{"embeddable":true,"href":"https:\/\/aromasentia.com\/es\/wp-json\/wp\/v2\/comments?post=242334"}],"version-history":[{"count":0,"href":"https:\/\/aromasentia.com\/es\/wp-json\/wp\/v2\/product\/242334\/revisions"}],"wp:featuredmedia":[{"embeddable":true,"href":"https:\/\/aromasentia.com\/es\/wp-json\/wp\/v2\/media\/268596"}],"wp:attachment":[{"href":"https:\/\/aromasentia.com\/es\/wp-json\/wp\/v2\/media?parent=242334"}],"wp:term":[{"taxonomy":"product_brand","embeddable":true,"href":"https:\/\/aromasentia.com\/es\/wp-json\/wp\/v2\/product_brand?post=242334"},{"taxonomy":"product_cat","embeddable":true,"href":"https:\/\/aromasentia.com\/es\/wp-json\/wp\/v2\/product_cat?post=242334"},{"taxonomy":"product_tag","embeddable":true,"href":"https:\/\/aromasentia.com\/es\/wp-json\/wp\/v2\/product_tag?post=242334"}],"curies":[{"name":"wp","href":"https:\/\/api.w.org\/{rel}","templated":true}]}}