{"id":242330,"date":"2025-03-20T15:15:45","date_gmt":"2025-03-20T15:15:45","guid":{"rendered":"https:\/\/aromasentia.com\/product\/lemon-tea-tree50ml-essential-oil\/"},"modified":"2025-06-28T22:23:52","modified_gmt":"2025-06-28T22:23:52","slug":"arbol-de-te-limon-aceite-esencial-50ml","status":"publish","type":"product","link":"https:\/\/aromasentia.com\/es\/arbol-de-te-limon-aceite-esencial-50ml\/","title":{"rendered":"\u00c1rbol de T\u00e9 Lim\u00f3n Aceite Esencial 50ml"},"content":{"rendered":"<p><strong>Latin Name : Leptospermum Petersonii<br \/>Part Of Plant Used : Leaves<br \/>Source : Australia<br \/>Extraction Method : Steam Distillation<\/strong><\/p>\n<p>Uplifting, grounding and cleansing, therapeutically<strong> Lemon Tea Tree Essential Oil <\/strong>is a powerful anti-microbial, anti-septic and anti-histamine. It can be used to combat inflammatory skin conditions, aid sleep and concentration and makes an excellent room deodoriser. Lemon Tea Tree has a fresh &nbsp;astringent, lemony scent that is pungent and slightly herbaceous.<\/p>\n<p>Lemon Tea Tree has a very powerful effect on the emotions, providing calming, centering, and focus to the more challenging times of the day. It can be used to combat backyard nuisances, deodorize a stale room, &nbsp;and has an uplifting and calming effect. It is helpful with concentration and focus, and can aid to ease excess worry and fear, while promoting positive feelings.&nbsp;<\/p>\n","protected":false},"excerpt":{"rendered":"<p>Latin Name : Leptospermum PetersoniiPart Of Plant Used : LeavesSource : AustraliaExtraction Method : Steam Distillation Uplifting, grounding and cleansing, therapeutically Lemon Tea Tree Essential Oil is a powerful anti-microbial, anti-septic and anti-histamine. It can be used to combat inflammatory skin conditions, aid sleep and concentration and makes an excellent room deodoriser. Lemon Tea Tree [&hellip;]<\/p>\n","protected":false},"featured_media":268587,"comment_status":"closed","ping_status":"open","template":"","meta":{"_angie_page":false},"product_brand":[27095],"product_cat":[23652,26243,25844,16460,26821],"product_tag":[],"class_list":{"0":"post-242330","1":"product","2":"type-product","3":"status-publish","4":"has-post-thumbnail","6":"product_brand-ancient-wisdom","7":"product_cat-aceites-esenciales","8":"product_cat-arbol-de-te-de-limon","9":"product_cat-aromas","10":"product_cat-aromaterapia-y-fragancias-para-hogar","11":"product_cat-citrico","12":"pa_collection-50ml-essential-oil-es","13":"pa_made-in-australia","14":"pa_size-50ml","16":"first","17":"instock","18":"purchasable","19":"product-type-simple"},"supplier_id":null,"supplier_sku":"PrEO-72","barcode":null,"atum_controlled":true,"out_stock_date":null,"out_stock_threshold":null,"inheritable":false,"inbound_stock":null,"stock_on_hold":0,"sold_today":0,"sales_last_days":0,"reserved_stock":null,"customer_returns":null,"warehouse_damage":null,"lost_in_post":null,"other_logs":null,"out_stock_days":0,"lost_sales":0,"has_location":null,"update_date":"2026-04-27T07:18:30","atum_locations":[],"atum_stock_status":"instock","restock_status":false,"low_stock_amount":"","sales_update_date":"2026-01-20T05:13:06","calc_backorders":null,"_links":{"self":[{"href":"https:\/\/aromasentia.com\/es\/wp-json\/wp\/v2\/product\/242330","targetHints":{"allow":["GET"]}}],"collection":[{"href":"https:\/\/aromasentia.com\/es\/wp-json\/wp\/v2\/product"}],"about":[{"href":"https:\/\/aromasentia.com\/es\/wp-json\/wp\/v2\/types\/product"}],"replies":[{"embeddable":true,"href":"https:\/\/aromasentia.com\/es\/wp-json\/wp\/v2\/comments?post=242330"}],"version-history":[{"count":0,"href":"https:\/\/aromasentia.com\/es\/wp-json\/wp\/v2\/product\/242330\/revisions"}],"wp:featuredmedia":[{"embeddable":true,"href":"https:\/\/aromasentia.com\/es\/wp-json\/wp\/v2\/media\/268587"}],"wp:attachment":[{"href":"https:\/\/aromasentia.com\/es\/wp-json\/wp\/v2\/media?parent=242330"}],"wp:term":[{"taxonomy":"product_brand","embeddable":true,"href":"https:\/\/aromasentia.com\/es\/wp-json\/wp\/v2\/product_brand?post=242330"},{"taxonomy":"product_cat","embeddable":true,"href":"https:\/\/aromasentia.com\/es\/wp-json\/wp\/v2\/product_cat?post=242330"},{"taxonomy":"product_tag","embeddable":true,"href":"https:\/\/aromasentia.com\/es\/wp-json\/wp\/v2\/product_tag?post=242330"}],"curies":[{"name":"wp","href":"https:\/\/api.w.org\/{rel}","templated":true}]}}