{"id":242318,"date":"2025-03-20T15:15:45","date_gmt":"2025-03-20T15:15:45","guid":{"rendered":"https:\/\/aromasentia.com\/product\/cumin-seed-50ml-essential-oil\/"},"modified":"2025-05-31T20:24:09","modified_gmt":"2025-05-31T20:24:09","slug":"aceite-esencial-50ml-semilla-de-comino","status":"publish","type":"product","link":"https:\/\/aromasentia.com\/es\/aceite-esencial-50ml-semilla-de-comino\/","title":{"rendered":"Aceite Esencial 50ml &#8211; Semilla de Comino"},"content":{"rendered":"<p><strong>Nombre latino: <\/strong>Cuminum Cyminum<\/p>\n<p><strong>Parte de la planta utilizada: <\/strong>semillas<\/p>\n<p><strong>Fuente: <\/strong>Egipto<\/p>\n<p><strong>M\u00e9todo de extracci\u00f3n:<\/strong> destilaci\u00f3n al vapor<\/p>\n<p><\/p>\n<p style=\"text-align: justify;\">El aceite esencial de comino se extrae de sus semillas secas y trituradas a trav\u00e9s de un proceso de destilaci\u00f3n al vapor. El comino es muy popular como especia en todo el mundo, y casi no necesita presentaci\u00f3n.<\/p>\n<p style=\"text-align: justify;\"><\/p>\n<p style=\"text-align: justify;\">El aceite esencial de comino&nbsp;tiene fuertes propiedades antimicrobianas y antibacterianas. Se descubri\u00f3 que es muy eficaz contra bacterias como microorganismos como E. coli., S. aureus, S. faecalis.<\/p>\n<p style=\"text-align: justify;\"><\/p>\n<p style=\"text-align: justify;\">Puede tratar infecciones bacterianas internas como las del colon, el est\u00f3mago, los intestinos y el tracto urinario, as\u00ed como infecciones externas en la piel.<\/p>\n","protected":false},"excerpt":{"rendered":"<p>Nombre latino: Cuminum Cyminum Parte de la planta utilizada: semillas Fuente: Egipto M\u00e9todo de extracci\u00f3n: destilaci\u00f3n al vapor El aceite esencial de comino se extrae de sus semillas secas y trituradas a trav\u00e9s de un proceso de destilaci\u00f3n al vapor. El comino es muy popular como especia en todo el mundo, y casi no necesita [&hellip;]<\/p>\n","protected":false},"featured_media":268560,"comment_status":"closed","ping_status":"open","template":"","meta":[],"product_brand":[27095],"product_cat":[23652,25844,16460,26891,26165],"product_tag":[],"class_list":{"0":"post-242318","1":"product","2":"type-product","3":"status-publish","4":"has-post-thumbnail","6":"product_brand-ancient-wisdom","7":"product_cat-aceites-esenciales","8":"product_cat-aromas","9":"product_cat-aromaterapia-y-fragancias-para-hogar","10":"product_cat-especiado","11":"product_cat-semilla-de-comino","12":"pa_collection-50ml-essential-oil-es","13":"pa_made-in-egipto","14":"pa_size-50ml","16":"first","17":"instock","18":"purchasable","19":"product-type-simple"},"supplier_id":null,"supplier_sku":"PrEO-66","barcode":null,"atum_controlled":true,"out_stock_date":null,"out_stock_threshold":null,"inheritable":false,"inbound_stock":null,"stock_on_hold":0,"sold_today":0,"sales_last_days":0,"reserved_stock":null,"customer_returns":null,"warehouse_damage":null,"lost_in_post":null,"other_logs":null,"out_stock_days":0,"lost_sales":0,"has_location":null,"update_date":"2026-01-30T01:25:53","atum_locations":[],"atum_stock_status":"instock","restock_status":false,"low_stock_amount":"","sales_update_date":"2026-01-30T01:25:53","calc_backorders":null,"_links":{"self":[{"href":"https:\/\/aromasentia.com\/es\/wp-json\/wp\/v2\/product\/242318","targetHints":{"allow":["GET"]}}],"collection":[{"href":"https:\/\/aromasentia.com\/es\/wp-json\/wp\/v2\/product"}],"about":[{"href":"https:\/\/aromasentia.com\/es\/wp-json\/wp\/v2\/types\/product"}],"replies":[{"embeddable":true,"href":"https:\/\/aromasentia.com\/es\/wp-json\/wp\/v2\/comments?post=242318"}],"version-history":[{"count":0,"href":"https:\/\/aromasentia.com\/es\/wp-json\/wp\/v2\/product\/242318\/revisions"}],"wp:featuredmedia":[{"embeddable":true,"href":"https:\/\/aromasentia.com\/es\/wp-json\/wp\/v2\/media\/268560"}],"wp:attachment":[{"href":"https:\/\/aromasentia.com\/es\/wp-json\/wp\/v2\/media?parent=242318"}],"wp:term":[{"taxonomy":"product_brand","embeddable":true,"href":"https:\/\/aromasentia.com\/es\/wp-json\/wp\/v2\/product_brand?post=242318"},{"taxonomy":"product_cat","embeddable":true,"href":"https:\/\/aromasentia.com\/es\/wp-json\/wp\/v2\/product_cat?post=242318"},{"taxonomy":"product_tag","embeddable":true,"href":"https:\/\/aromasentia.com\/es\/wp-json\/wp\/v2\/product_tag?post=242318"}],"curies":[{"name":"wp","href":"https:\/\/api.w.org\/{rel}","templated":true}]}}