{"id":242302,"date":"2025-03-20T15:15:45","date_gmt":"2025-03-20T15:15:45","guid":{"rendered":"https:\/\/aromasentia.com\/product\/melissa-blend-50ml-essential-oil\/"},"modified":"2025-05-31T20:23:53","modified_gmt":"2025-05-31T20:23:53","slug":"aceite-esencial-50ml-melissa-mezcla","status":"publish","type":"product","link":"https:\/\/aromasentia.com\/es\/aceite-esencial-50ml-melissa-mezcla\/","title":{"rendered":"Aceite Esencial 50ml &#8211; Melissa (Mezcla)"},"content":{"rendered":"<p><strong>Nombre latino:<\/strong> Ninguno &#8211; Mezcla natural.<\/p>\n<p><strong>Fuente<\/strong>: Mixta.<\/p>\n<p><strong>M\u00e9todo de extracci\u00f3n:<\/strong> N \/ A.<\/p>\n<p style=\"text-align: justify;\"><\/p>\n<p style=\"text-align: justify;\">Mezcla de Melissa&nbsp;es una mezcla especial de aceites esenciales fraccionados dise\u00f1ados para tener el mismo perfil de fragancia y propiedades que Melissa verdadero, ya que Melissa verdadero es extremadamente costoso.<\/p>\n<p style=\"text-align: justify;\">E aceite esencial de Melissa es estimulante, revitalizante y armonizador. Tiene un efecto calmante sobre las emociones. Tambi\u00e9n es estimulante para los esp\u00edritus y es conocido por optimizar la digesti\u00f3n saludable y despejar la cabeza. Tiene un aroma fresco, dulce, a lim\u00f3n.<\/p>\n","protected":false},"excerpt":{"rendered":"<p>Nombre latino: Ninguno &#8211; Mezcla natural. Fuente: Mixta. M\u00e9todo de extracci\u00f3n: N \/ A. Mezcla de Melissa&nbsp;es una mezcla especial de aceites esenciales fraccionados dise\u00f1ados para tener el mismo perfil de fragancia y propiedades que Melissa verdadero, ya que Melissa verdadero es extremadamente costoso. E aceite esencial de Melissa es estimulante, revitalizante y armonizador. Tiene [&hellip;]<\/p>\n","protected":false},"featured_media":268524,"comment_status":"closed","ping_status":"open","template":"","meta":{"_angie_page":false},"product_brand":[27095],"product_cat":[23652,25844,16460,26863,26279,26652],"product_tag":[],"class_list":{"0":"post-242302","1":"product","2":"type-product","3":"status-publish","4":"has-post-thumbnail","6":"product_brand-ancient-wisdom","7":"product_cat-aceites-esenciales","8":"product_cat-aromas","9":"product_cat-aromaterapia-y-fragancias-para-hogar","10":"product_cat-herbal-aromatico","11":"product_cat-melisa-mezcla","12":"product_cat-mezclas-aceites-esenciales","13":"pa_collection-50ml-essential-oil-es","14":"pa_made-in-reino-unido","15":"pa_size-50ml","17":"first","18":"instock","19":"purchasable","20":"product-type-simple"},"supplier_id":null,"supplier_sku":"PrEO-61","barcode":null,"atum_controlled":true,"out_stock_date":null,"out_stock_threshold":null,"inheritable":false,"inbound_stock":null,"stock_on_hold":0,"sold_today":0,"sales_last_days":0,"reserved_stock":null,"customer_returns":null,"warehouse_damage":null,"lost_in_post":null,"other_logs":null,"out_stock_days":0,"lost_sales":0,"has_location":null,"update_date":"2026-04-27T07:18:30","atum_locations":[],"atum_stock_status":"instock","restock_status":false,"low_stock_amount":"","sales_update_date":"2026-01-30T01:24:52","calc_backorders":null,"_links":{"self":[{"href":"https:\/\/aromasentia.com\/es\/wp-json\/wp\/v2\/product\/242302","targetHints":{"allow":["GET"]}}],"collection":[{"href":"https:\/\/aromasentia.com\/es\/wp-json\/wp\/v2\/product"}],"about":[{"href":"https:\/\/aromasentia.com\/es\/wp-json\/wp\/v2\/types\/product"}],"replies":[{"embeddable":true,"href":"https:\/\/aromasentia.com\/es\/wp-json\/wp\/v2\/comments?post=242302"}],"version-history":[{"count":0,"href":"https:\/\/aromasentia.com\/es\/wp-json\/wp\/v2\/product\/242302\/revisions"}],"wp:featuredmedia":[{"embeddable":true,"href":"https:\/\/aromasentia.com\/es\/wp-json\/wp\/v2\/media\/268524"}],"wp:attachment":[{"href":"https:\/\/aromasentia.com\/es\/wp-json\/wp\/v2\/media?parent=242302"}],"wp:term":[{"taxonomy":"product_brand","embeddable":true,"href":"https:\/\/aromasentia.com\/es\/wp-json\/wp\/v2\/product_brand?post=242302"},{"taxonomy":"product_cat","embeddable":true,"href":"https:\/\/aromasentia.com\/es\/wp-json\/wp\/v2\/product_cat?post=242302"},{"taxonomy":"product_tag","embeddable":true,"href":"https:\/\/aromasentia.com\/es\/wp-json\/wp\/v2\/product_tag?post=242302"}],"curies":[{"name":"wp","href":"https:\/\/api.w.org\/{rel}","templated":true}]}}