{"id":242298,"date":"2025-03-20T15:15:45","date_gmt":"2025-03-20T15:15:45","guid":{"rendered":"https:\/\/aromasentia.com\/product\/aniseed-china-star-star-anise-50ml-essential-oil\/"},"modified":"2025-05-31T20:23:51","modified_gmt":"2025-05-31T20:23:51","slug":"aceite-esencial-50ml-anis-estrellado","status":"publish","type":"product","link":"https:\/\/aromasentia.com\/es\/aceite-esencial-50ml-anis-estrellado\/","title":{"rendered":"Aceite Esencial 50ml &#8211; An\u00eds estrellado"},"content":{"rendered":"<p><strong>Nombre latino<\/strong>: Illicium Verum<\/p>\n<p><strong>Parte de la planta utilizada:<\/strong> fruta<\/p>\n<p><strong>Fuente: <\/strong>China<\/p>\n<p><strong>M\u00e9todo de extracci\u00f3n:<\/strong> destilaci\u00f3n al vapor<\/p>\n<p style=\"text-align: justify;\"><\/p>\n<p style=\"text-align: justify;\">El aceite esencial de semilla de an\u00eds&nbsp;se usa para el malestar estomacal, los gases intestinales, la &quot;secreci\u00f3n nasal&quot; y como expectorante para aumentar la tos productiva, como diur\u00e9tico para aumentar el flujo de orina y como estimulante del apetito.<\/p>\n<p style=\"text-align: justify;\"><\/p>\n<p style=\"text-align: justify;\">Este aceite puede aliviar los dolores reum\u00e1ticos y artr\u00edticos al estimular la circulaci\u00f3n sangu\u00ednea y al reducir la sensaci\u00f3n de dolor en las \u00e1reas afectadas.<\/p>\n<p style=\"text-align: justify;\"><\/p>\n<p style=\"text-align: justify;\">Este aceite esencial tambi\u00e9n tiene propiedades antis\u00e9pticas que dan a las heridas una capa protectora efectiva contra infecciones y sepsis. Esto ayuda en la curaci\u00f3n m\u00e1s r\u00e1pida de las heridas.<\/p>\n<p style=\"text-align: justify;\"><\/p>\n<p style=\"text-align: justify;\">El efecto de calentamiento de este aceite en los sistemas respiratorio y circulatorio lo hace cordial. Esta propiedad ayuda a contrarrestar los resfriados, la deposici\u00f3n de flemas y problemas como el reumatismo y la artritis.<\/p>\n<p style=\"text-align: justify;\"><\/p>\n<p style=\"text-align: justify;\">El aceite esencial de an\u00eds es t\u00f3xico para los insectos y los animales m\u00e1s peque\u00f1os, por lo tanto, su olor mantiene alejados a los insectos. Por esta raz\u00f3n, este aceite puede emplearse para ahuyentar a los insectos us\u00e1ndolo en fumigantes, vaporizadores y aerosoles.<\/p>\n","protected":false},"excerpt":{"rendered":"<p>Nombre latino: Illicium Verum Parte de la planta utilizada: fruta Fuente: China M\u00e9todo de extracci\u00f3n: destilaci\u00f3n al vapor El aceite esencial de semilla de an\u00eds&nbsp;se usa para el malestar estomacal, los gases intestinales, la &quot;secreci\u00f3n nasal&quot; y como expectorante para aumentar la tos productiva, como diur\u00e9tico para aumentar el flujo de orina y como estimulante [&hellip;]<\/p>\n","protected":false},"featured_media":268515,"comment_status":"closed","ping_status":"open","template":"","meta":{"_angie_page":false},"product_brand":[27095],"product_cat":[23652,26088,25844,16460,26891],"product_tag":[],"class_list":{"0":"post-242298","1":"product","2":"type-product","3":"status-publish","4":"has-post-thumbnail","6":"product_brand-ancient-wisdom","7":"product_cat-aceites-esenciales","8":"product_cat-anis-estrellado-anis-estrellado-de-china","9":"product_cat-aromas","10":"product_cat-aromaterapia-y-fragancias-para-hogar","11":"product_cat-especiado","12":"pa_collection-50ml-essential-oil-es","13":"pa_made-in-china","14":"pa_size-50ml","16":"first","17":"instock","18":"purchasable","19":"product-type-simple"},"supplier_id":null,"supplier_sku":"PrEO-60","barcode":null,"atum_controlled":true,"out_stock_date":null,"out_stock_threshold":null,"inheritable":false,"inbound_stock":null,"stock_on_hold":0,"sold_today":0,"sales_last_days":0,"reserved_stock":null,"customer_returns":null,"warehouse_damage":null,"lost_in_post":null,"other_logs":null,"out_stock_days":0,"lost_sales":0,"has_location":null,"update_date":"2026-04-30T13:09:32","atum_locations":[],"atum_stock_status":"instock","restock_status":false,"low_stock_amount":"","sales_update_date":"2026-02-06T00:01:43","calc_backorders":null,"_links":{"self":[{"href":"https:\/\/aromasentia.com\/es\/wp-json\/wp\/v2\/product\/242298","targetHints":{"allow":["GET"]}}],"collection":[{"href":"https:\/\/aromasentia.com\/es\/wp-json\/wp\/v2\/product"}],"about":[{"href":"https:\/\/aromasentia.com\/es\/wp-json\/wp\/v2\/types\/product"}],"replies":[{"embeddable":true,"href":"https:\/\/aromasentia.com\/es\/wp-json\/wp\/v2\/comments?post=242298"}],"version-history":[{"count":0,"href":"https:\/\/aromasentia.com\/es\/wp-json\/wp\/v2\/product\/242298\/revisions"}],"wp:featuredmedia":[{"embeddable":true,"href":"https:\/\/aromasentia.com\/es\/wp-json\/wp\/v2\/media\/268515"}],"wp:attachment":[{"href":"https:\/\/aromasentia.com\/es\/wp-json\/wp\/v2\/media?parent=242298"}],"wp:term":[{"taxonomy":"product_brand","embeddable":true,"href":"https:\/\/aromasentia.com\/es\/wp-json\/wp\/v2\/product_brand?post=242298"},{"taxonomy":"product_cat","embeddable":true,"href":"https:\/\/aromasentia.com\/es\/wp-json\/wp\/v2\/product_cat?post=242298"},{"taxonomy":"product_tag","embeddable":true,"href":"https:\/\/aromasentia.com\/es\/wp-json\/wp\/v2\/product_tag?post=242298"}],"curies":[{"name":"wp","href":"https:\/\/api.w.org\/{rel}","templated":true}]}}