{"id":242294,"date":"2025-03-20T15:15:45","date_gmt":"2025-03-20T15:15:45","guid":{"rendered":"https:\/\/aromasentia.com\/product\/benzoin-dilute-dpg-50ml-essential-oil\/"},"modified":"2025-05-31T20:23:48","modified_gmt":"2025-05-31T20:23:48","slug":"aceite-esencial-50ml-benjui-diluido","status":"publish","type":"product","link":"https:\/\/aromasentia.com\/es\/aceite-esencial-50ml-benjui-diluido\/","title":{"rendered":"Aceite Esencial 50ml &#8211; Benju\u00ed Diluido"},"content":{"rendered":"<p><strong>Nombre latino:<\/strong> Styrax Benzoin<\/p>\n<p><strong>Parte de la planta utilizada:<\/strong> resina<\/p>\n<p><strong>Fuente: <\/strong>Filipinas<\/p>\n<p><strong>M\u00e9todo de extracci\u00f3n:<\/strong> extracci\u00f3n con solvente<\/p>\n<p style=\"text-align: justify;\"><\/p>\n<p style=\"text-align: justify;\">Las propiedades terap\u00e9uticas del aceite de benzo\u00edna incluyen: antiinflamatorio, antioxidante, antis\u00e9ptico y astringente. Es calmante, c\u00e1lido y estimulante.<\/p>\n<p style=\"text-align: justify;\"><\/p>\n<p style=\"text-align: justify;\">El aceite esencial de benzo\u00edna&nbsp;se ha utilizado desde la antig\u00fcedad como incienso, pero tambi\u00e9n como medicamento. Hoy en d\u00eda todav\u00eda se usa principalmente en las industrias de perfumer\u00eda e incienso y en las fragancias de algunas marcas muy conocidas en todo el mundo.<\/p>\n<p style=\"text-align: justify;\"><\/p>\n<p style=\"text-align: justify;\">Benzoin tiene muchos usos que incluyen: cortes, piel agrietada e irritable. Tambi\u00e9n se dice que es \u00fatil con problemas respiratorios como asma, bronquitis y tos. Benzoin tambi\u00e9n puede ser \u00fatil para combatir problemas relacionados con el estr\u00e9s y la gripe.<\/p>\n","protected":false},"excerpt":{"rendered":"<p>Nombre latino: Styrax Benzoin Parte de la planta utilizada: resina Fuente: Filipinas M\u00e9todo de extracci\u00f3n: extracci\u00f3n con solvente Las propiedades terap\u00e9uticas del aceite de benzo\u00edna incluyen: antiinflamatorio, antioxidante, antis\u00e9ptico y astringente. Es calmante, c\u00e1lido y estimulante. El aceite esencial de benzo\u00edna&nbsp;se ha utilizado desde la antig\u00fcedad como incienso, pero tambi\u00e9n como medicamento. Hoy en d\u00eda [&hellip;]<\/p>\n","protected":false},"featured_media":268506,"comment_status":"closed","ping_status":"open","template":"","meta":{"_angie_page":false},"product_brand":[27095],"product_cat":[23652,25844,16460,26100,26884],"product_tag":[],"class_list":{"0":"post-242294","1":"product","2":"type-product","3":"status-publish","4":"has-post-thumbnail","6":"product_brand-ancient-wisdom","7":"product_cat-aceites-esenciales","8":"product_cat-aromas","9":"product_cat-aromaterapia-y-fragancias-para-hogar","10":"product_cat-benjui","11":"product_cat-resinoso-balsamico","12":"pa_collection-50ml-essential-oil-es","13":"pa_made-in-indonesia","14":"pa_size-50ml","16":"first","17":"instock","18":"purchasable","19":"product-type-simple"},"supplier_id":null,"supplier_sku":"PrEO-59","barcode":null,"atum_controlled":true,"out_stock_date":null,"out_stock_threshold":null,"inheritable":false,"inbound_stock":null,"stock_on_hold":0,"sold_today":0,"sales_last_days":0,"reserved_stock":null,"customer_returns":null,"warehouse_damage":null,"lost_in_post":null,"other_logs":null,"out_stock_days":0,"lost_sales":0,"has_location":null,"update_date":"2026-05-08T05:16:52","atum_locations":[],"atum_stock_status":"instock","restock_status":false,"low_stock_amount":"","sales_update_date":"2025-09-05T00:18:13","calc_backorders":null,"_links":{"self":[{"href":"https:\/\/aromasentia.com\/es\/wp-json\/wp\/v2\/product\/242294","targetHints":{"allow":["GET"]}}],"collection":[{"href":"https:\/\/aromasentia.com\/es\/wp-json\/wp\/v2\/product"}],"about":[{"href":"https:\/\/aromasentia.com\/es\/wp-json\/wp\/v2\/types\/product"}],"replies":[{"embeddable":true,"href":"https:\/\/aromasentia.com\/es\/wp-json\/wp\/v2\/comments?post=242294"}],"version-history":[{"count":0,"href":"https:\/\/aromasentia.com\/es\/wp-json\/wp\/v2\/product\/242294\/revisions"}],"wp:featuredmedia":[{"embeddable":true,"href":"https:\/\/aromasentia.com\/es\/wp-json\/wp\/v2\/media\/268506"}],"wp:attachment":[{"href":"https:\/\/aromasentia.com\/es\/wp-json\/wp\/v2\/media?parent=242294"}],"wp:term":[{"taxonomy":"product_brand","embeddable":true,"href":"https:\/\/aromasentia.com\/es\/wp-json\/wp\/v2\/product_brand?post=242294"},{"taxonomy":"product_cat","embeddable":true,"href":"https:\/\/aromasentia.com\/es\/wp-json\/wp\/v2\/product_cat?post=242294"},{"taxonomy":"product_tag","embeddable":true,"href":"https:\/\/aromasentia.com\/es\/wp-json\/wp\/v2\/product_tag?post=242294"}],"curies":[{"name":"wp","href":"https:\/\/api.w.org\/{rel}","templated":true}]}}