{"id":242278,"date":"2025-03-20T15:16:05","date_gmt":"2025-03-20T15:16:05","guid":{"rendered":"https:\/\/aromasentia.com\/product\/spearmint-50ml-essential-oil\/"},"modified":"2025-05-31T20:23:21","modified_gmt":"2025-05-31T20:23:21","slug":"aceite-esencial-50ml-menta-verde","status":"publish","type":"product","link":"https:\/\/aromasentia.com\/es\/aceite-esencial-50ml-menta-verde\/","title":{"rendered":"Aceite Esencial 50ml &#8211; Menta verde"},"content":{"rendered":"<p><strong>Nombre latino: <\/strong>Mentha Spicata<\/p>\n<p><strong>Parte de la planta utilizada: <\/strong>tapas de floraci\u00f3n<\/p>\n<p><strong>Fuente: <\/strong>China<\/p>\n<p><strong>M\u00e9todo de extracci\u00f3n: <\/strong>destilaci\u00f3n al vapor<\/p>\n<p style=\"text-align: justify;\"><\/p>\n<p style=\"text-align: justify;\">Hierbabuena &nbsp;oil es un 60% de Carvona de alto grado<\/p>\n<p style=\"text-align: justify;\">variedad La carvona es el qu\u00edmico natural que da la menta verde<\/p>\n<p style=\"text-align: justify;\">Su olor distintivo. El otro 40% del petr\u00f3leo est\u00e1 compuesto de<\/p>\n<p style=\"text-align: justify;\">otros qu\u00edmicos que ocurren naturalmente en la planta de hierbabuena.<\/p>\n<p style=\"text-align: justify;\"><\/p>\n<p style=\"text-align: justify;\">El aceite esencial de menta verde&nbsp;es multiprop\u00f3sito y contin\u00faa utiliz\u00e1ndose para aliviar dolencias como problemas de la piel, dolores de cabeza, n\u00e1useas, v\u00f3mitos, problemas respiratorios y s\u00edntomas de resfriado.<\/p>\n<p style=\"text-align: justify;\"><\/p>\n<p style=\"text-align: justify;\">Utilizado en aromaterapia, se dice que el aceite esencial de menta verde ayuda a reducir la congesti\u00f3n nasal causada por la acumulaci\u00f3n excesiva de flema y moco en la nariz y la garganta, promoviendo as\u00ed una respiraci\u00f3n m\u00e1s f\u00e1cil. Tiene una acci\u00f3n revitalizante e inductora de energ\u00eda en el cuerpo al trabajar para mejorar el estado de \u00e1nimo, la concentraci\u00f3n y energizar la piel. Su fragancia fresca y reparadora ayuda a elevar el estado de \u00e1nimo y confortar el estr\u00e9s emocional.<\/p>\n","protected":false},"excerpt":{"rendered":"<p>Nombre latino: Mentha Spicata Parte de la planta utilizada: tapas de floraci\u00f3n Fuente: China M\u00e9todo de extracci\u00f3n: destilaci\u00f3n al vapor Hierbabuena &nbsp;oil es un 60% de Carvona de alto grado variedad La carvona es el qu\u00edmico natural que da la menta verde Su olor distintivo. El otro 40% del petr\u00f3leo est\u00e1 compuesto de otros qu\u00edmicos [&hellip;]<\/p>\n","protected":false},"featured_media":268658,"comment_status":"closed","ping_status":"open","template":"","meta":[],"product_brand":[27095],"product_cat":[23652,25844,16460,26393,26877],"product_tag":[],"class_list":{"0":"post-242278","1":"product","2":"type-product","3":"status-publish","4":"has-post-thumbnail","6":"product_brand-ancient-wisdom","7":"product_cat-aceites-esenciales","8":"product_cat-aromas","9":"product_cat-aromaterapia-y-fragancias-para-hogar","10":"product_cat-hierbabuena-menta-verde","11":"product_cat-mentolado","12":"pa_collection-50ml-essential-oil-es","13":"pa_made-in-china","14":"pa_size-50ml","16":"first","17":"instock","18":"purchasable","19":"product-type-simple"},"supplier_id":null,"supplier_sku":"PrEO-84","barcode":null,"atum_controlled":true,"out_stock_date":null,"out_stock_threshold":null,"inheritable":false,"inbound_stock":null,"stock_on_hold":0,"sold_today":0,"sales_last_days":0,"reserved_stock":null,"customer_returns":null,"warehouse_damage":null,"lost_in_post":null,"other_logs":null,"out_stock_days":0,"lost_sales":0,"has_location":null,"update_date":"2026-01-30T01:24:42","atum_locations":[],"atum_stock_status":"instock","restock_status":false,"low_stock_amount":"","sales_update_date":"2026-01-30T01:24:42","calc_backorders":null,"_links":{"self":[{"href":"https:\/\/aromasentia.com\/es\/wp-json\/wp\/v2\/product\/242278","targetHints":{"allow":["GET"]}}],"collection":[{"href":"https:\/\/aromasentia.com\/es\/wp-json\/wp\/v2\/product"}],"about":[{"href":"https:\/\/aromasentia.com\/es\/wp-json\/wp\/v2\/types\/product"}],"replies":[{"embeddable":true,"href":"https:\/\/aromasentia.com\/es\/wp-json\/wp\/v2\/comments?post=242278"}],"version-history":[{"count":0,"href":"https:\/\/aromasentia.com\/es\/wp-json\/wp\/v2\/product\/242278\/revisions"}],"wp:featuredmedia":[{"embeddable":true,"href":"https:\/\/aromasentia.com\/es\/wp-json\/wp\/v2\/media\/268658"}],"wp:attachment":[{"href":"https:\/\/aromasentia.com\/es\/wp-json\/wp\/v2\/media?parent=242278"}],"wp:term":[{"taxonomy":"product_brand","embeddable":true,"href":"https:\/\/aromasentia.com\/es\/wp-json\/wp\/v2\/product_brand?post=242278"},{"taxonomy":"product_cat","embeddable":true,"href":"https:\/\/aromasentia.com\/es\/wp-json\/wp\/v2\/product_cat?post=242278"},{"taxonomy":"product_tag","embeddable":true,"href":"https:\/\/aromasentia.com\/es\/wp-json\/wp\/v2\/product_tag?post=242278"}],"curies":[{"name":"wp","href":"https:\/\/api.w.org\/{rel}","templated":true}]}}