{"id":242266,"date":"2025-03-20T15:16:05","date_gmt":"2025-03-20T15:16:05","guid":{"rendered":"https:\/\/aromasentia.com\/product\/white-birch-50ml-essential-oil\/"},"modified":"2025-05-31T20:23:05","modified_gmt":"2025-05-31T20:23:05","slug":"aceite-esencial-50ml-abedul-blanco","status":"publish","type":"product","link":"https:\/\/aromasentia.com\/es\/aceite-esencial-50ml-abedul-blanco\/","title":{"rendered":"Aceite Esencial 50ml &#8211; Abedul blanco"},"content":{"rendered":"<p><strong>Nombre latino:<\/strong> Betula Pendula Roth<\/p>\n<p><strong>Parte de la planta utilizada:&nbsp;<\/strong>brotes de hojas<\/p>\n<p><strong>Fuente: Hungr\u00eda<\/strong><\/p>\n<p><strong>M\u00e9todo de extracci\u00f3n:&nbsp;<\/strong>destilaci\u00f3n al vapor<\/p>\n<p style=\"text-align: justify;\"><\/p>\n<p style=\"text-align: justify;\">Se sabe que el aceite esencial de abedul blanco tiene propiedades astringentes naturales, por lo que puede ser muy \u00fatil cuando se diluye bien en un aceite portador, crema o loci\u00f3n. Puede ofrecer ayuda para calmar afecciones de la piel como el acn\u00e9 y el eccema. Tambi\u00e9n se cree que es \u00fatil para eliminar toxinas y aumentar la circulaci\u00f3n.<\/p>\n<p style=\"text-align: justify;\"><\/p>\n<p style=\"text-align: justify;\">Los beneficios&nbsp;para la salud del aceite esencial de abedul se pueden atribuir a sus propiedades como t\u00f3nico, desinfectante, estimulante, antidepresivo, analg\u00e9sico, desintoxicante, antirreum\u00e1tico, antiartr\u00edtico, diur\u00e9tico, antis\u00e9ptico, astringente, febr\u00edfugo, germicida, insecticida y sustancia depurativa.<\/p>\n<p style=\"text-align: justify;\"><\/p>\n<p style=\"text-align: justify;\">El aceite de abedul&nbsp;es \u00fatil para reducir el dolor en las articulaciones y los m\u00fasculos, as\u00ed como el dolor asociado con dolores de cabeza y dolor de muelas. Tambi\u00e9n es antiespasm\u00f3dico y alivia los calambres en todo el cuerpo.<\/p>\n<p style=\"text-align: justify;\"><\/p>\n<p style=\"text-align: justify;\">Dado que estimula el sistema circulatorio y mejora la circulaci\u00f3n, el aceite esencial de abedul es muy \u00fatil para aliviar enfermedades asociadas con la circulaci\u00f3n inadecuada, como edema (hinchaz\u00f3n), reumatismo y artritis.<\/p>\n","protected":false},"excerpt":{"rendered":"<p>Nombre latino: Betula Pendula Roth Parte de la planta utilizada:&nbsp;brotes de hojas Fuente: Hungr\u00eda M\u00e9todo de extracci\u00f3n:&nbsp;destilaci\u00f3n al vapor Se sabe que el aceite esencial de abedul blanco tiene propiedades astringentes naturales, por lo que puede ser muy \u00fatil cuando se diluye bien en un aceite portador, crema o loci\u00f3n. Puede ofrecer ayuda para calmar [&hellip;]<\/p>\n","protected":false},"featured_media":268623,"comment_status":"closed","ping_status":"open","template":"","meta":{"_angie_page":false},"product_brand":[27095],"product_cat":[26426,23652,26898,25844,16460],"product_tag":[],"class_list":{"0":"post-242266","1":"product","2":"type-product","3":"status-publish","4":"has-post-thumbnail","6":"product_brand-ancient-wisdom","7":"product_cat-abedul-blanco","8":"product_cat-aceites-esenciales","9":"product_cat-amaderado","10":"product_cat-aromas","11":"product_cat-aromaterapia-y-fragancias-para-hogar","12":"pa_collection-50ml-essential-oil-es","13":"pa_made-in-hungria","14":"pa_size-50ml","16":"first","17":"instock","18":"purchasable","19":"product-type-simple"},"supplier_id":null,"supplier_sku":"PrEO-76","barcode":null,"atum_controlled":true,"out_stock_date":null,"out_stock_threshold":null,"inheritable":false,"inbound_stock":null,"stock_on_hold":0,"sold_today":0,"sales_last_days":0,"reserved_stock":null,"customer_returns":null,"warehouse_damage":null,"lost_in_post":null,"other_logs":null,"out_stock_days":0,"lost_sales":0,"has_location":null,"update_date":"2026-05-04T00:04:57","atum_locations":[],"atum_stock_status":"instock","restock_status":false,"low_stock_amount":"","sales_update_date":"2026-01-30T01:24:28","calc_backorders":null,"_links":{"self":[{"href":"https:\/\/aromasentia.com\/es\/wp-json\/wp\/v2\/product\/242266","targetHints":{"allow":["GET"]}}],"collection":[{"href":"https:\/\/aromasentia.com\/es\/wp-json\/wp\/v2\/product"}],"about":[{"href":"https:\/\/aromasentia.com\/es\/wp-json\/wp\/v2\/types\/product"}],"replies":[{"embeddable":true,"href":"https:\/\/aromasentia.com\/es\/wp-json\/wp\/v2\/comments?post=242266"}],"version-history":[{"count":0,"href":"https:\/\/aromasentia.com\/es\/wp-json\/wp\/v2\/product\/242266\/revisions"}],"wp:featuredmedia":[{"embeddable":true,"href":"https:\/\/aromasentia.com\/es\/wp-json\/wp\/v2\/media\/268623"}],"wp:attachment":[{"href":"https:\/\/aromasentia.com\/es\/wp-json\/wp\/v2\/media?parent=242266"}],"wp:term":[{"taxonomy":"product_brand","embeddable":true,"href":"https:\/\/aromasentia.com\/es\/wp-json\/wp\/v2\/product_brand?post=242266"},{"taxonomy":"product_cat","embeddable":true,"href":"https:\/\/aromasentia.com\/es\/wp-json\/wp\/v2\/product_cat?post=242266"},{"taxonomy":"product_tag","embeddable":true,"href":"https:\/\/aromasentia.com\/es\/wp-json\/wp\/v2\/product_tag?post=242266"}],"curies":[{"name":"wp","href":"https:\/\/api.w.org\/{rel}","templated":true}]}}