{"id":242178,"date":"2025-03-20T15:16:36","date_gmt":"2025-03-20T15:16:36","guid":{"rendered":"https:\/\/aromasentia.com\/product\/square-bottle-diffuser-lid-200ml\/"},"modified":"2025-05-31T20:21:10","modified_gmt":"2025-05-31T20:21:10","slug":"botella-cuadrada-y-tapa-difusora-200ml","status":"publish","type":"product","link":"https:\/\/aromasentia.com\/es\/botella-cuadrada-y-tapa-difusora-200ml\/","title":{"rendered":"Botella cuadrada y tapa difusora &#8211; 200ml"},"content":{"rendered":"<p>Transforma cualquier ambiente con nuestras botellas difusoras cuadradas transparentes &nbsp;de 200 ml. con tamp\u00f3n de pl\u00e1stico al por mayor.&nbsp;<\/p>\n<p>Estas botellas son la opci\u00f3n ideal para distribuir aceites esenciales, fragancias y otros productos arom\u00e1ticos. Adem\u00e1s, al ser transparentes ofrecen la posibilidad de personalizar con su logo y sus fragancias.&nbsp;<\/p>\n<p><strong>Medidas del producto: &nbsp;6.5&#215;6.5&#215;9.5 cm Capacidad 200ml<\/strong><\/p>\n<p>Visita nuestro <a href=\"https:\/\/aromasentia.com\/aromaterapia\" rel=\"noopener noreferrer\" target=\"_blank\">Departamento de Aromaterapia<\/a> y <a href=\"https:\/\/aromasentia.com\/homefragrance\" rel=\"noopener noreferrer\" target=\"_blank\">Fragancias&nbsp;<\/a>para elegir tus favoritos esencias o fragancias favoritas.&nbsp;<\/p>\n<p>Nota: Las tapas se venden por separado. Elija tapas compatibles para sus botellas difusoras.<\/p>\n<p><strong>No pierdas la oportunidad de ofrecer a tus clientes un producto que aporta elegancia, frescura y bienestar!<\/strong><\/p>\n","protected":false},"excerpt":{"rendered":"<p>Transforma cualquier ambiente con nuestras botellas difusoras cuadradas transparentes &nbsp;de 200 ml. con tamp\u00f3n de pl\u00e1stico al por mayor.&nbsp; Estas botellas son la opci\u00f3n ideal para distribuir aceites esenciales, fragancias y otros productos arom\u00e1ticos. Adem\u00e1s, al ser transparentes ofrecen la posibilidad de personalizar con su logo y sus fragancias.&nbsp; Medidas del producto: &nbsp;6.5&#215;6.5&#215;9.5 cm Capacidad [&hellip;]<\/p>\n","protected":false},"featured_media":269027,"comment_status":"closed","ping_status":"open","template":"","meta":[],"product_brand":[],"product_cat":[16525,16524],"product_tag":[],"class_list":{"0":"post-242178","1":"product","2":"type-product","3":"status-publish","4":"has-post-thumbnail","6":"product_cat-barritas-aromaticas-mikado","7":"product_cat-difusores-de-aroma-y-barritas-aromaticas","8":"pa_collection-diffuser-bottles-es","9":"pa_made-in-china","10":"pa_size-200ml","12":"first","13":"instock","14":"purchasable","15":"product-type-simple"},"supplier_id":null,"supplier_sku":"RDBot-02","barcode":null,"atum_controlled":true,"out_stock_date":null,"out_stock_threshold":null,"inheritable":false,"inbound_stock":null,"stock_on_hold":0,"sold_today":0,"sales_last_days":0,"reserved_stock":null,"customer_returns":null,"warehouse_damage":null,"lost_in_post":null,"other_logs":null,"out_stock_days":61,"lost_sales":0,"has_location":null,"update_date":"2026-02-10T10:25:12","atum_locations":[],"atum_stock_status":"instock","restock_status":false,"low_stock_amount":"","sales_update_date":"2026-01-20T05:14:40","calc_backorders":null,"_links":{"self":[{"href":"https:\/\/aromasentia.com\/es\/wp-json\/wp\/v2\/product\/242178","targetHints":{"allow":["GET"]}}],"collection":[{"href":"https:\/\/aromasentia.com\/es\/wp-json\/wp\/v2\/product"}],"about":[{"href":"https:\/\/aromasentia.com\/es\/wp-json\/wp\/v2\/types\/product"}],"replies":[{"embeddable":true,"href":"https:\/\/aromasentia.com\/es\/wp-json\/wp\/v2\/comments?post=242178"}],"version-history":[{"count":0,"href":"https:\/\/aromasentia.com\/es\/wp-json\/wp\/v2\/product\/242178\/revisions"}],"wp:featuredmedia":[{"embeddable":true,"href":"https:\/\/aromasentia.com\/es\/wp-json\/wp\/v2\/media\/269027"}],"wp:attachment":[{"href":"https:\/\/aromasentia.com\/es\/wp-json\/wp\/v2\/media?parent=242178"}],"wp:term":[{"taxonomy":"product_brand","embeddable":true,"href":"https:\/\/aromasentia.com\/es\/wp-json\/wp\/v2\/product_brand?post=242178"},{"taxonomy":"product_cat","embeddable":true,"href":"https:\/\/aromasentia.com\/es\/wp-json\/wp\/v2\/product_cat?post=242178"},{"taxonomy":"product_tag","embeddable":true,"href":"https:\/\/aromasentia.com\/es\/wp-json\/wp\/v2\/product_tag?post=242178"}],"curies":[{"name":"wp","href":"https:\/\/api.w.org\/{rel}","templated":true}]}}