{"id":242170,"date":"2025-03-20T15:16:36","date_gmt":"2025-03-20T15:16:36","guid":{"rendered":"https:\/\/aromasentia.com\/product\/cap-for-rdbot-11-12-13-14-15-16-3cm-black-top\/"},"modified":"2025-05-31T20:21:02","modified_gmt":"2025-05-31T20:21:02","slug":"tapon-para-rdbot-11-12-13-3cm-negro","status":"publish","type":"product","link":"https:\/\/aromasentia.com\/es\/tapon-para-rdbot-11-12-13-3cm-negro\/","title":{"rendered":"Tap\u00f3n para  RDBot-11\/12\/13 3cm &#8211; Negro"},"content":{"rendered":"<p>Si deseas ofrecer diferentes opciones de tapones, agrega los tapones en color negro dise\u00f1adas espec\u00edficamente para las botellas <strong>RDBot-11, RDBot-12 y RDBot-13.<\/strong><\/p>\n<p>Este producto se vende en conjuntos de 6.&nbsp;<\/p>\n<p>\u00a1Explora toda nuestra secci\u00f3n de tapones ya que ofrecemos una amplia gama de diferentes colores y formatos!&nbsp;<\/p>\n<p>Nota: Tenga en cuenta que las botellas difusoras se venden por separado, as\u00ed que aseg\u00farese de elegir el tama\u00f1o adecuado para que coincida con las tapas.&nbsp;<\/p>\n<p>Nota: Los colores de la tapa pueden variar.<\/p>\n<p><strong>\u00a1Revende en tu tienda estos tapones en color en color negro para agregar en tus productos elegancia y practicidad!<\/strong><\/p>\n","protected":false},"excerpt":{"rendered":"<p>Si deseas ofrecer diferentes opciones de tapones, agrega los tapones en color negro dise\u00f1adas espec\u00edficamente para las botellas RDBot-11, RDBot-12 y RDBot-13. Este producto se vende en conjuntos de 6.&nbsp; \u00a1Explora toda nuestra secci\u00f3n de tapones ya que ofrecemos una amplia gama de diferentes colores y formatos!&nbsp; Nota: Tenga en cuenta que las botellas difusoras [&hellip;]<\/p>\n","protected":false},"featured_media":268937,"comment_status":"closed","ping_status":"open","template":"","meta":{"_angie_page":false},"product_brand":[],"product_cat":[16525,16524],"product_tag":[],"class_list":{"0":"post-242170","1":"product","2":"type-product","3":"status-publish","4":"has-post-thumbnail","6":"product_cat-barritas-aromaticas-mikado","7":"product_cat-difusores-de-aroma-y-barritas-aromaticas","8":"pa_collection-diffuser-bottles-es","9":"pa_made-in-china","11":"first","12":"instock","13":"purchasable","14":"product-type-simple"},"supplier_id":null,"supplier_sku":"RDBot-19","barcode":null,"atum_controlled":true,"out_stock_date":null,"out_stock_threshold":null,"inheritable":false,"inbound_stock":null,"stock_on_hold":0,"sold_today":0,"sales_last_days":0,"reserved_stock":null,"customer_returns":null,"warehouse_damage":null,"lost_in_post":null,"other_logs":null,"out_stock_days":0,"lost_sales":0,"has_location":null,"update_date":"2026-04-29T01:06:31","atum_locations":[],"atum_stock_status":"instock","restock_status":false,"low_stock_amount":"","sales_update_date":"2025-09-05T00:18:26","calc_backorders":null,"_links":{"self":[{"href":"https:\/\/aromasentia.com\/es\/wp-json\/wp\/v2\/product\/242170","targetHints":{"allow":["GET"]}}],"collection":[{"href":"https:\/\/aromasentia.com\/es\/wp-json\/wp\/v2\/product"}],"about":[{"href":"https:\/\/aromasentia.com\/es\/wp-json\/wp\/v2\/types\/product"}],"replies":[{"embeddable":true,"href":"https:\/\/aromasentia.com\/es\/wp-json\/wp\/v2\/comments?post=242170"}],"version-history":[{"count":0,"href":"https:\/\/aromasentia.com\/es\/wp-json\/wp\/v2\/product\/242170\/revisions"}],"wp:featuredmedia":[{"embeddable":true,"href":"https:\/\/aromasentia.com\/es\/wp-json\/wp\/v2\/media\/268937"}],"wp:attachment":[{"href":"https:\/\/aromasentia.com\/es\/wp-json\/wp\/v2\/media?parent=242170"}],"wp:term":[{"taxonomy":"product_brand","embeddable":true,"href":"https:\/\/aromasentia.com\/es\/wp-json\/wp\/v2\/product_brand?post=242170"},{"taxonomy":"product_cat","embeddable":true,"href":"https:\/\/aromasentia.com\/es\/wp-json\/wp\/v2\/product_cat?post=242170"},{"taxonomy":"product_tag","embeddable":true,"href":"https:\/\/aromasentia.com\/es\/wp-json\/wp\/v2\/product_tag?post=242170"}],"curies":[{"name":"wp","href":"https:\/\/api.w.org\/{rel}","templated":true}]}}