{"id":242122,"date":"2025-03-20T15:17:23","date_gmt":"2025-03-20T15:17:23","guid":{"rendered":"https:\/\/aromasentia.com\/product\/50-ml-round-reed-diffuser-bottle-clear\/"},"modified":"2025-05-31T20:19:58","modified_gmt":"2025-05-31T20:19:58","slug":"botella-difusora-redonda-de-50-ml-claro","status":"publish","type":"product","link":"https:\/\/aromasentia.com\/es\/botella-difusora-redonda-de-50-ml-claro\/","title":{"rendered":"Botella difusora Redonda de 50 ml  &#8211; Claro"},"content":{"rendered":"<p>Ofrece a tus clientes la combinaci\u00f3n ideal de est\u00e9tica y aroma. Nuestras botellas difusoras de cristal &nbsp;de 50 ml son elegantes y pr\u00e1cticas. Comb\u00ednelas con fragancias personalizadas o con aceites esenciales de alta calidad, para poder crear ambientes tranquilos y relajantes.&nbsp;<\/p>\n<p><strong>Capacidad del producto: 250ml.<\/strong><\/p>\n<p><strong>Este producto se vende en conjuntos de 6 unidades.<\/strong><\/p>\n<p>Al ser de cristal, tiene la posibilidad de personalizar con su logo y sus fragancias.&nbsp;<\/p>\n<p>No dudes en explora nuestro<a href=\"https:\/\/aromasentia.com\/aromaterapia\" rel=\"noopener noreferrer\" target=\"_blank\">&nbsp;Departamento de Aromaterapia<\/a> y <a href=\"https:\/\/aromasentia.com\/homefragrance\" rel=\"noopener noreferrer\" target=\"_blank\">Fragancias&nbsp;<\/a>para elegir tus favoritos esencias o fragancias favoritas.&nbsp;<\/p>\n<p>Nota: Las tapas se venden por separado. Elija tapas compatibles para sus botellas difusoras.<\/p>\n<p>Tenga en cuenta que las varillas difusoras no vienen incluidas. <a href=\"https:\/\/aromasentia.com\/rreed\" rel=\"noopener noreferrer\" target=\"_blank\">&nbsp;Si buscas varillas difusoras puedes encontrarlas aqu\u00ed.<\/a> <\/p>\n<p><strong>\u00a1Haz que tus clientes puedan crear espacios donde disfrutar de estas botellas y tus fragancias personalizadas! Compra ahora y mejora tu oferta de productos para el hogar.<\/strong><\/p>\n","protected":false},"excerpt":{"rendered":"<p>Ofrece a tus clientes la combinaci\u00f3n ideal de est\u00e9tica y aroma. Nuestras botellas difusoras de cristal &nbsp;de 50 ml son elegantes y pr\u00e1cticas. Comb\u00ednelas con fragancias personalizadas o con aceites esenciales de alta calidad, para poder crear ambientes tranquilos y relajantes.&nbsp; Capacidad del producto: 250ml. Este producto se vende en conjuntos de 6 unidades. Al [&hellip;]<\/p>\n","protected":false},"featured_media":269639,"comment_status":"closed","ping_status":"open","template":"","meta":{"_angie_page":false},"product_brand":[],"product_cat":[16525,16524],"product_tag":[],"class_list":{"0":"post-242122","1":"product","2":"type-product","3":"status-publish","4":"has-post-thumbnail","6":"product_cat-barritas-aromaticas-mikado","7":"product_cat-difusores-de-aroma-y-barritas-aromaticas","8":"pa_collection-diffuser-bottles-es","9":"pa_made-in-china","11":"first","12":"instock","13":"purchasable","14":"product-type-simple"},"supplier_id":null,"supplier_sku":"RDBot-16","barcode":null,"atum_controlled":true,"out_stock_date":null,"out_stock_threshold":null,"inheritable":false,"inbound_stock":null,"stock_on_hold":0,"sold_today":0,"sales_last_days":0,"reserved_stock":null,"customer_returns":null,"warehouse_damage":null,"lost_in_post":null,"other_logs":null,"out_stock_days":0,"lost_sales":0,"has_location":null,"update_date":"2026-05-11T01:56:48","atum_locations":[],"atum_stock_status":"instock","restock_status":false,"low_stock_amount":"","sales_update_date":"2025-09-05T00:18:30","calc_backorders":null,"_links":{"self":[{"href":"https:\/\/aromasentia.com\/es\/wp-json\/wp\/v2\/product\/242122","targetHints":{"allow":["GET"]}}],"collection":[{"href":"https:\/\/aromasentia.com\/es\/wp-json\/wp\/v2\/product"}],"about":[{"href":"https:\/\/aromasentia.com\/es\/wp-json\/wp\/v2\/types\/product"}],"replies":[{"embeddable":true,"href":"https:\/\/aromasentia.com\/es\/wp-json\/wp\/v2\/comments?post=242122"}],"version-history":[{"count":0,"href":"https:\/\/aromasentia.com\/es\/wp-json\/wp\/v2\/product\/242122\/revisions"}],"wp:featuredmedia":[{"embeddable":true,"href":"https:\/\/aromasentia.com\/es\/wp-json\/wp\/v2\/media\/269639"}],"wp:attachment":[{"href":"https:\/\/aromasentia.com\/es\/wp-json\/wp\/v2\/media?parent=242122"}],"wp:term":[{"taxonomy":"product_brand","embeddable":true,"href":"https:\/\/aromasentia.com\/es\/wp-json\/wp\/v2\/product_brand?post=242122"},{"taxonomy":"product_cat","embeddable":true,"href":"https:\/\/aromasentia.com\/es\/wp-json\/wp\/v2\/product_cat?post=242122"},{"taxonomy":"product_tag","embeddable":true,"href":"https:\/\/aromasentia.com\/es\/wp-json\/wp\/v2\/product_tag?post=242122"}],"curies":[{"name":"wp","href":"https:\/\/api.w.org\/{rel}","templated":true}]}}