{"id":242110,"date":"2025-03-20T15:17:23","date_gmt":"2025-03-20T15:17:23","guid":{"rendered":"https:\/\/aromasentia.com\/product\/100-ml-square-long-reed-diffuser-bottle-clear\/"},"modified":"2025-05-31T20:19:48","modified_gmt":"2025-05-31T20:19:48","slug":"botella-difusora-cuadrada-de-100-ml-claro","status":"publish","type":"product","link":"https:\/\/aromasentia.com\/es\/botella-difusora-cuadrada-de-100-ml-claro\/","title":{"rendered":"Botella difusora cuadrada de 100 ml &#8211; Claro"},"content":{"rendered":"<p>Una forma de vender m\u00e1s en tu tienda es crear packs de relajaci\u00f3n (botella difusora + varillas difusoras + aceites esenciales, por ejemplo de lavada) con las botellas difusoras cuadradas de<strong>&nbsp;Aroma Sentia Espa\u00f1a. <\/strong><\/p>\n<p>Si est\u00e1s comenzando y puedes crear tus fragancias personalizadas, &nbsp;descubre las recargas de fragancias que tenemos de<a href=\"https:\/\/aromasentia.com\/acdr\" rel=\"noopener noreferrer\" target=\"_blank\">&nbsp;Agnes &amp; Cat&nbsp;<\/a><\/p>\n<p><strong>Capacidad de la botella 100ml. Este producto se vende en conjuntos de 6 unidades. <\/strong><\/p>\n<p>Esta botellas difusoras transparentes ofrecen la posibilidad de personalizar con su logo y sus fragancias.&nbsp;<\/p>\n<p>No dudes en explora nuestro Departamento de Aromaterapia y Fragancias para elegir tus favoritos esencias o fragancias favoritas.&nbsp;<\/p>\n<p>Nota: Las tapas se venden por separado. Elija tapas compatibles para sus botellas difusoras.&nbsp;<\/p>\n<p>Tenga en cuenta que las varillas difusoras no vienen incluidas. <a href=\"https:\/\/aromasentia.com\/rreed\" rel=\"noopener noreferrer\" target=\"_blank\">&nbsp;Si buscas varillas difusoras puedes encontrarlas aqu\u00ed.<\/a><\/p>\n<p><strong>\u00a1Haz tu pedido hoy! Esta combinaci\u00f3n de crear packs con diferentes productos crear\u00e1 una conexi\u00f3n m\u00e1s profunda por parte de sus clientes con los productos y generar\u00e1 m\u00e1s ventas!<\/strong><\/p>\n","protected":false},"excerpt":{"rendered":"<p>Una forma de vender m\u00e1s en tu tienda es crear packs de relajaci\u00f3n (botella difusora + varillas difusoras + aceites esenciales, por ejemplo de lavada) con las botellas difusoras cuadradas de&nbsp;Aroma Sentia Espa\u00f1a. Si est\u00e1s comenzando y puedes crear tus fragancias personalizadas, &nbsp;descubre las recargas de fragancias que tenemos de&nbsp;Agnes &amp; Cat&nbsp; Capacidad de la [&hellip;]<\/p>\n","protected":false},"featured_media":269492,"comment_status":"closed","ping_status":"open","template":"","meta":[],"product_brand":[],"product_cat":[16525,16524],"product_tag":[],"class_list":{"0":"post-242110","1":"product","2":"type-product","3":"status-publish","4":"has-post-thumbnail","6":"product_cat-barritas-aromaticas-mikado","7":"product_cat-difusores-de-aroma-y-barritas-aromaticas","8":"pa_collection-diffuser-bottles-es","9":"pa_made-in-china","10":"pa_size-100ml","12":"first","13":"instock","14":"purchasable","15":"product-type-simple"},"supplier_id":null,"supplier_sku":"RDBot-13","barcode":null,"atum_controlled":true,"out_stock_date":null,"out_stock_threshold":null,"inheritable":false,"inbound_stock":null,"stock_on_hold":0,"sold_today":0,"sales_last_days":0,"reserved_stock":null,"customer_returns":null,"warehouse_damage":null,"lost_in_post":null,"other_logs":null,"out_stock_days":0,"lost_sales":0,"has_location":null,"update_date":"2026-01-28T13:03:38","atum_locations":[],"atum_stock_status":"instock","restock_status":false,"low_stock_amount":"","sales_update_date":"2025-09-05T00:18:29","calc_backorders":null,"_links":{"self":[{"href":"https:\/\/aromasentia.com\/es\/wp-json\/wp\/v2\/product\/242110","targetHints":{"allow":["GET"]}}],"collection":[{"href":"https:\/\/aromasentia.com\/es\/wp-json\/wp\/v2\/product"}],"about":[{"href":"https:\/\/aromasentia.com\/es\/wp-json\/wp\/v2\/types\/product"}],"replies":[{"embeddable":true,"href":"https:\/\/aromasentia.com\/es\/wp-json\/wp\/v2\/comments?post=242110"}],"version-history":[{"count":0,"href":"https:\/\/aromasentia.com\/es\/wp-json\/wp\/v2\/product\/242110\/revisions"}],"wp:featuredmedia":[{"embeddable":true,"href":"https:\/\/aromasentia.com\/es\/wp-json\/wp\/v2\/media\/269492"}],"wp:attachment":[{"href":"https:\/\/aromasentia.com\/es\/wp-json\/wp\/v2\/media?parent=242110"}],"wp:term":[{"taxonomy":"product_brand","embeddable":true,"href":"https:\/\/aromasentia.com\/es\/wp-json\/wp\/v2\/product_brand?post=242110"},{"taxonomy":"product_cat","embeddable":true,"href":"https:\/\/aromasentia.com\/es\/wp-json\/wp\/v2\/product_cat?post=242110"},{"taxonomy":"product_tag","embeddable":true,"href":"https:\/\/aromasentia.com\/es\/wp-json\/wp\/v2\/product_tag?post=242110"}],"curies":[{"name":"wp","href":"https:\/\/api.w.org\/{rel}","templated":true}]}}