{"id":242106,"date":"2025-03-20T15:17:23","date_gmt":"2025-03-20T15:17:23","guid":{"rendered":"https:\/\/aromasentia.com\/product\/100-ml-square-long-reed-diffuser-bottle-charcoal\/"},"modified":"2025-05-31T20:19:45","modified_gmt":"2025-05-31T20:19:45","slug":"botella-difusora-cuadrada-de-100-ml-carbon","status":"publish","type":"product","link":"https:\/\/aromasentia.com\/es\/botella-difusora-cuadrada-de-100-ml-carbon\/","title":{"rendered":"Botella difusora cuadrada de 100 ml  &#8211; Carb\u00f3n"},"content":{"rendered":"<p>\u00a1Crea espacios \u00fanicos con las botellas difusoras de Aroma Sentia Espa\u00f1a! Puedes ofrecer a tus clientes junto a estas botellas fragancias con tem\u00e1ticas de navidad o para el d\u00eda de la madre y de esta forma destacar dentro del mercado.&nbsp;<\/p>\n<p>Estas botellas tienen un acabado efecto carb\u00f3n, lo que aporta elegancia y un toque modernos en su dise\u00f1o.&nbsp;<\/p>\n<p><strong>Capacidad de 100ml. Este producto se vende en conjuntos de 6 unidades. <\/strong><\/p>\n<p>No dudes en explora nuestro Departamento de Aromaterapia y Fragancias para elegir tus favoritos esencias o fragancias favoritas.&nbsp;<\/p>\n<p>Nota: Las tapas se venden por separado. Elija tapas compatibles para sus botellas difusoras.&nbsp;<\/p>\n<p>Tenga en cuenta que las varillas difusoras no vienen incluidas.<a href=\"https:\/\/aromasentia.com\/rreed\" rel=\"noopener noreferrer\" target=\"_blank\">&nbsp; Si buscas varillas difusoras puedes encontrarlas aqu\u00ed.&nbsp;<\/a><\/p>\n","protected":false},"excerpt":{"rendered":"<p>\u00a1Crea espacios \u00fanicos con las botellas difusoras de Aroma Sentia Espa\u00f1a! Puedes ofrecer a tus clientes junto a estas botellas fragancias con tem\u00e1ticas de navidad o para el d\u00eda de la madre y de esta forma destacar dentro del mercado.&nbsp; Estas botellas tienen un acabado efecto carb\u00f3n, lo que aporta elegancia y un toque modernos [&hellip;]<\/p>\n","protected":false},"featured_media":269443,"comment_status":"closed","ping_status":"open","template":"","meta":{"_angie_page":false},"product_brand":[],"product_cat":[16525,16524],"product_tag":[],"class_list":{"0":"post-242106","1":"product","2":"type-product","3":"status-publish","4":"has-post-thumbnail","6":"product_cat-barritas-aromaticas-mikado","7":"product_cat-difusores-de-aroma-y-barritas-aromaticas","8":"pa_collection-diffuser-bottles-es","9":"pa_made-in-china","10":"pa_size-100ml","12":"first","13":"instock","14":"purchasable","15":"product-type-simple"},"supplier_id":null,"supplier_sku":"RDBot-12","barcode":null,"atum_controlled":true,"out_stock_date":null,"out_stock_threshold":null,"inheritable":false,"inbound_stock":null,"stock_on_hold":0,"sold_today":0,"sales_last_days":0,"reserved_stock":null,"customer_returns":null,"warehouse_damage":null,"lost_in_post":null,"other_logs":null,"out_stock_days":0,"lost_sales":0,"has_location":null,"update_date":"2026-04-27T07:19:16","atum_locations":[],"atum_stock_status":"instock","restock_status":false,"low_stock_amount":"","sales_update_date":"2026-01-20T05:13:50","calc_backorders":null,"_links":{"self":[{"href":"https:\/\/aromasentia.com\/es\/wp-json\/wp\/v2\/product\/242106","targetHints":{"allow":["GET"]}}],"collection":[{"href":"https:\/\/aromasentia.com\/es\/wp-json\/wp\/v2\/product"}],"about":[{"href":"https:\/\/aromasentia.com\/es\/wp-json\/wp\/v2\/types\/product"}],"replies":[{"embeddable":true,"href":"https:\/\/aromasentia.com\/es\/wp-json\/wp\/v2\/comments?post=242106"}],"version-history":[{"count":0,"href":"https:\/\/aromasentia.com\/es\/wp-json\/wp\/v2\/product\/242106\/revisions"}],"wp:featuredmedia":[{"embeddable":true,"href":"https:\/\/aromasentia.com\/es\/wp-json\/wp\/v2\/media\/269443"}],"wp:attachment":[{"href":"https:\/\/aromasentia.com\/es\/wp-json\/wp\/v2\/media?parent=242106"}],"wp:term":[{"taxonomy":"product_brand","embeddable":true,"href":"https:\/\/aromasentia.com\/es\/wp-json\/wp\/v2\/product_brand?post=242106"},{"taxonomy":"product_cat","embeddable":true,"href":"https:\/\/aromasentia.com\/es\/wp-json\/wp\/v2\/product_cat?post=242106"},{"taxonomy":"product_tag","embeddable":true,"href":"https:\/\/aromasentia.com\/es\/wp-json\/wp\/v2\/product_tag?post=242106"}],"curies":[{"name":"wp","href":"https:\/\/api.w.org\/{rel}","templated":true}]}}