{"id":242086,"date":"2025-03-20T15:17:23","date_gmt":"2025-03-20T15:17:23","guid":{"rendered":"https:\/\/aromasentia.com\/product\/200-ml-round-antique-reed-diffuser-bottle-clear\/"},"modified":"2025-06-28T22:23:50","modified_gmt":"2025-06-28T22:23:50","slug":"botella-difusora-redonda-250ml-claro","status":"publish","type":"product","link":"https:\/\/aromasentia.com\/es\/botella-difusora-redonda-250ml-claro\/","title":{"rendered":"Botella difusora redonda 250ml &#8211; Claro"},"content":{"rendered":"<p>Las botellas difusoras de Aroma Sentia Espa\u00f1a est\u00e1n hechas de cristal de alta calidad, lo que asegura la protecci\u00f3n de los aceites y fragancias.<\/p>\n<p>&nbsp;Adem\u00e1s, cuenta con un dise\u00f1o minimalista y moderno, lo que lo hace perfecto para que adapte a todo tipo de estilos de decoraci\u00f3n.&nbsp;<\/p>\n<p><strong>Capacidad del producto 250 ml. Este producto se vende en conjuntos de 6 unidades. <\/strong><\/p>\n<p>Desde habitaciones de estar, salones o entradas de los hogares de sus clientes. &nbsp;Combine este producto con <a href=\"https:\/\/aromasentia.com\/rreed\" rel=\"noopener noreferrer\" target=\"_blank\">varillas difusoras<\/a> para ofrecer un producto final a sus clientes.&nbsp;<\/p>\n<p>No dudes en visitar nuestro&nbsp;Departamento de Aromaterapia&nbsp;para elegir tus aceites favoritos.<\/p>\n<p>Tenga en cuenta que las tapas se venden por separado. Elija tapas compatibles para las botellas difusoras.<\/p>\n<p>\u00a1Obt\u00e9n en Aroma Sentia Espa\u00f1a productos de calidad al mejor precio!<\/p>\n","protected":false},"excerpt":{"rendered":"<p>Las botellas difusoras de Aroma Sentia Espa\u00f1a est\u00e1n hechas de cristal de alta calidad, lo que asegura la protecci\u00f3n de los aceites y fragancias. &nbsp;Adem\u00e1s, cuenta con un dise\u00f1o minimalista y moderno, lo que lo hace perfecto para que adapte a todo tipo de estilos de decoraci\u00f3n.&nbsp; Capacidad del producto 250 ml. Este producto se [&hellip;]<\/p>\n","protected":false},"featured_media":269198,"comment_status":"closed","ping_status":"open","template":"","meta":{"_angie_page":false},"product_brand":[],"product_cat":[16525,16524],"product_tag":[],"class_list":{"0":"post-242086","1":"product","2":"type-product","3":"status-publish","4":"has-post-thumbnail","6":"product_cat-barritas-aromaticas-mikado","7":"product_cat-difusores-de-aroma-y-barritas-aromaticas","8":"pa_collection-diffuser-bottles-es","9":"pa_made-in-china","10":"pa_size-200ml","12":"first","13":"instock","14":"purchasable","15":"product-type-simple"},"supplier_id":null,"supplier_sku":"RDBot-07","barcode":null,"atum_controlled":true,"out_stock_date":null,"out_stock_threshold":null,"inheritable":false,"inbound_stock":null,"stock_on_hold":0,"sold_today":0,"sales_last_days":0,"reserved_stock":null,"customer_returns":null,"warehouse_damage":null,"lost_in_post":null,"other_logs":null,"out_stock_days":0,"lost_sales":0,"has_location":null,"update_date":"2026-04-27T07:19:16","atum_locations":[],"atum_stock_status":"instock","restock_status":false,"low_stock_amount":"","sales_update_date":"2026-01-20T05:13:35","calc_backorders":null,"_links":{"self":[{"href":"https:\/\/aromasentia.com\/es\/wp-json\/wp\/v2\/product\/242086","targetHints":{"allow":["GET"]}}],"collection":[{"href":"https:\/\/aromasentia.com\/es\/wp-json\/wp\/v2\/product"}],"about":[{"href":"https:\/\/aromasentia.com\/es\/wp-json\/wp\/v2\/types\/product"}],"replies":[{"embeddable":true,"href":"https:\/\/aromasentia.com\/es\/wp-json\/wp\/v2\/comments?post=242086"}],"version-history":[{"count":0,"href":"https:\/\/aromasentia.com\/es\/wp-json\/wp\/v2\/product\/242086\/revisions"}],"wp:featuredmedia":[{"embeddable":true,"href":"https:\/\/aromasentia.com\/es\/wp-json\/wp\/v2\/media\/269198"}],"wp:attachment":[{"href":"https:\/\/aromasentia.com\/es\/wp-json\/wp\/v2\/media?parent=242086"}],"wp:term":[{"taxonomy":"product_brand","embeddable":true,"href":"https:\/\/aromasentia.com\/es\/wp-json\/wp\/v2\/product_brand?post=242086"},{"taxonomy":"product_cat","embeddable":true,"href":"https:\/\/aromasentia.com\/es\/wp-json\/wp\/v2\/product_cat?post=242086"},{"taxonomy":"product_tag","embeddable":true,"href":"https:\/\/aromasentia.com\/es\/wp-json\/wp\/v2\/product_tag?post=242086"}],"curies":[{"name":"wp","href":"https:\/\/api.w.org\/{rel}","templated":true}]}}