{"id":242082,"date":"2025-03-20T15:18:52","date_gmt":"2025-03-20T15:18:52","guid":{"rendered":"https:\/\/aromasentia.com\/product\/30x-roll-on-essential-oil-blend-fall-asleep-unlabelled\/"},"modified":"2025-05-31T20:19:25","modified_gmt":"2025-05-31T20:19:25","slug":"30x-roll-on-mezcla-de-aceites-esenciales-duerme-mejor-sin-etiqueta","status":"publish","type":"product","link":"https:\/\/aromasentia.com\/es\/30x-roll-on-mezcla-de-aceites-esenciales-duerme-mejor-sin-etiqueta\/","title":{"rendered":"30x Roll On Mezcla de Aceites Esenciales &#8211; \u00a1Duerme mejo!r &#8211; sin etiqueta"},"content":{"rendered":"<p>Sum\u00e9rjase en un sue\u00f1o tranquilo con este paquete de 30 Roll On de Mezcla de Aceites Esenciales &#8211; Dormirse &#8211; SIN ETIQUETA. Mezclado por expertos con aceites esenciales sedantes y relajantes como la lavanda y la manzanilla, este roll-on est\u00e1 dise\u00f1ado para ayudar a calmar la mente y preparar el cuerpo para una noche de descanso. Apl\u00edquelo en las sienes, las mu\u00f1ecas o los pies antes de acostarse para fomentar la tranquilidad y facilitar la transici\u00f3n a un sue\u00f1o profundo. Una ayuda natural para conciliar el sue\u00f1o, lista para su marca, para quienes buscan un descanso nocturno apacible.<\/p>\n","protected":false},"excerpt":{"rendered":"<p>Sum\u00e9rjase en un sue\u00f1o tranquilo con este paquete de 30 Roll On de Mezcla de Aceites Esenciales &#8211; Dormirse &#8211; SIN ETIQUETA. Mezclado por expertos con aceites esenciales sedantes y relajantes como la lavanda y la manzanilla, este roll-on est\u00e1 dise\u00f1ado para ayudar a calmar la mente y preparar el cuerpo para una noche de [&hellip;]<\/p>\n","protected":false},"featured_media":270071,"comment_status":"closed","ping_status":"open","template":"","meta":[],"product_brand":[27095],"product_cat":[23652,16460,26652],"product_tag":[],"class_list":{"0":"post-242082","1":"product","2":"type-product","3":"status-publish","4":"has-post-thumbnail","6":"product_brand-ancient-wisdom","7":"product_cat-aceites-esenciales","8":"product_cat-aromaterapia-y-fragancias-para-hogar","9":"product_cat-mezclas-aceites-esenciales","10":"pa_collection-unlabelled-roll-on-essential-oil-blends-es","11":"pa_made-in-reino-unido","13":"first","14":"instock","15":"purchasable","16":"product-type-simple"},"supplier_id":null,"supplier_sku":"ReblUL-02","barcode":null,"atum_controlled":true,"out_stock_date":null,"out_stock_threshold":null,"inheritable":false,"inbound_stock":null,"stock_on_hold":0,"sold_today":0,"sales_last_days":0,"reserved_stock":null,"customer_returns":null,"warehouse_damage":null,"lost_in_post":null,"other_logs":null,"out_stock_days":0,"lost_sales":0,"has_location":null,"update_date":"2026-02-10T12:56:48","atum_locations":[],"atum_stock_status":"instock","restock_status":false,"low_stock_amount":"","sales_update_date":"2025-09-05T00:18:34","calc_backorders":null,"_links":{"self":[{"href":"https:\/\/aromasentia.com\/es\/wp-json\/wp\/v2\/product\/242082","targetHints":{"allow":["GET"]}}],"collection":[{"href":"https:\/\/aromasentia.com\/es\/wp-json\/wp\/v2\/product"}],"about":[{"href":"https:\/\/aromasentia.com\/es\/wp-json\/wp\/v2\/types\/product"}],"replies":[{"embeddable":true,"href":"https:\/\/aromasentia.com\/es\/wp-json\/wp\/v2\/comments?post=242082"}],"version-history":[{"count":0,"href":"https:\/\/aromasentia.com\/es\/wp-json\/wp\/v2\/product\/242082\/revisions"}],"wp:featuredmedia":[{"embeddable":true,"href":"https:\/\/aromasentia.com\/es\/wp-json\/wp\/v2\/media\/270071"}],"wp:attachment":[{"href":"https:\/\/aromasentia.com\/es\/wp-json\/wp\/v2\/media?parent=242082"}],"wp:term":[{"taxonomy":"product_brand","embeddable":true,"href":"https:\/\/aromasentia.com\/es\/wp-json\/wp\/v2\/product_brand?post=242082"},{"taxonomy":"product_cat","embeddable":true,"href":"https:\/\/aromasentia.com\/es\/wp-json\/wp\/v2\/product_cat?post=242082"},{"taxonomy":"product_tag","embeddable":true,"href":"https:\/\/aromasentia.com\/es\/wp-json\/wp\/v2\/product_tag?post=242082"}],"curies":[{"name":"wp","href":"https:\/\/api.w.org\/{rel}","templated":true}]}}