{"id":242058,"date":"2025-03-20T15:18:52","date_gmt":"2025-03-20T15:18:52","guid":{"rendered":"https:\/\/aromasentia.com\/product\/10ml-roll-on-essential-oil-blend-cheer-up\/"},"modified":"2025-05-31T20:18:57","modified_gmt":"2025-05-31T20:18:57","slug":"mezclas-de-aceites-esenciales-roll-on-cheer-up","status":"publish","type":"product","link":"https:\/\/aromasentia.com\/es\/mezclas-de-aceites-esenciales-roll-on-cheer-up\/","title":{"rendered":"Mezclas de Aceites Esenciales Roll-On &#8211; Cheer Up!"},"content":{"rendered":"<p style=\"text-align: justify;\">Las mezclas de aceites esenciales Roll-Ons al por mayor son combinaciones de aceites puros que funcionan bien juntos para promover algo espec\u00edfico como relajaci\u00f3n, tiro, energ\u00eda, felicidad y mucho m\u00e1s. Los roll-ons se est\u00e1n volviendo cada vez m\u00e1s populares entre la aromaterapia. Contiene una mezcla de aceites 100% naturales y esenciales en una relajante base de aceite portador de vitamina E.<\/p>\n<p style=\"text-align: justify;\">Puedes disfrutar de los beneficios de la aromaterapia en cualquier momento con estas mezclas de aceites esenciales roll-on de bolsillo. Compa\u00f1ero de viaje ideal. Roll-on Essential Oil Blend se puede aplicar f\u00e1cilmente durante todo el d\u00eda durante situaciones estresantes y tiempos tensos, lo que hace que sea m\u00e1s f\u00e1cil que nunca experimentar la aromaterapia cuando m\u00e1s lo necesita.<\/p>\n<p><\/p>\n<p><strong>F\u00e1cil de usar: <\/strong>para liberar la aromaterapia, rodar sobre las sienes, mu\u00f1ecas y nuca. No usar internamente<\/p>\n<p><\/p>\n<p>&#8211; Tama\u00f1o de bolsillo<\/p>\n<p>&#8211; Fragancias edificantes<\/p>\n<p>&#8211; F\u00e1cil de aplicar<\/p>\n<p style=\"text-align: center;\"><strong><span style=\"color: rgb(184, 49, 47);\">Haga su pedido de la mejor selecci\u00f3n de aromaterapia de Roll-ons Essential Oil Blends.<\/span><\/strong><\/p>\n<p><\/p>\n","protected":false},"excerpt":{"rendered":"<p>Las mezclas de aceites esenciales Roll-Ons al por mayor son combinaciones de aceites puros que funcionan bien juntos para promover algo espec\u00edfico como relajaci\u00f3n, tiro, energ\u00eda, felicidad y mucho m\u00e1s. Los roll-ons se est\u00e1n volviendo cada vez m\u00e1s populares entre la aromaterapia. Contiene una mezcla de aceites 100% naturales y esenciales en una relajante base [&hellip;]<\/p>\n","protected":false},"featured_media":269881,"comment_status":"closed","ping_status":"open","template":"","meta":[],"product_brand":[27095],"product_cat":[23652,16460,26652],"product_tag":[],"class_list":{"0":"post-242058","1":"product","2":"type-product","3":"status-publish","4":"has-post-thumbnail","6":"product_brand-ancient-wisdom","7":"product_cat-aceites-esenciales","8":"product_cat-aromaterapia-y-fragancias-para-hogar","9":"product_cat-mezclas-aceites-esenciales","10":"pa_collection-roll-on-essential-oil-blends-es","11":"pa_made-in-reino-unido","12":"pa_size-10ml","14":"first","15":"instock","16":"purchasable","17":"product-type-simple"},"supplier_id":null,"supplier_sku":"REBL-03","barcode":null,"atum_controlled":true,"out_stock_date":null,"out_stock_threshold":null,"inheritable":false,"inbound_stock":null,"stock_on_hold":0,"sold_today":0,"sales_last_days":0,"reserved_stock":null,"customer_returns":null,"warehouse_damage":null,"lost_in_post":null,"other_logs":null,"out_stock_days":0,"lost_sales":0,"has_location":null,"update_date":"2026-02-09T14:57:05","atum_locations":[],"atum_stock_status":"instock","restock_status":false,"low_stock_amount":"","sales_update_date":"2025-09-05T00:18:33","calc_backorders":null,"_links":{"self":[{"href":"https:\/\/aromasentia.com\/es\/wp-json\/wp\/v2\/product\/242058","targetHints":{"allow":["GET"]}}],"collection":[{"href":"https:\/\/aromasentia.com\/es\/wp-json\/wp\/v2\/product"}],"about":[{"href":"https:\/\/aromasentia.com\/es\/wp-json\/wp\/v2\/types\/product"}],"replies":[{"embeddable":true,"href":"https:\/\/aromasentia.com\/es\/wp-json\/wp\/v2\/comments?post=242058"}],"version-history":[{"count":0,"href":"https:\/\/aromasentia.com\/es\/wp-json\/wp\/v2\/product\/242058\/revisions"}],"wp:featuredmedia":[{"embeddable":true,"href":"https:\/\/aromasentia.com\/es\/wp-json\/wp\/v2\/media\/269881"}],"wp:attachment":[{"href":"https:\/\/aromasentia.com\/es\/wp-json\/wp\/v2\/media?parent=242058"}],"wp:term":[{"taxonomy":"product_brand","embeddable":true,"href":"https:\/\/aromasentia.com\/es\/wp-json\/wp\/v2\/product_brand?post=242058"},{"taxonomy":"product_cat","embeddable":true,"href":"https:\/\/aromasentia.com\/es\/wp-json\/wp\/v2\/product_cat?post=242058"},{"taxonomy":"product_tag","embeddable":true,"href":"https:\/\/aromasentia.com\/es\/wp-json\/wp\/v2\/product_tag?post=242058"}],"curies":[{"name":"wp","href":"https:\/\/api.w.org\/{rel}","templated":true}]}}