{"id":242026,"date":"2025-03-20T15:19:48","date_gmt":"2025-03-20T15:19:48","guid":{"rendered":"https:\/\/aromasentia.com\/product\/small-soapstone-oil-burner-8cm-elephant\/"},"modified":"2025-05-31T20:18:26","modified_gmt":"2025-05-31T20:18:26","slug":"quemador-de-aceite-pequeno-de-esteatita-8-cm-elefante","status":"publish","type":"product","link":"https:\/\/aromasentia.com\/es\/quemador-de-aceite-pequeno-de-esteatita-8-cm-elefante\/","title":{"rendered":"Quemador de Aceite peque\u00f1o de Esteatita 8 cm &#8211; Elefante"},"content":{"rendered":"<p>A\u00f1ada a su tienda o exhiba nuestra gama de quemadores de aceite, crear\u00e1 un ambiente relajante donde sus clientes podr\u00e1n ver el efecto luz que tiene el quemador con forma de elefante.&nbsp;<\/p>\n<p>Aportar\u00e1 una luz tenue y adem\u00e1s proporcionar\u00e1 un aroma en concreto, el que le a\u00f1adas en la parte superior del quemador, aprovechando as\u00ed las propiedades de la aromaterapia del aceite que hayas seleccionado.&nbsp;<\/p>\n<p><strong><span style=\"color: rgb(147, 101, 184);\">\u00bfC\u00f3mo se utiliza?&nbsp;<\/span><\/strong>Agregue un par de gotas de su aceite esencial\/cera arom\u00e1tica\/fragancia o aceite arom\u00e1tico que m\u00e1s le guste en la parte superior. Colocar una vela peque\u00f1a en el hueco de abajo y dejar que desprender el aroma<\/p>\n<p><strong>PRECAUCI\u00f3N:<\/strong> No utilizarlo sobre superficies sensibles al calor.<\/p>\n<p>Solo venta al por mayor.<\/p>\n","protected":false},"excerpt":{"rendered":"<p>A\u00f1ada a su tienda o exhiba nuestra gama de quemadores de aceite, crear\u00e1 un ambiente relajante donde sus clientes podr\u00e1n ver el efecto luz que tiene el quemador con forma de elefante.&nbsp; Aportar\u00e1 una luz tenue y adem\u00e1s proporcionar\u00e1 un aroma en concreto, el que le a\u00f1adas en la parte superior del quemador, aprovechando as\u00ed [&hellip;]<\/p>\n","protected":false},"featured_media":270221,"comment_status":"closed","ping_status":"open","template":"","meta":{"_angie_page":false},"product_brand":[],"product_cat":[16524,18411],"product_tag":[],"class_list":{"0":"post-242026","1":"product","2":"type-product","3":"status-publish","4":"has-post-thumbnail","6":"product_cat-difusores-de-aroma-y-barritas-aromaticas","7":"product_cat-quemadores-de-aceite","8":"pa_collection-soapstone-oil-burners-es","9":"pa_made-in-india","11":"first","12":"outofstock","13":"purchasable","14":"product-type-simple"},"supplier_id":null,"supplier_sku":"SoapOB-11","barcode":null,"atum_controlled":true,"out_stock_date":"2025-09-05 16:08:12","out_stock_threshold":null,"inheritable":false,"inbound_stock":0,"stock_on_hold":0,"sold_today":0,"sales_last_days":0,"reserved_stock":0,"customer_returns":0,"warehouse_damage":0,"lost_in_post":0,"other_logs":0,"out_stock_days":0,"lost_sales":0,"has_location":false,"update_date":"2026-04-27T07:21:52","atum_locations":[],"atum_stock_status":"outofstock","restock_status":false,"low_stock_amount":"","sales_update_date":"2025-09-05T00:18:36","calc_backorders":null,"_links":{"self":[{"href":"https:\/\/aromasentia.com\/es\/wp-json\/wp\/v2\/product\/242026","targetHints":{"allow":["GET"]}}],"collection":[{"href":"https:\/\/aromasentia.com\/es\/wp-json\/wp\/v2\/product"}],"about":[{"href":"https:\/\/aromasentia.com\/es\/wp-json\/wp\/v2\/types\/product"}],"replies":[{"embeddable":true,"href":"https:\/\/aromasentia.com\/es\/wp-json\/wp\/v2\/comments?post=242026"}],"version-history":[{"count":0,"href":"https:\/\/aromasentia.com\/es\/wp-json\/wp\/v2\/product\/242026\/revisions"}],"wp:featuredmedia":[{"embeddable":true,"href":"https:\/\/aromasentia.com\/es\/wp-json\/wp\/v2\/media\/270221"}],"wp:attachment":[{"href":"https:\/\/aromasentia.com\/es\/wp-json\/wp\/v2\/media?parent=242026"}],"wp:term":[{"taxonomy":"product_brand","embeddable":true,"href":"https:\/\/aromasentia.com\/es\/wp-json\/wp\/v2\/product_brand?post=242026"},{"taxonomy":"product_cat","embeddable":true,"href":"https:\/\/aromasentia.com\/es\/wp-json\/wp\/v2\/product_cat?post=242026"},{"taxonomy":"product_tag","embeddable":true,"href":"https:\/\/aromasentia.com\/es\/wp-json\/wp\/v2\/product_tag?post=242026"}],"curies":[{"name":"wp","href":"https:\/\/api.w.org\/{rel}","templated":true}]}}