{"id":242022,"date":"2025-03-20T15:19:48","date_gmt":"2025-03-20T15:19:48","guid":{"rendered":"https:\/\/aromasentia.com\/product\/30x-roll-on-essential-oil-blend-just-chill-unlabelled\/"},"modified":"2025-05-31T20:18:22","modified_gmt":"2025-05-31T20:18:22","slug":"30x-roll-on-mezcla-de-aceites-esenciales-relajate-sin-etiqueta","status":"publish","type":"product","link":"https:\/\/aromasentia.com\/es\/30x-roll-on-mezcla-de-aceites-esenciales-relajate-sin-etiqueta\/","title":{"rendered":"30x Roll On Mezcla de Aceites Esenciales &#8211; \u00a1Rel\u00e1jate! &#8211; sin etiqueta"},"content":{"rendered":"<p>Rel\u00e1jate y encuentra la calma con este pack de 30 Roll On de Aceites Esenciales &#8211; Just Chill &#8211; SIN ETIQUETA. Mezclado por expertos con aceites esenciales calmantes y relajantes, este roll-on es tu compa\u00f1ero perfecto para desestresarte y promover una sensaci\u00f3n de tranquilidad. Apl\u00edquelo en los puntos del pulso durante los momentos m\u00e1s agitados o cuando simplemente necesite relajarse y dejarse llevar. Su aroma calmante ayuda a tranquilizar la mente y a aliviar la tensi\u00f3n, facilitando la relajaci\u00f3n. Este set de 30 unidades est\u00e1 listo para su personalizaci\u00f3n.<\/p>\n","protected":false},"excerpt":{"rendered":"<p>Rel\u00e1jate y encuentra la calma con este pack de 30 Roll On de Aceites Esenciales &#8211; Just Chill &#8211; SIN ETIQUETA. Mezclado por expertos con aceites esenciales calmantes y relajantes, este roll-on es tu compa\u00f1ero perfecto para desestresarte y promover una sensaci\u00f3n de tranquilidad. Apl\u00edquelo en los puntos del pulso durante los momentos m\u00e1s agitados [&hellip;]<\/p>\n","protected":false},"featured_media":270196,"comment_status":"closed","ping_status":"open","template":"","meta":{"_angie_page":false},"product_brand":[27095],"product_cat":[23652,16460,26652],"product_tag":[],"class_list":{"0":"post-242022","1":"product","2":"type-product","3":"status-publish","4":"has-post-thumbnail","6":"product_brand-ancient-wisdom","7":"product_cat-aceites-esenciales","8":"product_cat-aromaterapia-y-fragancias-para-hogar","9":"product_cat-mezclas-aceites-esenciales","10":"pa_collection-unlabelled-roll-on-essential-oil-blends-es","11":"pa_made-in-reino-unido","13":"first","14":"instock","15":"purchasable","16":"product-type-simple"},"supplier_id":null,"supplier_sku":"ReblUL-07","barcode":null,"atum_controlled":true,"out_stock_date":null,"out_stock_threshold":null,"inheritable":false,"inbound_stock":null,"stock_on_hold":0,"sold_today":0,"sales_last_days":0,"reserved_stock":null,"customer_returns":null,"warehouse_damage":null,"lost_in_post":null,"other_logs":null,"out_stock_days":0,"lost_sales":0,"has_location":null,"update_date":"2026-04-28T01:00:32","atum_locations":[],"atum_stock_status":"instock","restock_status":false,"low_stock_amount":"","sales_update_date":"2025-09-05T00:18:36","calc_backorders":null,"_links":{"self":[{"href":"https:\/\/aromasentia.com\/es\/wp-json\/wp\/v2\/product\/242022","targetHints":{"allow":["GET"]}}],"collection":[{"href":"https:\/\/aromasentia.com\/es\/wp-json\/wp\/v2\/product"}],"about":[{"href":"https:\/\/aromasentia.com\/es\/wp-json\/wp\/v2\/types\/product"}],"replies":[{"embeddable":true,"href":"https:\/\/aromasentia.com\/es\/wp-json\/wp\/v2\/comments?post=242022"}],"version-history":[{"count":0,"href":"https:\/\/aromasentia.com\/es\/wp-json\/wp\/v2\/product\/242022\/revisions"}],"wp:featuredmedia":[{"embeddable":true,"href":"https:\/\/aromasentia.com\/es\/wp-json\/wp\/v2\/media\/270196"}],"wp:attachment":[{"href":"https:\/\/aromasentia.com\/es\/wp-json\/wp\/v2\/media?parent=242022"}],"wp:term":[{"taxonomy":"product_brand","embeddable":true,"href":"https:\/\/aromasentia.com\/es\/wp-json\/wp\/v2\/product_brand?post=242022"},{"taxonomy":"product_cat","embeddable":true,"href":"https:\/\/aromasentia.com\/es\/wp-json\/wp\/v2\/product_cat?post=242022"},{"taxonomy":"product_tag","embeddable":true,"href":"https:\/\/aromasentia.com\/es\/wp-json\/wp\/v2\/product_tag?post=242022"}],"curies":[{"name":"wp","href":"https:\/\/api.w.org\/{rel}","templated":true}]}}