{"id":242014,"date":"2025-03-20T15:19:48","date_gmt":"2025-03-20T15:19:48","guid":{"rendered":"https:\/\/aromasentia.com\/product\/30x-roll-on-essential-oil-blend-just-focus-unlabelled\/"},"modified":"2025-05-31T20:18:15","modified_gmt":"2025-05-31T20:18:15","slug":"30x-roll-on-mezcla-de-aceites-esenciales-concentrate-sin-etiqueta","status":"publish","type":"product","link":"https:\/\/aromasentia.com\/es\/30x-roll-on-mezcla-de-aceites-esenciales-concentrate-sin-etiqueta\/","title":{"rendered":"30x Roll On Mezcla de Aceites Esenciales &#8211; \u00a1Conc\u00e9ntrate! &#8211; sin etiqueta"},"content":{"rendered":"<p>Agudice su concentraci\u00f3n con este paquete de 30 Roll On Essential Oil Blend &#8211; Just Focus &#8211; UNLABELLED. Formulado con una mezcla precisa de aceites esenciales clarificantes y enraizantes, este roll-on est\u00e1 dise\u00f1ado para ayudar a aumentar la claridad mental, mejorar la concentraci\u00f3n y apoyar la atenci\u00f3n sostenida. Ideal para el trabajo, el estudio o cualquier tarea que requiera un enfoque n\u00edtido, basta con aplicarlo en los puntos del pulso para despejar la niebla mental y afinar los pensamientos. Este set de 30 est\u00e1 listo para su marca, ofreciendo una ayuda natural para la productividad.<\/p>\n","protected":false},"excerpt":{"rendered":"<p>Agudice su concentraci\u00f3n con este paquete de 30 Roll On Essential Oil Blend &#8211; Just Focus &#8211; UNLABELLED. Formulado con una mezcla precisa de aceites esenciales clarificantes y enraizantes, este roll-on est\u00e1 dise\u00f1ado para ayudar a aumentar la claridad mental, mejorar la concentraci\u00f3n y apoyar la atenci\u00f3n sostenida. Ideal para el trabajo, el estudio o [&hellip;]<\/p>\n","protected":false},"featured_media":270146,"comment_status":"closed","ping_status":"open","template":"","meta":[],"product_brand":[27095],"product_cat":[23652,16460,26652],"product_tag":[],"class_list":{"0":"post-242014","1":"product","2":"type-product","3":"status-publish","4":"has-post-thumbnail","6":"product_brand-ancient-wisdom","7":"product_cat-aceites-esenciales","8":"product_cat-aromaterapia-y-fragancias-para-hogar","9":"product_cat-mezclas-aceites-esenciales","10":"pa_collection-unlabelled-roll-on-essential-oil-blends-es","11":"pa_made-in-reino-unido","13":"first","14":"instock","15":"purchasable","16":"product-type-simple"},"supplier_id":null,"supplier_sku":"ReblUL-05","barcode":null,"atum_controlled":true,"out_stock_date":null,"out_stock_threshold":null,"inheritable":false,"inbound_stock":null,"stock_on_hold":0,"sold_today":0,"sales_last_days":0,"reserved_stock":null,"customer_returns":null,"warehouse_damage":null,"lost_in_post":null,"other_logs":null,"out_stock_days":0,"lost_sales":0,"has_location":null,"update_date":"2026-02-03T17:58:01","atum_locations":[],"atum_stock_status":"instock","restock_status":false,"low_stock_amount":"","sales_update_date":"2026-01-30T01:24:39","calc_backorders":null,"_links":{"self":[{"href":"https:\/\/aromasentia.com\/es\/wp-json\/wp\/v2\/product\/242014","targetHints":{"allow":["GET"]}}],"collection":[{"href":"https:\/\/aromasentia.com\/es\/wp-json\/wp\/v2\/product"}],"about":[{"href":"https:\/\/aromasentia.com\/es\/wp-json\/wp\/v2\/types\/product"}],"replies":[{"embeddable":true,"href":"https:\/\/aromasentia.com\/es\/wp-json\/wp\/v2\/comments?post=242014"}],"version-history":[{"count":0,"href":"https:\/\/aromasentia.com\/es\/wp-json\/wp\/v2\/product\/242014\/revisions"}],"wp:featuredmedia":[{"embeddable":true,"href":"https:\/\/aromasentia.com\/es\/wp-json\/wp\/v2\/media\/270146"}],"wp:attachment":[{"href":"https:\/\/aromasentia.com\/es\/wp-json\/wp\/v2\/media?parent=242014"}],"wp:term":[{"taxonomy":"product_brand","embeddable":true,"href":"https:\/\/aromasentia.com\/es\/wp-json\/wp\/v2\/product_brand?post=242014"},{"taxonomy":"product_cat","embeddable":true,"href":"https:\/\/aromasentia.com\/es\/wp-json\/wp\/v2\/product_cat?post=242014"},{"taxonomy":"product_tag","embeddable":true,"href":"https:\/\/aromasentia.com\/es\/wp-json\/wp\/v2\/product_tag?post=242014"}],"curies":[{"name":"wp","href":"https:\/\/api.w.org\/{rel}","templated":true}]}}