{"id":242010,"date":"2025-03-20T15:19:48","date_gmt":"2025-03-20T15:19:48","guid":{"rendered":"https:\/\/aromasentia.com\/product\/30x-roll-on-essential-oil-blend-get-physical-unlabelled\/"},"modified":"2025-05-31T20:18:10","modified_gmt":"2025-05-31T20:18:10","slug":"30x-roll-on-mezcla-de-aceites-esenciales-get-physical-sin-etiqueta","status":"publish","type":"product","link":"https:\/\/aromasentia.com\/es\/30x-roll-on-mezcla-de-aceites-esenciales-get-physical-sin-etiqueta\/","title":{"rendered":"30x Roll On Mezcla de Aceites Esenciales &#8211; Get physical! &#8211; sin etiqueta"},"content":{"rendered":"<p>Energice su cuerpo y mente con este paquete de 30 Roll On Essential Oil Blend &#8211; Get Physical &#8211; UNLABELLED. Esta vigorizante mezcla est\u00e1 elaborada con aceites esenciales estimulantes dise\u00f1ados para aumentar la resistencia, motivar el movimiento y preparar los m\u00fasculos para la actividad. Perfecta para aplicar antes de entrenar o cuando necesite empezar el d\u00eda con energ\u00eda, su vibrante aroma despierta los sentidos. Cada pr\u00e1ctico roll-on est\u00e1 listo para su etiqueta privada, ofreciendo un impulso natural para un estilo de vida activo.<\/p>\n","protected":false},"excerpt":{"rendered":"<p>Energice su cuerpo y mente con este paquete de 30 Roll On Essential Oil Blend &#8211; Get Physical &#8211; UNLABELLED. Esta vigorizante mezcla est\u00e1 elaborada con aceites esenciales estimulantes dise\u00f1ados para aumentar la resistencia, motivar el movimiento y preparar los m\u00fasculos para la actividad. Perfecta para aplicar antes de entrenar o cuando necesite empezar el [&hellip;]<\/p>\n","protected":false},"featured_media":270121,"comment_status":"closed","ping_status":"open","template":"","meta":{"_angie_page":false},"product_brand":[27095],"product_cat":[23652,16460,26652],"product_tag":[],"class_list":{"0":"post-242010","1":"product","2":"type-product","3":"status-publish","4":"has-post-thumbnail","6":"product_brand-ancient-wisdom","7":"product_cat-aceites-esenciales","8":"product_cat-aromaterapia-y-fragancias-para-hogar","9":"product_cat-mezclas-aceites-esenciales","10":"pa_collection-unlabelled-roll-on-essential-oil-blends-es","11":"pa_made-in-reino-unido","13":"first","14":"instock","15":"purchasable","16":"product-type-simple"},"supplier_id":null,"supplier_sku":"ReblUL-04","barcode":null,"atum_controlled":true,"out_stock_date":null,"out_stock_threshold":null,"inheritable":false,"inbound_stock":null,"stock_on_hold":0,"sold_today":0,"sales_last_days":0,"reserved_stock":null,"customer_returns":null,"warehouse_damage":null,"lost_in_post":null,"other_logs":null,"out_stock_days":0,"lost_sales":0,"has_location":null,"update_date":"2026-04-27T07:19:36","atum_locations":[],"atum_stock_status":"instock","restock_status":false,"low_stock_amount":"","sales_update_date":"2025-09-05T00:18:35","calc_backorders":null,"_links":{"self":[{"href":"https:\/\/aromasentia.com\/es\/wp-json\/wp\/v2\/product\/242010","targetHints":{"allow":["GET"]}}],"collection":[{"href":"https:\/\/aromasentia.com\/es\/wp-json\/wp\/v2\/product"}],"about":[{"href":"https:\/\/aromasentia.com\/es\/wp-json\/wp\/v2\/types\/product"}],"replies":[{"embeddable":true,"href":"https:\/\/aromasentia.com\/es\/wp-json\/wp\/v2\/comments?post=242010"}],"version-history":[{"count":0,"href":"https:\/\/aromasentia.com\/es\/wp-json\/wp\/v2\/product\/242010\/revisions"}],"wp:featuredmedia":[{"embeddable":true,"href":"https:\/\/aromasentia.com\/es\/wp-json\/wp\/v2\/media\/270121"}],"wp:attachment":[{"href":"https:\/\/aromasentia.com\/es\/wp-json\/wp\/v2\/media?parent=242010"}],"wp:term":[{"taxonomy":"product_brand","embeddable":true,"href":"https:\/\/aromasentia.com\/es\/wp-json\/wp\/v2\/product_brand?post=242010"},{"taxonomy":"product_cat","embeddable":true,"href":"https:\/\/aromasentia.com\/es\/wp-json\/wp\/v2\/product_cat?post=242010"},{"taxonomy":"product_tag","embeddable":true,"href":"https:\/\/aromasentia.com\/es\/wp-json\/wp\/v2\/product_tag?post=242010"}],"curies":[{"name":"wp","href":"https:\/\/api.w.org\/{rel}","templated":true}]}}