{"id":242006,"date":"2025-03-20T15:19:48","date_gmt":"2025-03-20T15:19:48","guid":{"rendered":"https:\/\/aromasentia.com\/product\/30x-roll-on-essential-oil-blend-cheer-up-unlabelled\/"},"modified":"2025-05-31T20:18:07","modified_gmt":"2025-05-31T20:18:07","slug":"30x-roll-on-mezcla-de-aceites-esenciales-felicidad-sin-etiqueta","status":"publish","type":"product","link":"https:\/\/aromasentia.com\/es\/30x-roll-on-mezcla-de-aceites-esenciales-felicidad-sin-etiqueta\/","title":{"rendered":"30x Roll On Mezcla de Aceites Esenciales &#8211; \u00a1Felicidad! &#8211; sin etiqueta"},"content":{"rendered":"<p>Levanta el \u00e1nimo al instante con este paquete de 30 Roll On Essential Oil Blend &#8211; Cheer Up &#8211; UNLABELLED. Esta mezcla brillante y alegre contiene c\u00edtricos edificantes y aceites esenciales que levantan el \u00e1nimo, dise\u00f1ados para disipar la melancol\u00eda e inspirar positividad. Simplemente apl\u00edcalo en los puntos de pulso cuando necesites un estallido de felicidad o una perspectiva m\u00e1s optimista. Su alegre aroma te animar\u00e1 durante todo el d\u00eda. Este pr\u00e1ctico set de 30 roll-ons espera su marca personalizada para difundir la alegr\u00eda.<\/p>\n","protected":false},"excerpt":{"rendered":"<p>Levanta el \u00e1nimo al instante con este paquete de 30 Roll On Essential Oil Blend &#8211; Cheer Up &#8211; UNLABELLED. Esta mezcla brillante y alegre contiene c\u00edtricos edificantes y aceites esenciales que levantan el \u00e1nimo, dise\u00f1ados para disipar la melancol\u00eda e inspirar positividad. Simplemente apl\u00edcalo en los puntos de pulso cuando necesites un estallido de [&hellip;]<\/p>\n","protected":false},"featured_media":270096,"comment_status":"closed","ping_status":"open","template":"","meta":[],"product_brand":[27095],"product_cat":[23652,16460,26652],"product_tag":[],"class_list":{"0":"post-242006","1":"product","2":"type-product","3":"status-publish","4":"has-post-thumbnail","6":"product_brand-ancient-wisdom","7":"product_cat-aceites-esenciales","8":"product_cat-aromaterapia-y-fragancias-para-hogar","9":"product_cat-mezclas-aceites-esenciales","10":"pa_collection-unlabelled-roll-on-essential-oil-blends-es","11":"pa_made-in-reino-unido","13":"first","14":"instock","15":"purchasable","16":"product-type-simple"},"supplier_id":null,"supplier_sku":"ReblUL-03","barcode":null,"atum_controlled":true,"out_stock_date":null,"out_stock_threshold":null,"inheritable":false,"inbound_stock":null,"stock_on_hold":0,"sold_today":0,"sales_last_days":0,"reserved_stock":null,"customer_returns":null,"warehouse_damage":null,"lost_in_post":null,"other_logs":null,"out_stock_days":0,"lost_sales":0,"has_location":null,"update_date":"2026-01-30T01:26:38","atum_locations":[],"atum_stock_status":"instock","restock_status":false,"low_stock_amount":"","sales_update_date":"2026-01-30T01:26:38","calc_backorders":null,"_links":{"self":[{"href":"https:\/\/aromasentia.com\/es\/wp-json\/wp\/v2\/product\/242006","targetHints":{"allow":["GET"]}}],"collection":[{"href":"https:\/\/aromasentia.com\/es\/wp-json\/wp\/v2\/product"}],"about":[{"href":"https:\/\/aromasentia.com\/es\/wp-json\/wp\/v2\/types\/product"}],"replies":[{"embeddable":true,"href":"https:\/\/aromasentia.com\/es\/wp-json\/wp\/v2\/comments?post=242006"}],"version-history":[{"count":0,"href":"https:\/\/aromasentia.com\/es\/wp-json\/wp\/v2\/product\/242006\/revisions"}],"wp:featuredmedia":[{"embeddable":true,"href":"https:\/\/aromasentia.com\/es\/wp-json\/wp\/v2\/media\/270096"}],"wp:attachment":[{"href":"https:\/\/aromasentia.com\/es\/wp-json\/wp\/v2\/media?parent=242006"}],"wp:term":[{"taxonomy":"product_brand","embeddable":true,"href":"https:\/\/aromasentia.com\/es\/wp-json\/wp\/v2\/product_brand?post=242006"},{"taxonomy":"product_cat","embeddable":true,"href":"https:\/\/aromasentia.com\/es\/wp-json\/wp\/v2\/product_cat?post=242006"},{"taxonomy":"product_tag","embeddable":true,"href":"https:\/\/aromasentia.com\/es\/wp-json\/wp\/v2\/product_tag?post=242006"}],"curies":[{"name":"wp","href":"https:\/\/api.w.org\/{rel}","templated":true}]}}